{"id":60830,"date":"2025-01-07T05:02:32","date_gmt":"2025-01-07T05:02:32","guid":{"rendered":"https:\/\/e.kosmolat.eu\/product\/pharma-bio-lab-kiploku-samp-matu-stiprinas-un-augs-200-ml\/"},"modified":"2026-03-30T16:54:18","modified_gmt":"2026-03-30T16:54:18","slug":"pharma-bio-lab-kiploku-samp-matu-stiprinas-un-augs-200-ml","status":"publish","type":"product","link":"https:\/\/e.kosmolat.eu\/lt\/produktas\/pharma-bio-lab-kiploku-samp-matu-stiprinas-un-augs-200-ml\/","title":{"rendered":"PHARMA BIO LABORATORY \u0160amp\u016bnas su \u010desnakais plauk\u0173 stiprumui ir augimui, 200 ml"},"content":{"rendered":"<p>\u0160amp\u016bn\u0105 specialiai suk\u016br\u0117 Pharma BIO Laboratory ekspertai, kad \u0161velniai nuvalyt\u0173 galvos od\u0105 ir plaukus. Formul\u0117je yra vaistini\u0173 \u017eoleli\u0173 mi\u0161inys ir papildomai praturtintas galingu kompleksu CAPAUXEIN (Pranc\u016bzija), kuris skatina plauk\u0173 augim\u0105, stiprina plauk\u0173 strukt\u016br\u0105 ir didina j\u0173 gyvybingum\u0105, efektas stipresnis reguliariai naudojant kartu su \u010desnak\u0173 balzamu-kauke ir varnal\u0117\u0161\u0173 bioserumu 2 1 i\u0161 Pharma BIO laboratorijos.<\/p>\n<p>Naudojimas: U\u017etepkite nedidel\u012f kiek\u012f \u0161amp\u016bno ant dr\u0117gn\u0173 plauk\u0173, gerai suputokite, palikite 1-2 minutes. Nuplaukite vandeniu.<\/p>\n<p>Atsargumo priemon\u0117s: Tik i\u0161oriniam naudojimui. Patekus \u012f akis, gerai nuplauti vandeniu ir, jei reikia, kreiptis \u012f gydytoj\u0105.<\/p>\n<p>\u012esp\u0117jimas: Galimas individualus padid\u0117j\u0119s jautrumas komponentams. <\/p>\n<p>Geriausias: 24 m\u0117nesiai nuo pagaminimo datos.<\/p>\n<p>Laikyti nuo +5 iki +25\u00b0C temperat\u016broje, atokiau nuo tiesiogini\u0173 saul\u0117s spinduli\u0173. Laikyti bent 0,5 m atstumu nuo \u0161ildymo prietais\u0173.<\/p>\n","protected":false},"excerpt":{"rendered":"<p>\u0160amp\u016bn\u0105 specialiai suk\u016br\u0117 Pharma BIO Laboratory ekspertai, kad \u0161velniai nuvalyt\u0173 galvos od\u0105 ir plaukus. Formul\u0117je yra vaistini\u0173 \u017eoleli\u0173 mi\u0161inys ir papildomai praturtintas galingu kompleksu CAPAUXEIN (Pranc\u016bzija), kuris skatina plauk\u0173 augim\u0105, stiprina plauk\u0173 strukt\u016br\u0105 ir didina j\u0173 gyvybingum\u0105, efektas stipresnis reguliariai naudojant kartu su \u010desnak\u0173 balzamu-kauke ir varnal\u0117\u0161\u0173 bioserumu 2 1 i\u0161 Pharma BIO laboratorijos. Naudojimas: [&#8230;]\n","protected":false},"featured_media":93066,"template":"","meta":[],"product_cat":[1251],"product_tag":[],"class_list":{"0":"post-60830","1":"product","2":"type-product","3":"status-publish","4":"has-post-thumbnail","6":"product_brand-aljans-krasoti_ua-lt","7":"product_cat-sampunai","9":"first","10":"instock","11":"taxable","12":"shipping-taxable","13":"product-type-simple"},"_links":{"self":[{"href":"https:\/\/e.kosmolat.eu\/lt\/wp-json\/wp\/v2\/product\/60830","targetHints":{"allow":["GET"]}}],"collection":[{"href":"https:\/\/e.kosmolat.eu\/lt\/wp-json\/wp\/v2\/product"}],"about":[{"href":"https:\/\/e.kosmolat.eu\/lt\/wp-json\/wp\/v2\/types\/product"}],"wp:featuredmedia":[{"embeddable":true,"href":"https:\/\/e.kosmolat.eu\/lt\/wp-json\/wp\/v2\/media\/93066"}],"wp:attachment":[{"href":"https:\/\/e.kosmolat.eu\/lt\/wp-json\/wp\/v2\/media?parent=60830"}],"wp:term":[{"taxonomy":"product_cat","embeddable":true,"href":"https:\/\/e.kosmolat.eu\/lt\/wp-json\/wp\/v2\/product_cat?post=60830"},{"taxonomy":"product_tag","embeddable":true,"href":"https:\/\/e.kosmolat.eu\/lt\/wp-json\/wp\/v2\/product_tag?post=60830"}],"curies":[{"name":"wp","href":"https:\/\/api.w.org\/{rel}","templated":true}]}}