{"id":60780,"date":"2025-01-04T05:03:58","date_gmt":"2025-01-04T05:03:58","guid":{"rendered":"https:\/\/e.kosmolat.eu\/product\/iq-cosm-juras-sals-vannam-ar-ar-granatab-ekstr-un-vinogu-seklu-ellu-500-g\/"},"modified":"2026-03-31T13:55:59","modified_gmt":"2026-03-31T13:55:59","slug":"iq-cosm-juras-sals-vannam-ar-ar-granatab-ekstr-un-vinogu-seklu-ellu-500-g","status":"publish","type":"product","link":"https:\/\/e.kosmolat.eu\/lt\/produktas\/iq-cosm-juras-sals-vannam-ar-ar-granatab-ekstr-un-vinogu-seklu-ellu-500-g\/","title":{"rendered":"IQ-COSMETIC Vonios druska su granat\u0173 ekstraktu ir vynuogi\u0173 kaul. aliejumi, 500 g"},"content":{"rendered":"<p>Vonios su j\u016bros druska gerina sveikat\u0105, ma\u017eina raumen\u0173 \u012ftamp\u0105 ir hipertoni\u0161kum\u0105, turi sveikatai b\u016btin\u0173 mikro ir makroelement\u0173. Jodas teigiamai veikia endokrinin\u0117s ir nerv\u0173 sistemos veikl\u0105. Kalis, natris ir magnis padeda reguliuoti l\u0105steli\u0173 mityb\u0105 ir valym\u0105si, formuoja l\u0105steli\u0173 membranas ir perduoda nervinius impulsus.<\/p>\n<p>Naudojimas: 100-150 g (4-5 \u0161auk\u0161tus) druskos i\u0161tirpinkite \u0161ilto vandens vonel\u0117je (+37 \u00b0C). Kad poveikis b\u016bt\u0173 ry\u0161kesnis, vienoje vonioje rekomenduojama \u012fberti iki 250 g druskos. Atsipalaiduokite vonioje 15-20 minu\u010di\u0173. Po druskos vonios rekomenduojama nusiprausti po du\u0161u be muilo ir 30 minu\u010di\u0173 pails\u0117ti.<\/p>\n<p>Atsargumo priemon\u0117s: nenaudoti maistui. Patekus \u012f akis, nuplaukite jas vandeniu. Galimas padid\u0117j\u0119s individualus odos jautrumas atskiriems komponentams. Sud\u0117tyje yra vitamino A. prie\u0161 naudojim\u0105 atsi\u017evelgti \u012f paros doz\u0119.<\/p>\n<p>Laikymo s\u0105lygos: laikyti sausoje, vaikams ir gyv\u016bnams nepasiekiamoje vietoje, apsaugotoje nuo tiesiogini\u0173 saul\u0117s spinduli\u0173, 5\u00b0C \u2013 35\u00b0C temperat\u016broje. Po u\u017e\u0161alimo ir at\u0161ildymo produktas nepraranda savo savybi\u0173.<\/p>\n<p>Geriausias: 30 m\u0117nesi\u0173 nuo pagaminimo datos.<\/p>\n","protected":false},"excerpt":{"rendered":"<p>Vonios su j\u016bros druska gerina sveikat\u0105, ma\u017eina raumen\u0173 \u012ftamp\u0105 ir hipertoni\u0161kum\u0105, turi sveikatai b\u016btin\u0173 mikro ir makroelement\u0173. Jodas teigiamai veikia endokrinin\u0117s ir nerv\u0173 sistemos veikl\u0105. Kalis, natris ir magnis padeda reguliuoti l\u0105steli\u0173 mityb\u0105 ir valym\u0105si, formuoja l\u0105steli\u0173 membranas ir perduoda nervinius impulsus. Naudojimas: 100-150 g (4-5 \u0161auk\u0161tus) druskos i\u0161tirpinkite \u0161ilto vandens vonel\u0117je (+37 \u00b0C). Kad [&#8230;]\n","protected":false},"featured_media":99896,"template":"","meta":[],"product_cat":[2181],"product_tag":[],"class_list":{"0":"post-60780","1":"product","2":"type-product","3":"status-publish","4":"has-post-thumbnail","6":"product_brand-karapuz_ua-lt","7":"product_cat-bez-kategorijas-lt","9":"first","10":"instock","11":"taxable","12":"shipping-taxable","13":"product-type-simple"},"_links":{"self":[{"href":"https:\/\/e.kosmolat.eu\/lt\/wp-json\/wp\/v2\/product\/60780","targetHints":{"allow":["GET"]}}],"collection":[{"href":"https:\/\/e.kosmolat.eu\/lt\/wp-json\/wp\/v2\/product"}],"about":[{"href":"https:\/\/e.kosmolat.eu\/lt\/wp-json\/wp\/v2\/types\/product"}],"wp:featuredmedia":[{"embeddable":true,"href":"https:\/\/e.kosmolat.eu\/lt\/wp-json\/wp\/v2\/media\/99896"}],"wp:attachment":[{"href":"https:\/\/e.kosmolat.eu\/lt\/wp-json\/wp\/v2\/media?parent=60780"}],"wp:term":[{"taxonomy":"product_cat","embeddable":true,"href":"https:\/\/e.kosmolat.eu\/lt\/wp-json\/wp\/v2\/product_cat?post=60780"},{"taxonomy":"product_tag","embeddable":true,"href":"https:\/\/e.kosmolat.eu\/lt\/wp-json\/wp\/v2\/product_tag?post=60780"}],"curies":[{"name":"wp","href":"https:\/\/api.w.org\/{rel}","templated":true}]}}