{"id":60756,"date":"2025-01-04T05:03:04","date_gmt":"2025-01-04T05:03:04","guid":{"rendered":"https:\/\/e.kosmolat.eu\/product\/oblepikha-krems-roku-un-nagu-kops-ar-smiltserkski-un-klingeriti-275-ml\/"},"modified":"2026-04-01T14:31:17","modified_gmt":"2026-04-01T14:31:17","slug":"oblepikha-krems-roku-un-nagu-kops-ar-smiltserkski-un-klingeriti-275-ml","status":"publish","type":"product","link":"https:\/\/e.kosmolat.eu\/lt\/produktas\/oblepikha-krems-roku-un-nagu-kops-ar-smiltserkski-un-klingeriti-275-ml\/","title":{"rendered":"OBLEPIKHA Rank\u0173 ir nag\u0173 kremas su \u0161altalankiais ir medetkomis, 275 ml"},"content":{"rendered":"<p>Kremas yra lengvos tekst\u016bros ir greitai susigeria nepalikdamas riebios pl\u0117vel\u0117s.<\/p>\n<p>Naudojimas: Tepkite ant \u0161vari\u0173 rank\u0173 masa\u017euojamaisiais judesiais, atkreipdami d\u0117mes\u012f \u012f nag\u0173 plok\u0161teles. <\/p>\n<p>Atsargumo priemon\u0117s: Tik i\u0161oriniam naudojimui. Patekus \u012f akis, gerai nuplauti vandeniu ir, jei reikia, kreiptis \u012f gydytoj\u0105.<\/p>\n<p>\u012esp\u0117jimas: Galimas individualus padid\u0117j\u0119s jautrumas komponentams. Sud\u0117tyje yra vitamino A. Prie\u0161 vartojim\u0105 b\u016btina atsi\u017evelgti \u012f paros doz\u0119.<\/p>\n<p>Geriausias: 24 m\u0117nesiai nuo pagaminimo datos.<\/p>\n<p>Laikyti nuo +5 iki +25\u00b0C temperat\u016broje, atokiau nuo tiesiogini\u0173 saul\u0117s spinduli\u0173. Laikyti bent 0,5 m atstumu nuo \u0161ildymo prietais\u0173.<\/p>\n","protected":false},"excerpt":{"rendered":"<p>Kremas yra lengvos tekst\u016bros ir greitai susigeria nepalikdamas riebios pl\u0117vel\u0117s. Naudojimas: Tepkite ant \u0161vari\u0173 rank\u0173 masa\u017euojamaisiais judesiais, atkreipdami d\u0117mes\u012f \u012f nag\u0173 plok\u0161teles. Atsargumo priemon\u0117s: Tik i\u0161oriniam naudojimui. Patekus \u012f akis, gerai nuplauti vandeniu ir, jei reikia, kreiptis \u012f gydytoj\u0105. \u012esp\u0117jimas: Galimas individualus padid\u0117j\u0119s jautrumas komponentams. Sud\u0117tyje yra vitamino A. Prie\u0161 vartojim\u0105 b\u016btina atsi\u017evelgti \u012f paros [&#8230;]\n","protected":false},"featured_media":93062,"template":"","meta":[],"product_cat":[2181],"product_tag":[],"class_list":{"0":"post-60756","1":"product","2":"type-product","3":"status-publish","4":"has-post-thumbnail","6":"product_brand-aljans-krasoti_ua-lt","7":"product_cat-bez-kategorijas-lt","9":"first","10":"instock","11":"taxable","12":"shipping-taxable","13":"product-type-simple"},"_links":{"self":[{"href":"https:\/\/e.kosmolat.eu\/lt\/wp-json\/wp\/v2\/product\/60756","targetHints":{"allow":["GET"]}}],"collection":[{"href":"https:\/\/e.kosmolat.eu\/lt\/wp-json\/wp\/v2\/product"}],"about":[{"href":"https:\/\/e.kosmolat.eu\/lt\/wp-json\/wp\/v2\/types\/product"}],"wp:featuredmedia":[{"embeddable":true,"href":"https:\/\/e.kosmolat.eu\/lt\/wp-json\/wp\/v2\/media\/93062"}],"wp:attachment":[{"href":"https:\/\/e.kosmolat.eu\/lt\/wp-json\/wp\/v2\/media?parent=60756"}],"wp:term":[{"taxonomy":"product_cat","embeddable":true,"href":"https:\/\/e.kosmolat.eu\/lt\/wp-json\/wp\/v2\/product_cat?post=60756"},{"taxonomy":"product_tag","embeddable":true,"href":"https:\/\/e.kosmolat.eu\/lt\/wp-json\/wp\/v2\/product_tag?post=60756"}],"curies":[{"name":"wp","href":"https:\/\/api.w.org\/{rel}","templated":true}]}}