{"id":60748,"date":"2025-01-04T05:02:44","date_gmt":"2025-01-04T05:02:44","guid":{"rendered":"https:\/\/e.kosmolat.eu\/product\/oblepikha-roku-balz-ar-smiltserkski-un-kirbi-atjaun-un-baroj-275-ml\/"},"modified":"2026-04-23T11:30:31","modified_gmt":"2026-04-23T11:30:31","slug":"oblepikha-roku-balz-ar-smiltserkski-un-kirbi-atjaun-un-baroj-275-ml","status":"publish","type":"product","link":"https:\/\/e.kosmolat.eu\/lt\/produktas\/oblepikha-roku-balz-ar-smiltserkski-un-kirbi-atjaun-un-baroj-275-ml\/","title":{"rendered":"OBLEPIKHA Rank\u0173 balzamas su \u0161altalankiais ir moli\u016bgais Jauninantis ir maitinantis, 275 ml"},"content":{"rendered":"<p>\u0160velnus balzamas tolygiai pasiskirsto ir greitai \u012fsigeria, suteikdamas rank\u0173 odai \u0161velnumo ir komforto poj\u016bt\u012f. \u0160altalankiai maitina ir r\u016bpinasi rank\u0173 oda. Moli\u016bgai turi vitaminizuojant\u012f ir raminam\u0105j\u012f poveik\u012f, neleid\u017eia odai i\u0161saus\u0117ti.<\/p>\n<p>Naudojimas: Tepkite balzam\u0105 ant \u0161varios, sausos rank\u0173 odos.<\/p>\n<p>Atsargumo priemon\u0117s: Tik i\u0161oriniam naudojimui. Patekus \u012f akis, jas gerai i\u0161skalauti vandeniu. , jei reikia, kreipkit\u0117s \u012f gydytoj\u0105.<\/p>\n<p>\u012esp\u0117jimas: Galimas individualus padid\u0117j\u0119s jautrumas komponentams. Sud\u0117tyje yra vitamino A. Prie\u0161 vartojim\u0105 b\u016btina atsi\u017evelgti \u012f paros doz\u0119.<\/p>\n<p>Geriausias: 24 m\u0117nesiai nuo pagaminimo datos.<\/p>\n<p>Laikyti nuo +5 iki +25\u00b0C temperat\u016broje, atokiau nuo tiesiogini\u0173 saul\u0117s spinduli\u0173. Laikyti bent 0,5 m atstumu nuo \u0161ildymo prietais\u0173.<\/p>\n","protected":false},"excerpt":{"rendered":"<p>\u0160velnus balzamas tolygiai pasiskirsto ir greitai \u012fsigeria, suteikdamas rank\u0173 odai \u0161velnumo ir komforto poj\u016bt\u012f. \u0160altalankiai maitina ir r\u016bpinasi rank\u0173 oda. Moli\u016bgai turi vitaminizuojant\u012f ir raminam\u0105j\u012f poveik\u012f, neleid\u017eia odai i\u0161saus\u0117ti. Naudojimas: Tepkite balzam\u0105 ant \u0161varios, sausos rank\u0173 odos. Atsargumo priemon\u0117s: Tik i\u0161oriniam naudojimui. Patekus \u012f akis, jas gerai i\u0161skalauti vandeniu. , jei reikia, kreipkit\u0117s \u012f gydytoj\u0105. [&#8230;]\n","protected":false},"featured_media":93058,"template":"","meta":[],"product_cat":[1304],"product_tag":[],"class_list":{"0":"post-60748","1":"product","2":"type-product","3":"status-publish","4":"has-post-thumbnail","6":"product_brand-aljans-krasoti_ua-lt","7":"product_cat-ranku-prieziuros-kosmetika","9":"first","10":"instock","11":"taxable","12":"shipping-taxable","13":"product-type-simple"},"_links":{"self":[{"href":"https:\/\/e.kosmolat.eu\/lt\/wp-json\/wp\/v2\/product\/60748","targetHints":{"allow":["GET"]}}],"collection":[{"href":"https:\/\/e.kosmolat.eu\/lt\/wp-json\/wp\/v2\/product"}],"about":[{"href":"https:\/\/e.kosmolat.eu\/lt\/wp-json\/wp\/v2\/types\/product"}],"wp:featuredmedia":[{"embeddable":true,"href":"https:\/\/e.kosmolat.eu\/lt\/wp-json\/wp\/v2\/media\/93058"}],"wp:attachment":[{"href":"https:\/\/e.kosmolat.eu\/lt\/wp-json\/wp\/v2\/media?parent=60748"}],"wp:term":[{"taxonomy":"product_cat","embeddable":true,"href":"https:\/\/e.kosmolat.eu\/lt\/wp-json\/wp\/v2\/product_cat?post=60748"},{"taxonomy":"product_tag","embeddable":true,"href":"https:\/\/e.kosmolat.eu\/lt\/wp-json\/wp\/v2\/product_tag?post=60748"}],"curies":[{"name":"wp","href":"https:\/\/api.w.org\/{rel}","templated":true}]}}