{"id":60688,"date":"2025-01-02T13:51:07","date_gmt":"2025-01-02T13:51:07","guid":{"rendered":"https:\/\/e.kosmolat.eu\/?post_type=product&#038;p=60688"},"modified":"2026-04-23T11:30:15","modified_gmt":"2026-04-23T11:30:15","slug":"eov-kremziepes-ar-kokosr-ekstraktu-500-ml","status":"publish","type":"product","link":"https:\/\/e.kosmolat.eu\/lt\/produktas\/eov-kremziepes-ar-kokosr-ekstraktu-500-ml\/","title":{"rendered":"ENERGY OF VITAMINS Kreminis muilas su kokos\u0173 ekstraktu, 500 ml"},"content":{"rendered":"<p>Kreminis muilas su  kokos\u0173 ekstraktu \u0161velniai valo od\u0105<\/p>\n<p>Naudojimas: Ant dr\u0117gnos odos u\u017etepkite kremin\u012f muil\u0105. Supuutokite Nuplaukite vandeniu.<\/p>\n<p>Atsargumo priemon\u0117s: Tik i\u0161oriniam naudojimui. Patekus \u012f akis, gerai nuplauti vandeniu ir, jei reikia, kreiptis \u012f gydytoj\u0105. <\/p>\n<p>\u012esp\u0117jimas: Galimas individualus padid\u0117j\u0119s jautrumas komponentams. <\/p>\n<p>Geriausias: 30 m\u0117nesi\u0173 nuo pagaminimo datos.<\/p>\n<p>Laikyti nuo +5 iki +25\u00b0C temperat\u016broje, atokiau nuo tiesiogini\u0173 saul\u0117s spinduli\u0173. Laikyti bent 0,5 m atstumu nuo \u0161ildymo prietais\u0173.<\/p>\n","protected":false},"excerpt":{"rendered":"<p>Kreminis muilas su kokos\u0173 ekstraktu \u0161velniai valo od\u0105 Naudojimas: Ant dr\u0117gnos odos u\u017etepkite kremin\u012f muil\u0105. Supuutokite Nuplaukite vandeniu. Atsargumo priemon\u0117s: Tik i\u0161oriniam naudojimui. Patekus \u012f akis, gerai nuplauti vandeniu ir, jei reikia, kreiptis \u012f gydytoj\u0105. \u012esp\u0117jimas: Galimas individualus padid\u0117j\u0119s jautrumas komponentams. Geriausias: 30 m\u0117nesi\u0173 nuo pagaminimo datos. Laikyti nuo +5 iki +25\u00b0C temperat\u016broje, atokiau nuo [&#8230;]\n","protected":false},"featured_media":93054,"template":"","meta":[],"product_cat":[1748],"product_tag":[],"class_list":{"0":"post-60688","1":"product","2":"type-product","3":"status-publish","4":"has-post-thumbnail","6":"product_brand-aljans-krasoti_ua-lt","7":"product_cat-skystas-muilas","9":"first","10":"instock","11":"taxable","12":"shipping-taxable","13":"product-type-simple"},"_links":{"self":[{"href":"https:\/\/e.kosmolat.eu\/lt\/wp-json\/wp\/v2\/product\/60688","targetHints":{"allow":["GET"]}}],"collection":[{"href":"https:\/\/e.kosmolat.eu\/lt\/wp-json\/wp\/v2\/product"}],"about":[{"href":"https:\/\/e.kosmolat.eu\/lt\/wp-json\/wp\/v2\/types\/product"}],"wp:featuredmedia":[{"embeddable":true,"href":"https:\/\/e.kosmolat.eu\/lt\/wp-json\/wp\/v2\/media\/93054"}],"wp:attachment":[{"href":"https:\/\/e.kosmolat.eu\/lt\/wp-json\/wp\/v2\/media?parent=60688"}],"wp:term":[{"taxonomy":"product_cat","embeddable":true,"href":"https:\/\/e.kosmolat.eu\/lt\/wp-json\/wp\/v2\/product_cat?post=60688"},{"taxonomy":"product_tag","embeddable":true,"href":"https:\/\/e.kosmolat.eu\/lt\/wp-json\/wp\/v2\/product_tag?post=60688"}],"curies":[{"name":"wp","href":"https:\/\/api.w.org\/{rel}","templated":true}]}}