{"id":60538,"date":"2024-12-20T05:02:32","date_gmt":"2024-12-20T05:02:32","guid":{"rendered":"https:\/\/e.kosmolat.eu\/product\/skinlite-hialuronskabes-komplekts-5-produkti-triskarss-mitrinasanas-speks\/"},"modified":"2025-09-22T12:08:23","modified_gmt":"2025-09-22T12:08:23","slug":"i_skinlite-hialuronskabes-komplekts-5-produkti-triskarss-mitrinasanas-speks","status":"publish","type":"product","link":"https:\/\/e.kosmolat.eu\/lt\/produktas\/i_skinlite-hialuronskabes-komplekts-5-produkti-triskarss-mitrinasanas-speks\/","title":{"rendered":"I_SKINLITE Hialuronas Rinkinys, 5 produktai Triguba dr\u0117kinimo galia"},"content":{"rendered":"<p>Rinkinys<\/p>\n<p>1. Veido kremas Hyaluronic acid x3<\/p>\n<p>Naudojimas: nedidel\u012f kiek\u012f kremo u\u017etepkite ant \u0161varios veido odos.<\/p>\n<p>2. Kauk\u0117 aplink akis Hyaluronic acid x3<\/p>\n<p>Naudojimas: 1. Nuvalykite veid\u0105. Atidarykite pakuot\u0119 ir i\u0161imkite kauk\u0119. 2. \u0160velniai u\u017ed\u0117kite kauk\u0119 paaki\u0173 srityje ir paskleiskite pir\u0161t\u0173 galiukais, palikite 20-25 min. 3. Tada nuimkite kauk\u0119, \u0161velniai tap\u0161nodami paskleiskite likusi\u0105 kauk\u0117s  dal\u012f. Nenuplaukite.. Kad poveikis b\u016bt\u0173 geriausias, prie\u0161 naudojim\u0105 palaikykite 15 minu\u010di\u0173 \u0161aldytuve.<\/p>\n<p>3. Gelin\u0117s aki\u0173 pagalv\u0117l\u0117s Hyaluronic acidx3<\/p>\n<p>Naudojimas: 1. Kruop\u0161\u010diai nuplaukite ir nusausinkite veid\u0105. 2. Nuimkite apsaugines pl\u0117veles nuo pagalv\u0117li\u0173. 3. U\u017ed\u0117kite pagalv\u0117les ant paaki\u0173 srities, blizgia puse \u012f veid\u0105. 4. Laikykite ant veido 30 minu\u010di\u0173. 5. Atsargiai nulupkite pagalv\u0117les, pradedant nuo kra\u0161t\u0173. Sud\u0117tyje yra vitamino A. Prie\u0161 naudojant atsi\u017evelgti \u012f paros doz\u0119.<\/p>\n<p>4. Med\u017eiagin\u0117s aki\u0173 pagalv\u0117l\u0117s Hyaluronic acidx3<\/p>\n<p>Naudojimas: 1. Kruop\u0161\u010diai nuplaukite ir nusausinkite veid\u0105. 2. U\u017ed\u0117kite pagalv\u0117les paaki\u0173 srityje. 3. Palikite  15\u201320 minu\u010di\u0173, tada nuimkite. 4. \u012esitikinkite, kad pakuot\u0117 yra sandariai u\u017edaryta. * Nor\u0117dami gauti geriausi\u0105 efekt\u0105, prie\u0161 naudodami pakuot\u0119 \u012fd\u0117kite \u012f \u0161aldytuv\u0105 15 minu\u010di\u0173.<\/p>\n<p>5. Veido kauk\u0117 Hyaluronic acidx3<\/p>\n<p>Naudojimas: 1. Nuvalykite veid\u0105. 2. Atsargiai i\u0161imkite ir i\u0161vyniokite kauk\u0119, tolygiai paskirstykite j\u0105 ant veido ir palikite 20-25 min. 3. Tada nuimkite kauk\u0119, glostymo judesiais \u0161velniai patap\u0161nojant paskirstykite likusi\u0105 kompozicij\u0105. Nenuplaukite.<\/p>\n<p>Atsargumo priemon\u0117s: 1. Nenaudoti ant pa\u017eeistos, sudirgusios odos. 2. Nenaudokite, jei esate jautr\u016bs bet kuriai sudedamajai daliai. Jei atsiranda paraudimas ar sudirginimas, nutraukite naudojim\u0105 ir kreipkit\u0117s \u012f gydytoj\u0105. 3. Venkite patekimo \u012f akis. Patekus \u012f akis, praplauti vandeniu. 4. Laikyti vaikams nepasiekiamoje vietoje nuo 0\u00b0C iki 25\u00b0C temperat\u016broje. 5. Venkite tiesiogini\u0173 saul\u0117s spinduli\u0173. Atidarius pakuot\u0119 rekomenduojama laikyti \u0161aldytuve. 6. Tik i\u0161oriniam naudojimui. Nenuryti!<\/p>\n","protected":false},"excerpt":{"rendered":"<p>Rinkinys 1. Veido kremas Hyaluronic acid x3 Naudojimas: nedidel\u012f kiek\u012f kremo u\u017etepkite ant \u0161varios veido odos. 2. Kauk\u0117 aplink akis Hyaluronic acid x3 Naudojimas: 1. Nuvalykite veid\u0105. Atidarykite pakuot\u0119 ir i\u0161imkite kauk\u0119. 2. \u0160velniai u\u017ed\u0117kite kauk\u0119 paaki\u0173 srityje ir paskleiskite pir\u0161t\u0173 galiukais, palikite 20-25 min. 3. Tada nuimkite kauk\u0119, \u0161velniai tap\u0161nodami paskleiskite likusi\u0105 kauk\u0117s dal\u012f. [&#8230;]\n","protected":false},"featured_media":96468,"template":"","meta":[],"product_cat":[1855],"product_tag":[],"class_list":{"0":"post-60538","1":"product","2":"type-product","3":"status-publish","4":"has-post-thumbnail","6":"product_brand-skinlite-lt","7":"product_cat-dovanu-rinkiniai-moterim","9":"first","10":"instock","11":"taxable","12":"shipping-taxable","13":"product-type-simple"},"_links":{"self":[{"href":"https:\/\/e.kosmolat.eu\/lt\/wp-json\/wp\/v2\/product\/60538","targetHints":{"allow":["GET"]}}],"collection":[{"href":"https:\/\/e.kosmolat.eu\/lt\/wp-json\/wp\/v2\/product"}],"about":[{"href":"https:\/\/e.kosmolat.eu\/lt\/wp-json\/wp\/v2\/types\/product"}],"wp:featuredmedia":[{"embeddable":true,"href":"https:\/\/e.kosmolat.eu\/lt\/wp-json\/wp\/v2\/media\/96468"}],"wp:attachment":[{"href":"https:\/\/e.kosmolat.eu\/lt\/wp-json\/wp\/v2\/media?parent=60538"}],"wp:term":[{"taxonomy":"product_cat","embeddable":true,"href":"https:\/\/e.kosmolat.eu\/lt\/wp-json\/wp\/v2\/product_cat?post=60538"},{"taxonomy":"product_tag","embeddable":true,"href":"https:\/\/e.kosmolat.eu\/lt\/wp-json\/wp\/v2\/product_tag?post=60538"}],"curies":[{"name":"wp","href":"https:\/\/api.w.org\/{rel}","templated":true}]}}