{"id":60530,"date":"2024-12-20T05:00:43","date_gmt":"2024-12-20T05:00:43","guid":{"rendered":"https:\/\/e.kosmolat.eu\/product\/spkrug-no-141-travmostop-kosmetiskais-kermena-krems-balzams-100-ml\/"},"modified":"2026-04-22T11:45:29","modified_gmt":"2026-04-22T11:45:29","slug":"spkrug-no-141-travmostop-kosmetiskais-kermena-krems-balzams-100-ml","status":"publish","type":"product","link":"https:\/\/e.kosmolat.eu\/lt\/produktas\/spkrug-no-141-travmostop-kosmetiskais-kermena-krems-balzams-100-ml\/","title":{"rendered":"SPASATELNIJ KRUG No 141 Travmostop k\u016bno kremas-balzamas, 100 ml"},"content":{"rendered":"<p>Itin efektyvus produktas, sukurtas nat\u016brali\u0173 biologi\u0161kai aktyvi\u0173 komponent\u0173 pagrindu, rekomenduojamas greitam ir efektyviam sumu\u0161im\u0173, patempim\u0173 ir m\u0117lyni\u0173 \u0161alinimui.<\/p>\n<p>Kremo veikli\u0173j\u0173 komponent\u0173 vertingos  savyb\u0117s prisideda prie atstatymo, mikrocirkuliacijos gerinimo, patinimo ir diskomforto ma\u017einimo. Pagerina odos b\u016bkl\u0119, suteikia teigiam\u0105 tonizuojant\u012f poveik\u012f.<\/p>\n<p>Aktyv\u016bs komponentai:<br \/>\n\u2022 Arnik\u0173 ekstraktas \u2013 turi prie\u0161u\u017edegimin\u012f poveik\u012f.<br \/>\n\u2022 Badiaga ekstraktas \u2013 turi ry\u0161k\u0173 sugeriam\u0105j\u012f poveik\u012f.<br \/>\n\u2022 Adomo \u0161akn\u0173 ekstraktas yra gerai \u017einomas vaistinis augalas tradicin\u0117je Kaukazo medicinoje. Turi gydom\u0105j\u012f, prie\u0161u\u017edegimin\u012f ir atkuriam\u0105j\u012f poveik\u012f.<br \/>\n\u2022 Pu\u0161\u0173 aliejus yra nat\u016bralus antiseptikas, turi raminan\u010di\u0173 savybi\u0173, padeda didinti audini\u0173 stangrum\u0105 ir elastingum\u0105.<br \/>\n\u2022 Mumijo \u2013 padeda pagreitinti sveikimo procesus.<\/p>\n<p>Naudojimo instrukcija: \u012etrinkite \u012f problemines vietas masa\u017eo judesiais, kol visi\u0161kai \u012fsigers. Vengti patekimo \u012f akis ir gleivines. Nenaudoti ant pa\u017eeistos odos.<\/p>\n<p>Kontraindikacijos: individualus komponent\u0173 netoleravimas.<\/p>\n","protected":false},"excerpt":{"rendered":"<p>Itin efektyvus produktas, sukurtas nat\u016brali\u0173 biologi\u0161kai aktyvi\u0173 komponent\u0173 pagrindu, rekomenduojamas greitam ir efektyviam sumu\u0161im\u0173, patempim\u0173 ir m\u0117lyni\u0173 \u0161alinimui. Kremo veikli\u0173j\u0173 komponent\u0173 vertingos savyb\u0117s prisideda prie atstatymo, mikrocirkuliacijos gerinimo, patinimo ir diskomforto ma\u017einimo. Pagerina odos b\u016bkl\u0119, suteikia teigiam\u0105 tonizuojant\u012f poveik\u012f. Aktyv\u016bs komponentai: \u2022 Arnik\u0173 ekstraktas \u2013 turi prie\u0161u\u017edegimin\u012f poveik\u012f. \u2022 Badiaga ekstraktas \u2013 turi ry\u0161k\u0173 sugeriam\u0105j\u012f [&#8230;]\n","protected":false},"featured_media":96432,"template":"","meta":[],"product_cat":[2181],"product_tag":[],"class_list":{"0":"post-60530","1":"product","2":"type-product","3":"status-publish","4":"has-post-thumbnail","6":"product_brand-elpis-lt","7":"product_cat-bez-kategorijas-lt","9":"first","10":"instock","11":"taxable","12":"shipping-taxable","13":"product-type-simple"},"_links":{"self":[{"href":"https:\/\/e.kosmolat.eu\/lt\/wp-json\/wp\/v2\/product\/60530","targetHints":{"allow":["GET"]}}],"collection":[{"href":"https:\/\/e.kosmolat.eu\/lt\/wp-json\/wp\/v2\/product"}],"about":[{"href":"https:\/\/e.kosmolat.eu\/lt\/wp-json\/wp\/v2\/types\/product"}],"wp:featuredmedia":[{"embeddable":true,"href":"https:\/\/e.kosmolat.eu\/lt\/wp-json\/wp\/v2\/media\/96432"}],"wp:attachment":[{"href":"https:\/\/e.kosmolat.eu\/lt\/wp-json\/wp\/v2\/media?parent=60530"}],"wp:term":[{"taxonomy":"product_cat","embeddable":true,"href":"https:\/\/e.kosmolat.eu\/lt\/wp-json\/wp\/v2\/product_cat?post=60530"},{"taxonomy":"product_tag","embeddable":true,"href":"https:\/\/e.kosmolat.eu\/lt\/wp-json\/wp\/v2\/product_tag?post=60530"}],"curies":[{"name":"wp","href":"https:\/\/api.w.org\/{rel}","templated":true}]}}