{"id":60518,"date":"2024-12-19T14:09:10","date_gmt":"2024-12-19T14:09:10","guid":{"rendered":"https:\/\/e.kosmolat.eu\/product\/viorica-essentielle-concentrated-bath-foam-400-ml\/"},"modified":"2026-04-10T06:45:53","modified_gmt":"2026-04-10T06:45:53","slug":"viorica-essentielle-koncentr-vannas-putas-400-ml","status":"publish","type":"product","link":"https:\/\/e.kosmolat.eu\/lt\/produktas\/viorica-essentielle-koncentr-vannas-putas-400-ml\/","title":{"rendered":"VIORICA ESSENTIELLE Koncentruotos putos voniai, 400 ml"},"content":{"rendered":"<p>Putos praturtintos  pa\u010diuli\u0173, kopaib\u0173, apelsin\u0173 ir kalendr\u0173 eteriniais aliejais, maudym\u0105s\u012f pavers j\u016bs\u0173 m\u0117gstamu ritualu. Saldus medienos aromatas su pikanti\u0161komis natomis sugr\u0105\u017eins vidin\u0119 harmonij\u0105, o 5 mineral\u0173 derinys dr\u0117kins ir mink\u0161tins od\u0105, skatindamas l\u0105steli\u0173 atsinaujinim\u0105. <\/p>\n<p>Naudojimas: u\u017epilkite nedidel\u012f kiek\u012f produkto po tekan\u010diu \u0161iltu vandeniu, kad susidaryt\u0173 putos. <\/p>\n<p>Saugoti nuo +5 \u00b0C iki +25 \u00b0C temperat\u016broje, atokiai nuo tiesiogini\u0173 saul\u0117s spinduli\u0173. <\/p>\n<p>Geriausias: 36 m\u0117nesiai nuo pagaminimo datos.<\/p>\n","protected":false},"excerpt":{"rendered":"<p>Putos praturtintos pa\u010diuli\u0173, kopaib\u0173, apelsin\u0173 ir kalendr\u0173 eteriniais aliejais, maudym\u0105s\u012f pavers j\u016bs\u0173 m\u0117gstamu ritualu. Saldus medienos aromatas su pikanti\u0161komis natomis sugr\u0105\u017eins vidin\u0119 harmonij\u0105, o 5 mineral\u0173 derinys dr\u0117kins ir mink\u0161tins od\u0105, skatindamas l\u0105steli\u0173 atsinaujinim\u0105. Naudojimas: u\u017epilkite nedidel\u012f kiek\u012f produkto po tekan\u010diu \u0161iltu vandeniu, kad susidaryt\u0173 putos. Saugoti nuo +5 \u00b0C iki +25 \u00b0C temperat\u016broje, atokiai [&#8230;]\n","protected":false},"featured_media":100993,"template":"","meta":[],"product_cat":[1612],"product_tag":[],"class_list":{"0":"post-60518","1":"product","2":"type-product","3":"status-publish","4":"has-post-thumbnail","6":"product_brand-viorica-cosmeplant_bg-lt","7":"product_cat-putos-druska-vonios-bombos","9":"first","10":"instock","11":"taxable","12":"shipping-taxable","13":"product-type-simple"},"_links":{"self":[{"href":"https:\/\/e.kosmolat.eu\/lt\/wp-json\/wp\/v2\/product\/60518","targetHints":{"allow":["GET"]}}],"collection":[{"href":"https:\/\/e.kosmolat.eu\/lt\/wp-json\/wp\/v2\/product"}],"about":[{"href":"https:\/\/e.kosmolat.eu\/lt\/wp-json\/wp\/v2\/types\/product"}],"wp:featuredmedia":[{"embeddable":true,"href":"https:\/\/e.kosmolat.eu\/lt\/wp-json\/wp\/v2\/media\/100993"}],"wp:attachment":[{"href":"https:\/\/e.kosmolat.eu\/lt\/wp-json\/wp\/v2\/media?parent=60518"}],"wp:term":[{"taxonomy":"product_cat","embeddable":true,"href":"https:\/\/e.kosmolat.eu\/lt\/wp-json\/wp\/v2\/product_cat?post=60518"},{"taxonomy":"product_tag","embeddable":true,"href":"https:\/\/e.kosmolat.eu\/lt\/wp-json\/wp\/v2\/product_tag?post=60518"}],"curies":[{"name":"wp","href":"https:\/\/api.w.org\/{rel}","templated":true}]}}