{"id":60514,"date":"2024-12-19T13:52:01","date_gmt":"2024-12-19T13:52:01","guid":{"rendered":"https:\/\/e.kosmolat.eu\/product\/viorica-essentielle-bath-salt-1000-ml\/"},"modified":"2026-04-13T13:16:31","modified_gmt":"2026-04-13T13:16:31","slug":"viorica-essentielle-vannas-sals-ar-apels-mizas-un-paculijas-arom-1-kg","status":"publish","type":"product","link":"https:\/\/e.kosmolat.eu\/lt\/produktas\/viorica-essentielle-vannas-sals-ar-apels-mizas-un-paculijas-arom-1-kg\/","title":{"rendered":"VIORICA ESSENTIELLE Vonios druska su apelsin\u0173 \u017eieveli\u0173 ir pa\u010diuli\u0173 aromatu, 1000 g"},"content":{"rendered":"<p>J\u016bros druska pavers j\u016bs\u0173 vonios kambar\u012f tikra malonumo oaze. Mineralai \u0161velniai atpalaiduos k\u016bn\u0105, o pa\u010diuli\u0173 ir apelsin\u0173 eteriniai aliejai suteiks odai nepamir\u0161tam\u0105 malonum\u0105. Jausmingas kristal\u0173 aromatas nuves jus \u012f magi\u0161k\u0105 kelion\u0119 \u012f egzoti\u0161kas \u0161alis ir j\u0173 rojaus sodus. <\/p>\n<p>Naudojimas: i\u0161tirpinkite 100 g (4-5 \u0161auk\u0161tus) druskos \u0161iltame vandenyje. Maudytis 10-20 minu\u010di\u0173 vandens temperat\u016broje nuo +35 \u00b0C iki +39 \u00b0C. Saugoti nuo +5 \u00b0C iki +25 \u00b0C temperat\u016broje, atokiai nuo tiesiogini\u0173 saul\u0117s spinduli\u0173. <\/p>\n<p>Geriausias: 36 m\u0117nesiai nuo pagaminimo datos.<\/p>\n","protected":false},"excerpt":{"rendered":"<p>J\u016bros druska pavers j\u016bs\u0173 vonios kambar\u012f tikra malonumo oaze. Mineralai \u0161velniai atpalaiduos k\u016bn\u0105, o pa\u010diuli\u0173 ir apelsin\u0173 eteriniai aliejai suteiks odai nepamir\u0161tam\u0105 malonum\u0105. Jausmingas kristal\u0173 aromatas nuves jus \u012f magi\u0161k\u0105 kelion\u0119 \u012f egzoti\u0161kas \u0161alis ir j\u0173 rojaus sodus. Naudojimas: i\u0161tirpinkite 100 g (4-5 \u0161auk\u0161tus) druskos \u0161iltame vandenyje. Maudytis 10-20 minu\u010di\u0173 vandens temperat\u016broje nuo +35 \u00b0C [&#8230;]\n","protected":false},"featured_media":102267,"template":"","meta":[],"product_cat":[2181],"product_tag":[],"class_list":{"0":"post-60514","1":"product","2":"type-product","3":"status-publish","4":"has-post-thumbnail","6":"product_brand-viorica-cosmeplant_bg-lt","7":"product_cat-bez-kategorijas-lt","9":"first","10":"outofstock","11":"taxable","12":"shipping-taxable","13":"product-type-simple"},"_links":{"self":[{"href":"https:\/\/e.kosmolat.eu\/lt\/wp-json\/wp\/v2\/product\/60514","targetHints":{"allow":["GET"]}}],"collection":[{"href":"https:\/\/e.kosmolat.eu\/lt\/wp-json\/wp\/v2\/product"}],"about":[{"href":"https:\/\/e.kosmolat.eu\/lt\/wp-json\/wp\/v2\/types\/product"}],"wp:featuredmedia":[{"embeddable":true,"href":"https:\/\/e.kosmolat.eu\/lt\/wp-json\/wp\/v2\/media\/102267"}],"wp:attachment":[{"href":"https:\/\/e.kosmolat.eu\/lt\/wp-json\/wp\/v2\/media?parent=60514"}],"wp:term":[{"taxonomy":"product_cat","embeddable":true,"href":"https:\/\/e.kosmolat.eu\/lt\/wp-json\/wp\/v2\/product_cat?post=60514"},{"taxonomy":"product_tag","embeddable":true,"href":"https:\/\/e.kosmolat.eu\/lt\/wp-json\/wp\/v2\/product_tag?post=60514"}],"curies":[{"name":"wp","href":"https:\/\/api.w.org\/{rel}","templated":true}]}}