{"id":60510,"date":"2024-12-19T13:21:03","date_gmt":"2024-12-19T13:21:03","guid":{"rendered":"https:\/\/e.kosmolat.eu\/product\/viorica-liliac-angelic-elixir-floral-perfume-for-women-60-ml\/"},"modified":"2026-04-22T13:40:15","modified_gmt":"2026-04-22T13:40:15","slug":"viorica-parfim-udens-siev-liliac-angelic-60-ml","status":"publish","type":"product","link":"https:\/\/e.kosmolat.eu\/lt\/produktas\/viorica-parfim-udens-siev-liliac-angelic-60-ml\/","title":{"rendered":"VIORICA Elixir Floral Parfumuotas vanduo Liliac Angelic mot. 60 ml"},"content":{"rendered":"<p>Saugoti nuo +5\u00b0\u0421 iki +25\u00b0\u0421, saugoti nuo tiesiogini\u0173 saul\u0117s spinduli\u0173 ir \u0161ilumos \u0161altini\u0173. <\/p>\n<p>Atsargumo priemon\u0117s: tik i\u0161oriniam naudojimui. Vengti patekimo \u012f akis. Laikyti vaikams nepasiekiamoje vietoje. <\/p>\n<p>\u012eSP\u0116JIMAS: Degus skystis. Nepurk\u0161kite \u0161alia atviros liepsnos ir kar\u0161t\u0173 daikt\u0173. <\/p>\n<p>Etilo alkoholio t\u016brin\u0117 dalis: 82 % t\u016brio.<\/p>\n","protected":false},"excerpt":{"rendered":"<p>Saugoti nuo +5\u00b0\u0421 iki +25\u00b0\u0421, saugoti nuo tiesiogini\u0173 saul\u0117s spinduli\u0173 ir \u0161ilumos \u0161altini\u0173. Atsargumo priemon\u0117s: tik i\u0161oriniam naudojimui. Vengti patekimo \u012f akis. Laikyti vaikams nepasiekiamoje vietoje. \u012eSP\u0116JIMAS: Degus skystis. Nepurk\u0161kite \u0161alia atviros liepsnos ir kar\u0161t\u0173 daikt\u0173. Etilo alkoholio t\u016brin\u0117 dalis: 82 % t\u016brio.<\/p>\n","protected":false},"featured_media":103071,"template":"","meta":[],"product_cat":[2181],"product_tag":[],"class_list":{"0":"post-60510","1":"product","2":"type-product","3":"status-publish","4":"has-post-thumbnail","6":"product_brand-viorica-cosmeplant_bg-lt","7":"product_cat-bez-kategorijas-lt","9":"first","10":"outofstock","11":"taxable","12":"shipping-taxable","13":"product-type-simple"},"_links":{"self":[{"href":"https:\/\/e.kosmolat.eu\/lt\/wp-json\/wp\/v2\/product\/60510","targetHints":{"allow":["GET"]}}],"collection":[{"href":"https:\/\/e.kosmolat.eu\/lt\/wp-json\/wp\/v2\/product"}],"about":[{"href":"https:\/\/e.kosmolat.eu\/lt\/wp-json\/wp\/v2\/types\/product"}],"wp:featuredmedia":[{"embeddable":true,"href":"https:\/\/e.kosmolat.eu\/lt\/wp-json\/wp\/v2\/media\/103071"}],"wp:attachment":[{"href":"https:\/\/e.kosmolat.eu\/lt\/wp-json\/wp\/v2\/media?parent=60510"}],"wp:term":[{"taxonomy":"product_cat","embeddable":true,"href":"https:\/\/e.kosmolat.eu\/lt\/wp-json\/wp\/v2\/product_cat?post=60510"},{"taxonomy":"product_tag","embeddable":true,"href":"https:\/\/e.kosmolat.eu\/lt\/wp-json\/wp\/v2\/product_tag?post=60510"}],"curies":[{"name":"wp","href":"https:\/\/api.w.org\/{rel}","templated":true}]}}