{"id":60506,"date":"2024-12-19T13:06:51","date_gmt":"2024-12-19T13:06:51","guid":{"rendered":"https:\/\/e.kosmolat.eu\/product\/viorica-lacramioara-alba-elixir-floral-perfume-for-women-60-ml\/"},"modified":"2026-04-10T06:45:24","modified_gmt":"2026-04-10T06:45:24","slug":"viorica-parfim-udens-siev-white-lily-of-the-valley-60-ml","status":"publish","type":"product","link":"https:\/\/e.kosmolat.eu\/lt\/produktas\/viorica-parfim-udens-siev-white-lily-of-the-valley-60-ml\/","title":{"rendered":"VIORICA Elixir Floral Parfumuotas vanduo  White Lily of the Valley mot. 60 ml"},"content":{"rendered":"<p>Saugoti nuo +5\u00b0\u0421 iki +25\u00b0\u0421, saugoti nuo tiesiogini\u0173 saul\u0117s spinduli\u0173 ir \u0161ilumos \u0161altini\u0173. <\/p>\n<p>Atsargumo priemon\u0117s: tik i\u0161oriniam naudojimui. Vengti patekimo \u012f akis. Laikyti vaikams nepasiekiamoje vietoje. \u012e<\/p>\n<p>\u012eSP\u0116JIMAS: Degus skystis. Nepurk\u0161kite \u0161alia atviros liepsnos ir kar\u0161t\u0173 daikt\u0173. <\/p>\n<p>Etilo alkoholio t\u016brin\u0117 dalis: 82 % t\u016brio.<\/p>\n","protected":false},"excerpt":{"rendered":"<p>Saugoti nuo +5\u00b0\u0421 iki +25\u00b0\u0421, saugoti nuo tiesiogini\u0173 saul\u0117s spinduli\u0173 ir \u0161ilumos \u0161altini\u0173. Atsargumo priemon\u0117s: tik i\u0161oriniam naudojimui. Vengti patekimo \u012f akis. Laikyti vaikams nepasiekiamoje vietoje. \u012e \u012eSP\u0116JIMAS: Degus skystis. Nepurk\u0161kite \u0161alia atviros liepsnos ir kar\u0161t\u0173 daikt\u0173. Etilo alkoholio t\u016brin\u0117 dalis: 82 % t\u016brio.<\/p>\n","protected":false},"featured_media":103079,"template":"","meta":[],"product_cat":[1447],"product_tag":[],"class_list":{"0":"post-60506","1":"product","2":"type-product","3":"status-publish","4":"has-post-thumbnail","6":"product_brand-viorica-cosmeplant_bg-lt","7":"product_cat-kvepalai-ir-tualetinis-vanduo-moterims","9":"first","10":"instock","11":"taxable","12":"shipping-taxable","13":"product-type-simple"},"_links":{"self":[{"href":"https:\/\/e.kosmolat.eu\/lt\/wp-json\/wp\/v2\/product\/60506","targetHints":{"allow":["GET"]}}],"collection":[{"href":"https:\/\/e.kosmolat.eu\/lt\/wp-json\/wp\/v2\/product"}],"about":[{"href":"https:\/\/e.kosmolat.eu\/lt\/wp-json\/wp\/v2\/types\/product"}],"wp:featuredmedia":[{"embeddable":true,"href":"https:\/\/e.kosmolat.eu\/lt\/wp-json\/wp\/v2\/media\/103079"}],"wp:attachment":[{"href":"https:\/\/e.kosmolat.eu\/lt\/wp-json\/wp\/v2\/media?parent=60506"}],"wp:term":[{"taxonomy":"product_cat","embeddable":true,"href":"https:\/\/e.kosmolat.eu\/lt\/wp-json\/wp\/v2\/product_cat?post=60506"},{"taxonomy":"product_tag","embeddable":true,"href":"https:\/\/e.kosmolat.eu\/lt\/wp-json\/wp\/v2\/product_tag?post=60506"}],"curies":[{"name":"wp","href":"https:\/\/api.w.org\/{rel}","templated":true}]}}