{"id":60494,"date":"2024-12-19T05:05:46","date_gmt":"2024-12-19T05:05:46","guid":{"rendered":"https:\/\/e.kosmolat.eu\/product\/gp-strutene-un-liepziedi-roku-kops-kompl-roku-kr-100-ml-skidr-ziepes-460-ml\/"},"modified":"2026-04-14T10:49:18","modified_gmt":"2026-04-14T10:49:18","slug":"i_gp-strutene-un-liepziedi-roku-kops-kompl-roku-kr-100-ml-skidr-ziepes-460-ml","status":"publish","type":"product","link":"https:\/\/e.kosmolat.eu\/lt\/produktas\/i_gp-strutene-un-liepziedi-roku-kops-kompl-roku-kr-100-ml-skidr-ziepes-460-ml\/","title":{"rendered":"GREEN PHARMACY Rank\u0173 prie\u017ei\u016bros rinkinys Ugnia\u017eol\u0117s ir liep\u0173 \u017eiedai (rank\u0173 kremas, 100 ml + skystas"},"content":{"rendered":"<p>Rinkinys:<br \/>\n1. Green Pharmacy rank\u0173 ir nag\u0173 kremas su ugnia\u017eol\u0117mis ir liep\u0173 \u017eiedais \u2013 1 vnt., 100 ml<br \/>\n\u2022 Dr\u0117kina ir saugo<br \/>\n\u2022 Dermatologi\u0161kai patikrinta<br \/>\n\u2022 Vegani\u0161kas produktas<br \/>\n\u2022 Odos prie\u017ei\u016bra su aliejais.<\/p>\n<p>Naudojimas: lengvais masa\u017eo judesiais tepkite ant rank\u0173 odos ir nag\u0173.<\/p>\n<p>2. Green Pharmacy skystas muilas ugnia\u017eol\u0117s ir liep\u0173 \u017eiedai \u2013 1 vnt, 460 ml<br \/>\n\u2022 \u0160velnus valymas<br \/>\n\u2022 Dermatologi\u0161kai patikrinta<br \/>\n\u2022 Vegani\u0161kas produktas<br \/>\n\u2022 97% nat\u016bralios kilm\u0117s ingredient\u0173.<\/p>\n<p>Naudojimas: u\u017etepkite ant dr\u0117gnos odos, suputokite, nuplaukite vandeniu.<\/p>\n<p>Laikyti nuo +5 \u00b0C iki +25 \u00b0C temperat\u016broje.<\/p>\n","protected":false},"excerpt":{"rendered":"<p>Rinkinys: 1. Green Pharmacy rank\u0173 ir nag\u0173 kremas su ugnia\u017eol\u0117mis ir liep\u0173 \u017eiedais \u2013 1 vnt., 100 ml \u2022 Dr\u0117kina ir saugo \u2022 Dermatologi\u0161kai patikrinta \u2022 Vegani\u0161kas produktas \u2022 Odos prie\u017ei\u016bra su aliejais. Naudojimas: lengvais masa\u017eo judesiais tepkite ant rank\u0173 odos ir nag\u0173. 2. Green Pharmacy skystas muilas ugnia\u017eol\u0117s ir liep\u0173 \u017eiedai \u2013 1 vnt, [&#8230;]\n","protected":false},"featured_media":98832,"template":"","meta":[],"product_cat":[2181],"product_tag":[],"class_list":{"0":"post-60494","1":"product","2":"type-product","3":"status-publish","4":"has-post-thumbnail","6":"product_brand-elfa_ua-lt","7":"product_cat-bez-kategorijas-lt","9":"first","10":"instock","11":"taxable","12":"shipping-taxable","13":"product-type-simple"},"_links":{"self":[{"href":"https:\/\/e.kosmolat.eu\/lt\/wp-json\/wp\/v2\/product\/60494","targetHints":{"allow":["GET"]}}],"collection":[{"href":"https:\/\/e.kosmolat.eu\/lt\/wp-json\/wp\/v2\/product"}],"about":[{"href":"https:\/\/e.kosmolat.eu\/lt\/wp-json\/wp\/v2\/types\/product"}],"wp:featuredmedia":[{"embeddable":true,"href":"https:\/\/e.kosmolat.eu\/lt\/wp-json\/wp\/v2\/media\/98832"}],"wp:attachment":[{"href":"https:\/\/e.kosmolat.eu\/lt\/wp-json\/wp\/v2\/media?parent=60494"}],"wp:term":[{"taxonomy":"product_cat","embeddable":true,"href":"https:\/\/e.kosmolat.eu\/lt\/wp-json\/wp\/v2\/product_cat?post=60494"},{"taxonomy":"product_tag","embeddable":true,"href":"https:\/\/e.kosmolat.eu\/lt\/wp-json\/wp\/v2\/product_tag?post=60494"}],"curies":[{"name":"wp","href":"https:\/\/api.w.org\/{rel}","templated":true}]}}