{"id":60478,"date":"2024-12-19T05:05:03","date_gmt":"2024-12-19T05:05:03","guid":{"rendered":"https:\/\/e.kosmolat.eu\/product\/gp-vannas-putas-lavanda-un-linseklu-ella-500-ml\/"},"modified":"2026-04-20T12:47:27","modified_gmt":"2026-04-20T12:47:27","slug":"gp-vannas-putas-lavanda-un-linseklu-ella-500-ml","status":"publish","type":"product","link":"https:\/\/e.kosmolat.eu\/lt\/produktas\/gp-vannas-putas-lavanda-un-linseklu-ella-500-ml\/","title":{"rendered":"GREEN PHARMACY Vonios putos levanda ir lin\u0173 sem\u0117n\u0173 aliejus, 500 ml"},"content":{"rendered":"<p>Dermatologi\u0161kai patikrinta.<\/p>\n<p>Naudojimas: vonios putas pilti po tekan\u010diu vandeniu, kad susidaryt\u0173 putos; I\u0161maud\u0119 vonioje, putas nuplaukite nuo k\u016bno vandeniu.<\/p>\n<p>Laikyti nuo +5\u00b0C iki +25\u00b0C temperat\u016broje.<\/p>\n","protected":false},"excerpt":{"rendered":"<p>Dermatologi\u0161kai patikrinta. Naudojimas: vonios putas pilti po tekan\u010diu vandeniu, kad susidaryt\u0173 putos; I\u0161maud\u0119 vonioje, putas nuplaukite nuo k\u016bno vandeniu. Laikyti nuo +5\u00b0C iki +25\u00b0C temperat\u016broje.<\/p>\n","protected":false},"featured_media":100032,"template":"","meta":[],"product_cat":[1612],"product_tag":[],"class_list":{"0":"post-60478","1":"product","2":"type-product","3":"status-publish","4":"has-post-thumbnail","6":"product_brand-elfa_ua-lt","7":"product_cat-putos-druska-vonios-bombos","9":"first","10":"instock","11":"taxable","12":"shipping-taxable","13":"product-type-simple"},"_links":{"self":[{"href":"https:\/\/e.kosmolat.eu\/lt\/wp-json\/wp\/v2\/product\/60478","targetHints":{"allow":["GET"]}}],"collection":[{"href":"https:\/\/e.kosmolat.eu\/lt\/wp-json\/wp\/v2\/product"}],"about":[{"href":"https:\/\/e.kosmolat.eu\/lt\/wp-json\/wp\/v2\/types\/product"}],"wp:featuredmedia":[{"embeddable":true,"href":"https:\/\/e.kosmolat.eu\/lt\/wp-json\/wp\/v2\/media\/100032"}],"wp:attachment":[{"href":"https:\/\/e.kosmolat.eu\/lt\/wp-json\/wp\/v2\/media?parent=60478"}],"wp:term":[{"taxonomy":"product_cat","embeddable":true,"href":"https:\/\/e.kosmolat.eu\/lt\/wp-json\/wp\/v2\/product_cat?post=60478"},{"taxonomy":"product_tag","embeddable":true,"href":"https:\/\/e.kosmolat.eu\/lt\/wp-json\/wp\/v2\/product_tag?post=60478"}],"curies":[{"name":"wp","href":"https:\/\/api.w.org\/{rel}","templated":true}]}}