{"id":60462,"date":"2024-12-19T05:04:21","date_gmt":"2024-12-19T05:04:21","guid":{"rendered":"https:\/\/e.kosmolat.eu\/product\/fd-ekstra-stiprums-mutes-dob-skalosanas-lidz-asinojos-smaganam-ozola-miza-700-ml\/"},"modified":"2026-04-23T08:28:17","modified_gmt":"2026-04-23T08:28:17","slug":"fd-ekstra-stiprums-mutes-dob-skalosanas-lidz-asinojos-smaganam-ozola-miza-700-ml","status":"publish","type":"product","link":"https:\/\/e.kosmolat.eu\/lt\/produktas\/fd-ekstra-stiprums-mutes-dob-skalosanas-lidz-asinojos-smaganam-ozola-miza-700-ml\/","title":{"rendered":"FAMILY DOCTOR Extra Strength Burnos skalavimo skystis  kraujuojan\u010dioms dantenoms \u0104\u017euolo \u017eiev\u0117, 700 m"},"content":{"rendered":"<p>Rekomenduojama nusilpusiems danten\u0173 audiniams. Skalavimo skystis idealiai prasiskverbia \u012f sunkiai pasiekiamas burnos vietas, efektyviai i\u0161valo  ir suteikia gaiv\u0173 burnos kvap\u0105.<\/p>\n<p>Naudojimas: Naudoti po reguliaraus valymo \u0161epet\u0117liu ir  ar dant\u0173 si\u016blu. U\u017epildykite dangtel\u012f burnos skalavimo skys\u010diu ir du kartus per dien\u0105 30 sekund\u017ei\u0173 skalaukite burn\u0105.<\/p>\n<p>Atsargumo priemon\u0117s: Neprarykite. Naudokite tik pagal paskirt\u012f. Laikyti vaikams nepasiekiamoje vietoje. Nerekomenduojama vaikams iki 6 met\u0173 am\u017eiaus. Patekus \u012f akis, gerai nuplauti vandeniu ir, jei reikia, kreiptis \u012f gydytoj\u0105.<\/p>\n<p>\u012esp\u0117jimas: galimas individualus padid\u0117j\u0119s jautrumas komponentams. D\u0117l nat\u016brali\u0173 ingredient\u0173 kiekio gali susidaryti ne\u017eymios nuos\u0117dos, kurios neturi \u012ftakos kokybei ir saugumui.<\/p>\n<p>Laikyti nuo +5 iki +25\u00b0C temperat\u016broje, atokiau nuo tiesiogini\u0173 saul\u0117s spinduli\u0173. Laikyti bent 0,5 m atstumu nuo \u0161ildymo prietais\u0173. <\/p>\n<p>Geriausias: 30 m\u0117nesi\u0173 nuo pagaminimo datos.<\/p>\n","protected":false},"excerpt":{"rendered":"<p>Rekomenduojama nusilpusiems danten\u0173 audiniams. Skalavimo skystis idealiai prasiskverbia \u012f sunkiai pasiekiamas burnos vietas, efektyviai i\u0161valo ir suteikia gaiv\u0173 burnos kvap\u0105. Naudojimas: Naudoti po reguliaraus valymo \u0161epet\u0117liu ir ar dant\u0173 si\u016blu. U\u017epildykite dangtel\u012f burnos skalavimo skys\u010diu ir du kartus per dien\u0105 30 sekund\u017ei\u0173 skalaukite burn\u0105. Atsargumo priemon\u0117s: Neprarykite. Naudokite tik pagal paskirt\u012f. Laikyti vaikams nepasiekiamoje vietoje. [&#8230;]\n","protected":false},"featured_media":99361,"template":"","meta":[],"product_cat":[1313],"product_tag":[],"class_list":{"0":"post-60462","1":"product","2":"type-product","3":"status-publish","4":"has-post-thumbnail","6":"product_brand-aljans-krasoti_ua-lt","7":"product_cat-burnos-skalavimo-priemones","9":"first","10":"instock","11":"taxable","12":"shipping-taxable","13":"product-type-simple"},"_links":{"self":[{"href":"https:\/\/e.kosmolat.eu\/lt\/wp-json\/wp\/v2\/product\/60462","targetHints":{"allow":["GET"]}}],"collection":[{"href":"https:\/\/e.kosmolat.eu\/lt\/wp-json\/wp\/v2\/product"}],"about":[{"href":"https:\/\/e.kosmolat.eu\/lt\/wp-json\/wp\/v2\/types\/product"}],"wp:featuredmedia":[{"embeddable":true,"href":"https:\/\/e.kosmolat.eu\/lt\/wp-json\/wp\/v2\/media\/99361"}],"wp:attachment":[{"href":"https:\/\/e.kosmolat.eu\/lt\/wp-json\/wp\/v2\/media?parent=60462"}],"wp:term":[{"taxonomy":"product_cat","embeddable":true,"href":"https:\/\/e.kosmolat.eu\/lt\/wp-json\/wp\/v2\/product_cat?post=60462"},{"taxonomy":"product_tag","embeddable":true,"href":"https:\/\/e.kosmolat.eu\/lt\/wp-json\/wp\/v2\/product_tag?post=60462"}],"curies":[{"name":"wp","href":"https:\/\/api.w.org\/{rel}","templated":true}]}}