{"id":60454,"date":"2024-12-19T05:04:02","date_gmt":"2024-12-19T05:04:02","guid":{"rendered":"https:\/\/e.kosmolat.eu\/product\/fd-mutes-dob-skalosanas-lidz-kariesa-profilaks-ledus-piparmetra-700-ml\/"},"modified":"2026-04-22T13:51:45","modified_gmt":"2026-04-22T13:51:45","slug":"fd-mutes-dob-skalosanas-lidz-kariesa-profilaks-ledus-piparmetra-700-ml","status":"publish","type":"product","link":"https:\/\/e.kosmolat.eu\/lt\/produktas\/fd-mutes-dob-skalosanas-lidz-kariesa-profilaks-ledus-piparmetra-700-ml\/","title":{"rendered":"FAMILY DOCTOR Burnos skalavimo skystis \u0116duonies profilaktikai Ice Mint, 700 ml"},"content":{"rendered":"<p>Burnos skalavimo skystis skirtas efektyviam kasdieniam burnos ertm\u0117s valymui. Jis sustiprina dant\u0173 pastos poveik\u012f, padeda pa\u0161alinti apna\u0161as sunkiai pasiekiamose vietose ir gaivina burnos kvap\u0105.<\/p>\n<p>Naudojimas: Naudoti po reguliaraus valymo \u0161epet\u0117liu ir  ar dant\u0173 si\u016blu. U\u017epildykite dangtel\u012f burnos skalavimo skys\u010diu ir du kartus per dien\u0105 30 sekund\u017ei\u0173 skalaukite burn\u0105.<\/p>\n<p>Atsargumo priemon\u0117s: Neprarykite. Naudokite tik pagal paskirt\u012f. Laikyti vaikams nepasiekiamoje vietoje. Nerekomenduojama vaikams iki 6 met\u0173 am\u017eiaus. Patekus \u012f akis, gerai nuplauti vandeniu ir, jei reikia, kreiptis \u012f gydytoj\u0105.<\/p>\n<p>\u012esp\u0117jimas: galimas individualus padid\u0117j\u0119s jautrumas komponentams. D\u0117l nat\u016brali\u0173 ingredient\u0173 kiekio gali susidaryti ne\u017eymios nuos\u0117dos, kurios neturi \u012ftakos kokybei ir saugumui.<\/p>\n<p>Laikyti nuo +5 iki +25\u00b0C temperat\u016broje, atokiau nuo tiesiogini\u0173 saul\u0117s spinduli\u0173. Laikyti bent 0,5 m atstumu nuo \u0161ildymo prietais\u0173. <\/p>\n<p>Geriausias: 30 m\u0117nesi\u0173 nuo pagaminimo datos.<\/p>\n","protected":false},"excerpt":{"rendered":"<p>Burnos skalavimo skystis skirtas efektyviam kasdieniam burnos ertm\u0117s valymui. Jis sustiprina dant\u0173 pastos poveik\u012f, padeda pa\u0161alinti apna\u0161as sunkiai pasiekiamose vietose ir gaivina burnos kvap\u0105. Naudojimas: Naudoti po reguliaraus valymo \u0161epet\u0117liu ir ar dant\u0173 si\u016blu. U\u017epildykite dangtel\u012f burnos skalavimo skys\u010diu ir du kartus per dien\u0105 30 sekund\u017ei\u0173 skalaukite burn\u0105. Atsargumo priemon\u0117s: Neprarykite. Naudokite tik pagal paskirt\u012f. [&#8230;]\n","protected":false},"featured_media":99538,"template":"","meta":[],"product_cat":[2181],"product_tag":[],"class_list":{"0":"post-60454","1":"product","2":"type-product","3":"status-publish","4":"has-post-thumbnail","6":"product_brand-aljans-krasoti_ua-lt","7":"product_cat-bez-kategorijas-lt","9":"first","10":"instock","11":"taxable","12":"shipping-taxable","13":"product-type-simple"},"_links":{"self":[{"href":"https:\/\/e.kosmolat.eu\/lt\/wp-json\/wp\/v2\/product\/60454","targetHints":{"allow":["GET"]}}],"collection":[{"href":"https:\/\/e.kosmolat.eu\/lt\/wp-json\/wp\/v2\/product"}],"about":[{"href":"https:\/\/e.kosmolat.eu\/lt\/wp-json\/wp\/v2\/types\/product"}],"wp:featuredmedia":[{"embeddable":true,"href":"https:\/\/e.kosmolat.eu\/lt\/wp-json\/wp\/v2\/media\/99538"}],"wp:attachment":[{"href":"https:\/\/e.kosmolat.eu\/lt\/wp-json\/wp\/v2\/media?parent=60454"}],"wp:term":[{"taxonomy":"product_cat","embeddable":true,"href":"https:\/\/e.kosmolat.eu\/lt\/wp-json\/wp\/v2\/product_cat?post=60454"},{"taxonomy":"product_tag","embeddable":true,"href":"https:\/\/e.kosmolat.eu\/lt\/wp-json\/wp\/v2\/product_tag?post=60454"}],"curies":[{"name":"wp","href":"https:\/\/api.w.org\/{rel}","templated":true}]}}