{"id":60422,"date":"2024-12-19T05:02:50","date_gmt":"2024-12-19T05:02:50","guid":{"rendered":"https:\/\/e.kosmolat.eu\/product\/fd-sweet-banana-bernu-mutes-dobuma-skalosanas-lidz-6-360-ml\/"},"modified":"2026-04-23T12:20:05","modified_gmt":"2026-04-23T12:20:05","slug":"fd-sweet-banana-bernu-mutes-dobuma-skalosanas-lidz-6-360-ml","status":"publish","type":"product","link":"https:\/\/e.kosmolat.eu\/lt\/produktas\/fd-sweet-banana-bernu-mutes-dobuma-skalosanas-lidz-6-360-ml\/","title":{"rendered":"FAMILY DOCTOR Sweet Banana vaiki\u0161kas burnos skalavimo skystis 6+, 360 ml"},"content":{"rendered":"<p>Vaiki\u0161kas burnos skalavimo skystis pasi\u017eymi maloniu banan\u0173 skoniu ir aromatu. Veiksmingai \u0161alina apna\u0161as net ir sunkiai pasiekiamose vietose, apsaugo dantis nuo \u0117duonies, u\u017etikrina maksimali\u0105 burnos \u0161var\u0105 ir gaiv\u0173 burnos kvap\u0105. Tinka vaikams nuo 6 met\u0173.<\/p>\n<p>Naudojimas: U\u017epildykite dangtel\u012f burnos skalavimo skys\u010diu ir skalaukite burn\u0105 30 sekund\u017ei\u0173 du kartus per dien\u0105. Nerekomenduojama valgyti ar gerti per 30 minu\u010di\u0173 po skalavimo.<\/p>\n<p>Atsargumo priemon\u0117s: Neprarykite. Naudokite tik pagal paskirt\u012f. Laikyti vaikams nepasiekiamoje vietoje. Patekus \u012f akis, gerai nuplauti vandeniu ir, jei reikia, kreiptis \u012f gydytoj\u0105.<\/p>\n<p>\u012esp\u0117jimas: galimas individualus padid\u0117j\u0119s jautrumas komponentams. Laikyti nuo +5 iki +25\u00b0C temperat\u016broje, atokiau nuo tiesiogini\u0173 saul\u0117s spinduli\u0173. Laikyti bent 0,5 m atstumu nuo \u0161ildymo prietais\u0173. <\/p>\n<p>Geriausias: 24 m\u0117nesiai nuo pagaminimo datos.<\/p>\n","protected":false},"excerpt":{"rendered":"<p>Vaiki\u0161kas burnos skalavimo skystis pasi\u017eymi maloniu banan\u0173 skoniu ir aromatu. Veiksmingai \u0161alina apna\u0161as net ir sunkiai pasiekiamose vietose, apsaugo dantis nuo \u0117duonies, u\u017etikrina maksimali\u0105 burnos \u0161var\u0105 ir gaiv\u0173 burnos kvap\u0105. Tinka vaikams nuo 6 met\u0173. Naudojimas: U\u017epildykite dangtel\u012f burnos skalavimo skys\u010diu ir skalaukite burn\u0105 30 sekund\u017ei\u0173 du kartus per dien\u0105. Nerekomenduojama valgyti ar gerti per [&#8230;]\n","protected":false},"featured_media":99800,"template":"","meta":[],"product_cat":[1313],"product_tag":[],"class_list":{"0":"post-60422","1":"product","2":"type-product","3":"status-publish","4":"has-post-thumbnail","6":"product_brand-aljans-krasoti_ua-lt","7":"product_cat-burnos-skalavimo-priemones","9":"first","10":"instock","11":"taxable","12":"shipping-taxable","13":"product-type-simple"},"_links":{"self":[{"href":"https:\/\/e.kosmolat.eu\/lt\/wp-json\/wp\/v2\/product\/60422","targetHints":{"allow":["GET"]}}],"collection":[{"href":"https:\/\/e.kosmolat.eu\/lt\/wp-json\/wp\/v2\/product"}],"about":[{"href":"https:\/\/e.kosmolat.eu\/lt\/wp-json\/wp\/v2\/types\/product"}],"wp:featuredmedia":[{"embeddable":true,"href":"https:\/\/e.kosmolat.eu\/lt\/wp-json\/wp\/v2\/media\/99800"}],"wp:attachment":[{"href":"https:\/\/e.kosmolat.eu\/lt\/wp-json\/wp\/v2\/media?parent=60422"}],"wp:term":[{"taxonomy":"product_cat","embeddable":true,"href":"https:\/\/e.kosmolat.eu\/lt\/wp-json\/wp\/v2\/product_cat?post=60422"},{"taxonomy":"product_tag","embeddable":true,"href":"https:\/\/e.kosmolat.eu\/lt\/wp-json\/wp\/v2\/product_tag?post=60422"}],"curies":[{"name":"wp","href":"https:\/\/api.w.org\/{rel}","templated":true}]}}