{"id":60414,"date":"2024-12-19T05:02:32","date_gmt":"2024-12-19T05:02:32","guid":{"rendered":"https:\/\/e.kosmolat.eu\/product\/fd-bright-strawberry-brnu-mutes-dobuma-skaloanas-ldzeklis-6-360-ml\/"},"modified":"2026-04-23T11:29:16","modified_gmt":"2026-04-23T11:29:16","slug":"fd-bright-strawberry-bernu-mutes-dobuma-skaloanas-lidz-6-360-ml","status":"publish","type":"product","link":"https:\/\/e.kosmolat.eu\/lt\/produktas\/fd-bright-strawberry-bernu-mutes-dobuma-skaloanas-lidz-6-360-ml\/","title":{"rendered":"FAMILY DOCTOR Bright Strawberry vaiki\u0161kas burnos skalavimo skystis 6+, 360 ml"},"content":{"rendered":"<p>Bra\u0161kinis vaiki\u0161kas burnos skalavimo skystis pa\u0161alina apna\u0161as net ir sunkiai pasiekiamose vietose, u\u017ekerta keli\u0105 dant\u0173 \u0117duoniui. Reguliariai naudojant, produktas u\u017etikrina maksimali\u0105 burnos \u0161var\u0105 ir gaiv\u0173 burnos kvap\u0105. Tinka vaikams nuo 6 met\u0173.<\/p>\n<p>Naudojimas: U\u017epildykite dangtel\u012f burnos skalavimo skys\u010diu ir skalaukite burn\u0105 30 sekund\u017ei\u0173 du kartus per dien\u0105. Nerekomenduojama valgyti ar gerti per 30 minu\u010di\u0173 po skalavimo.<\/p>\n<p>Atsargumo priemon\u0117s: Neprarykite. Naudokite tik pagal paskirt\u012f. Laikyti vaikams nepasiekiamoje vietoje. Patekus \u012f akis, gerai nuplauti vandeniu ir, jei reikia, kreiptis \u012f gydytoj\u0105.<\/p>\n<p>\u012esp\u0117jimas: galimas individualus padid\u0117j\u0119s jautrumas komponentams. Laikyti nuo +5 iki +25\u00b0C temperat\u016broje, atokiau nuo tiesiogini\u0173 saul\u0117s spinduli\u0173. Laikyti bent 0,5 m atstumu nuo \u0161ildymo prietais\u0173. <\/p>\n<p>Geriausias: 24 m\u0117nesiai nuo pagaminimo datos.<\/p>\n","protected":false},"excerpt":{"rendered":"<p>Bra\u0161kinis vaiki\u0161kas burnos skalavimo skystis pa\u0161alina apna\u0161as net ir sunkiai pasiekiamose vietose, u\u017ekerta keli\u0105 dant\u0173 \u0117duoniui. Reguliariai naudojant, produktas u\u017etikrina maksimali\u0105 burnos \u0161var\u0105 ir gaiv\u0173 burnos kvap\u0105. Tinka vaikams nuo 6 met\u0173. Naudojimas: U\u017epildykite dangtel\u012f burnos skalavimo skys\u010diu ir skalaukite burn\u0105 30 sekund\u017ei\u0173 du kartus per dien\u0105. Nerekomenduojama valgyti ar gerti per 30 minu\u010di\u0173 po [&#8230;]\n","protected":false},"featured_media":99357,"template":"","meta":[],"product_cat":[1337],"product_tag":[],"class_list":{"0":"post-60414","1":"product","2":"type-product","3":"status-publish","4":"has-post-thumbnail","6":"product_brand-aljans-krasoti_ua-lt","7":"product_cat-burnos-higiena","9":"first","10":"instock","11":"taxable","12":"shipping-taxable","13":"product-type-simple"},"_links":{"self":[{"href":"https:\/\/e.kosmolat.eu\/lt\/wp-json\/wp\/v2\/product\/60414","targetHints":{"allow":["GET"]}}],"collection":[{"href":"https:\/\/e.kosmolat.eu\/lt\/wp-json\/wp\/v2\/product"}],"about":[{"href":"https:\/\/e.kosmolat.eu\/lt\/wp-json\/wp\/v2\/types\/product"}],"wp:featuredmedia":[{"embeddable":true,"href":"https:\/\/e.kosmolat.eu\/lt\/wp-json\/wp\/v2\/media\/99357"}],"wp:attachment":[{"href":"https:\/\/e.kosmolat.eu\/lt\/wp-json\/wp\/v2\/media?parent=60414"}],"wp:term":[{"taxonomy":"product_cat","embeddable":true,"href":"https:\/\/e.kosmolat.eu\/lt\/wp-json\/wp\/v2\/product_cat?post=60414"},{"taxonomy":"product_tag","embeddable":true,"href":"https:\/\/e.kosmolat.eu\/lt\/wp-json\/wp\/v2\/product_tag?post=60414"}],"curies":[{"name":"wp","href":"https:\/\/api.w.org\/{rel}","templated":true}]}}