{"id":60398,"date":"2024-12-18T05:06:24","date_gmt":"2024-12-18T05:06:24","guid":{"rendered":"https:\/\/e.kosmolat.eu\/product\/shelly-ella-nagiem-un-kutikul-ar-piparm-un-tejas-k-el-3-ml\/"},"modified":"2026-03-16T12:11:20","modified_gmt":"2026-03-16T12:11:20","slug":"shelly-ella-nagiem-un-kutikul-ar-piparm-un-tejas-k-el-3-ml","status":"publish","type":"product","link":"https:\/\/e.kosmolat.eu\/lt\/produktas\/shelly-ella-nagiem-un-kutikul-ar-piparm-un-tejas-k-el-3-ml\/","title":{"rendered":"SHELLY Aliejus nagams ir odel\u0117ms su m\u0117t\u0173 ir arbatmed\u017ei\u0173 aliejais, 3 ml"},"content":{"rendered":"<p>Aliejus nagams ir odel\u0117ms yra lengvos riebios tekst\u016bros ir malonaus m\u0117t\u0173 aromato. Jis skirtas dr\u0117kinti ir sumink\u0161tinti odeles, \u0161oninius velen\u0117lius  ir nago plok\u0161tel\u0119.<\/p>\n<p>Naudojimas: u\u017etepkite ant nago plok\u0161tel\u0117s ir odeli\u0173, masa\u017euokite.<br \/>\nAtsargumo priemon\u0117s: vengti patekimo \u012f akis ir gleivines. Tik i\u0161oriniam naudojimui.<\/p>\n<p>Geriausias: 18 m\u0117nesi\u0173 nuo pagaminimo datos.<\/p>\n","protected":false},"excerpt":{"rendered":"<p>Aliejus nagams ir odel\u0117ms yra lengvos riebios tekst\u016bros ir malonaus m\u0117t\u0173 aromato. Jis skirtas dr\u0117kinti ir sumink\u0161tinti odeles, \u0161oninius velen\u0117lius ir nago plok\u0161tel\u0119. Naudojimas: u\u017etepkite ant nago plok\u0161tel\u0117s ir odeli\u0173, masa\u017euokite. Atsargumo priemon\u0117s: vengti patekimo \u012f akis ir gleivines. Tik i\u0161oriniam naudojimui. Geriausias: 18 m\u0117nesi\u0173 nuo pagaminimo datos.<\/p>\n","protected":false},"featured_media":100160,"template":"","meta":[],"product_cat":[1745],"product_tag":[],"class_list":{"0":"post-60398","1":"product","2":"type-product","3":"status-publish","4":"has-post-thumbnail","6":"product_brand-sale-lt","7":"product_cat-nagu-prieziura-ranku-prieziura","9":"first","10":"outofstock","11":"taxable","12":"shipping-taxable","13":"product-type-simple"},"_links":{"self":[{"href":"https:\/\/e.kosmolat.eu\/lt\/wp-json\/wp\/v2\/product\/60398","targetHints":{"allow":["GET"]}}],"collection":[{"href":"https:\/\/e.kosmolat.eu\/lt\/wp-json\/wp\/v2\/product"}],"about":[{"href":"https:\/\/e.kosmolat.eu\/lt\/wp-json\/wp\/v2\/types\/product"}],"wp:featuredmedia":[{"embeddable":true,"href":"https:\/\/e.kosmolat.eu\/lt\/wp-json\/wp\/v2\/media\/100160"}],"wp:attachment":[{"href":"https:\/\/e.kosmolat.eu\/lt\/wp-json\/wp\/v2\/media?parent=60398"}],"wp:term":[{"taxonomy":"product_cat","embeddable":true,"href":"https:\/\/e.kosmolat.eu\/lt\/wp-json\/wp\/v2\/product_cat?post=60398"},{"taxonomy":"product_tag","embeddable":true,"href":"https:\/\/e.kosmolat.eu\/lt\/wp-json\/wp\/v2\/product_tag?post=60398"}],"curies":[{"name":"wp","href":"https:\/\/api.w.org\/{rel}","templated":true}]}}