{"id":60390,"date":"2024-12-18T05:06:01","date_gmt":"2024-12-18T05:06:01","guid":{"rendered":"https:\/\/e.kosmolat.eu\/product\/shelly-ella-nagiem-un-kutikul-ar-greipfr-ellu-un-a-vitam-30-ml\/"},"modified":"2026-04-23T12:41:07","modified_gmt":"2026-04-23T12:41:07","slug":"shelly-ella-nagiem-un-kutikul-ar-greipfr-ellu-un-a-vitam-30-ml","status":"publish","type":"product","link":"https:\/\/e.kosmolat.eu\/lt\/produktas\/shelly-ella-nagiem-un-kutikul-ar-greipfr-ellu-un-a-vitam-30-ml\/","title":{"rendered":"SHELLY Aliejus nagams ir odel\u0117ms su greipfrut\u0173 aliejumi ir vitaminu A, 30 ml"},"content":{"rendered":"<p>Nag\u0173 ir odeli\u0173 aliejus yra lengvos riebios tekst\u016bros ir malonaus citrusinio aromato. Jis skirtas dr\u0117kinti ir sumink\u0161tinti odeles, velen\u0117lius ir nago plok\u0161tel\u0119.<\/p>\n<p>Naudojimas: u\u017etepkite ant nago plok\u0161tel\u0117s ir odeli\u0173, masa\u017euokite.  Sud\u0117tyje yra vitamino A. Prie\u0161 naudojant atsi\u017evelgti \u012f paros doz\u0119.<\/p>\n<p>Atsargumo priemon\u0117s: vengti patekimo \u012f akis ir gleivines. Tik i\u0161oriniam naudojimui.<\/p>\n<p>Geriausias: 18 m\u0117nesi\u0173 nuo pagaminimo datos.<\/p>\n","protected":false},"excerpt":{"rendered":"<p>Nag\u0173 ir odeli\u0173 aliejus yra lengvos riebios tekst\u016bros ir malonaus citrusinio aromato. Jis skirtas dr\u0117kinti ir sumink\u0161tinti odeles, velen\u0117lius ir nago plok\u0161tel\u0119. Naudojimas: u\u017etepkite ant nago plok\u0161tel\u0117s ir odeli\u0173, masa\u017euokite. Sud\u0117tyje yra vitamino A. Prie\u0161 naudojant atsi\u017evelgti \u012f paros doz\u0119. Atsargumo priemon\u0117s: vengti patekimo \u012f akis ir gleivines. Tik i\u0161oriniam naudojimui. Geriausias: 18 m\u0117nesi\u0173 nuo [&#8230;]\n","protected":false},"featured_media":102890,"template":"","meta":[],"product_cat":[1745],"product_tag":[],"class_list":{"0":"post-60390","1":"product","2":"type-product","3":"status-publish","4":"has-post-thumbnail","6":"product_brand-procare_ua-lt","7":"product_cat-nagu-prieziura-ranku-prieziura","9":"first","10":"instock","11":"taxable","12":"shipping-taxable","13":"product-type-simple"},"_links":{"self":[{"href":"https:\/\/e.kosmolat.eu\/lt\/wp-json\/wp\/v2\/product\/60390","targetHints":{"allow":["GET"]}}],"collection":[{"href":"https:\/\/e.kosmolat.eu\/lt\/wp-json\/wp\/v2\/product"}],"about":[{"href":"https:\/\/e.kosmolat.eu\/lt\/wp-json\/wp\/v2\/types\/product"}],"wp:featuredmedia":[{"embeddable":true,"href":"https:\/\/e.kosmolat.eu\/lt\/wp-json\/wp\/v2\/media\/102890"}],"wp:attachment":[{"href":"https:\/\/e.kosmolat.eu\/lt\/wp-json\/wp\/v2\/media?parent=60390"}],"wp:term":[{"taxonomy":"product_cat","embeddable":true,"href":"https:\/\/e.kosmolat.eu\/lt\/wp-json\/wp\/v2\/product_cat?post=60390"},{"taxonomy":"product_tag","embeddable":true,"href":"https:\/\/e.kosmolat.eu\/lt\/wp-json\/wp\/v2\/product_tag?post=60390"}],"curies":[{"name":"wp","href":"https:\/\/api.w.org\/{rel}","templated":true}]}}