{"id":60374,"date":"2024-12-18T05:05:19","date_gmt":"2024-12-18T05:05:19","guid":{"rendered":"https:\/\/e.kosmolat.eu\/product\/pro-arginine-prof-ekspress-matu-maska-augs-stiprinas-1-1-l\/"},"modified":"2026-04-23T11:34:07","modified_gmt":"2026-04-23T11:34:07","slug":"pro-arginine-prof-ekspress-matu-maska-augs-stiprinas-1-1-l","status":"publish","type":"product","link":"https:\/\/e.kosmolat.eu\/lt\/produktas\/pro-arginine-prof-ekspress-matu-maska-augs-stiprinas-1-1-l\/","title":{"rendered":"PRO ARGININE Profesionali greitoji plauk\u0173 kauk\u0117 Augimas + galia, 1,1 l"},"content":{"rendered":"<p>\u2022 Stimuliuoja plauk\u0173 augim\u0105<br \/>\n\u2022 Mityba<br \/>\n\u2022 Plauk\u0173 stiprumas<br \/>\n\u2022 Paklusnumas<\/p>\n<p>Unikali greitoji kauk\u0117, sukurta patyrusi\u0173 specialist\u0173, skirta profesionaliai plon\u0173 ir nusilpusi\u0173 plauk\u0173, linkusi\u0173 slinkti, prie\u017ei\u016brai. Speciali kauk\u0117s formul\u0117 be silikon\u0173 kondicionuoja plaukus ir palengvina i\u0161\u0161ukavim\u0105. Argininas padeda maitinti plauk\u0173 folikulus, kukur\u016bz\u0173 baltymai skatina plauk\u0173 augim\u0105.<br \/>\nLin\u0173 s\u0117men\u0173 aliejus atkuria garban\u0173 tvirtum\u0105 ir \u0161ilki\u0161kum\u0105.<\/p>\n<p>Naudojimas: U\u017etepkite kauk\u0119 ant i\u0161plaut\u0173, dr\u0117gn\u0173 plauk\u0173, paskirstykite per vis\u0105 plauk\u0173 ilg\u012f ir palikite kelet\u0105 minu\u010di\u0173, tada nuplaukite \u0161iltu vandeniu.<\/p>\n<p>Atsargumo priemon\u0117s: Tik i\u0161oriniam naudojimui. Patekus \u012f akis, gerai nuplauti vandeniu ir, jei reikia, kreiptis \u012f gydytoj\u0105.<\/p>\n<p>\u012esp\u0117jimas: galimas individualus padid\u0117j\u0119s jautrumas komponentams.<br \/>\nSud\u0117tyje yra vitamino A. Prie\u0161 naudojant atsi\u017evelgti \u012f paros doz\u0119.<\/p>\n<p>Geriausias 24 m\u0117n. nuo pagaminimo datos.<\/p>\n<p>Laikyti nuo +5 iki +25\u00b0C temperat\u016broje, atokiau nuo tiesiogini\u0173 saul\u0117s spinduli\u0173. Laikyti bent 0,5 m atstumu nuo \u0161ildymo prietais\u0173.<\/p>\n","protected":false},"excerpt":{"rendered":"<p>\u2022 Stimuliuoja plauk\u0173 augim\u0105 \u2022 Mityba \u2022 Plauk\u0173 stiprumas \u2022 Paklusnumas Unikali greitoji kauk\u0117, sukurta patyrusi\u0173 specialist\u0173, skirta profesionaliai plon\u0173 ir nusilpusi\u0173 plauk\u0173, linkusi\u0173 slinkti, prie\u017ei\u016brai. Speciali kauk\u0117s formul\u0117 be silikon\u0173 kondicionuoja plaukus ir palengvina i\u0161\u0161ukavim\u0105. Argininas padeda maitinti plauk\u0173 folikulus, kukur\u016bz\u0173 baltymai skatina plauk\u0173 augim\u0105. Lin\u0173 s\u0117men\u0173 aliejus atkuria garban\u0173 tvirtum\u0105 ir \u0161ilki\u0161kum\u0105. Naudojimas: [&#8230;]\n","protected":false},"featured_media":96464,"template":"","meta":[],"product_cat":[1256],"product_tag":[],"class_list":{"0":"post-60374","1":"product","2":"type-product","3":"status-publish","4":"has-post-thumbnail","6":"product_brand-aljans-krasoti_ua-lt","7":"product_cat-plauku-kaukes","9":"first","10":"instock","11":"taxable","12":"shipping-taxable","13":"product-type-simple"},"_links":{"self":[{"href":"https:\/\/e.kosmolat.eu\/lt\/wp-json\/wp\/v2\/product\/60374","targetHints":{"allow":["GET"]}}],"collection":[{"href":"https:\/\/e.kosmolat.eu\/lt\/wp-json\/wp\/v2\/product"}],"about":[{"href":"https:\/\/e.kosmolat.eu\/lt\/wp-json\/wp\/v2\/types\/product"}],"wp:featuredmedia":[{"embeddable":true,"href":"https:\/\/e.kosmolat.eu\/lt\/wp-json\/wp\/v2\/media\/96464"}],"wp:attachment":[{"href":"https:\/\/e.kosmolat.eu\/lt\/wp-json\/wp\/v2\/media?parent=60374"}],"wp:term":[{"taxonomy":"product_cat","embeddable":true,"href":"https:\/\/e.kosmolat.eu\/lt\/wp-json\/wp\/v2\/product_cat?post=60374"},{"taxonomy":"product_tag","embeddable":true,"href":"https:\/\/e.kosmolat.eu\/lt\/wp-json\/wp\/v2\/product_tag?post=60374"}],"curies":[{"name":"wp","href":"https:\/\/api.w.org\/{rel}","templated":true}]}}