{"id":60366,"date":"2024-12-18T05:04:58","date_gmt":"2024-12-18T05:04:58","guid":{"rendered":"https:\/\/e.kosmolat.eu\/product\/pro-keratin-prof-ekspress-matu-maska-atjaun-mitrinasana-1-1-l\/"},"modified":"2026-04-23T11:33:50","modified_gmt":"2026-04-23T11:33:50","slug":"pro-keratin-prof-ekspress-matu-maska-atjaun-mitrinasana-1-1-l","status":"publish","type":"product","link":"https:\/\/e.kosmolat.eu\/lt\/produktas\/pro-keratin-prof-ekspress-matu-maska-atjaun-mitrinasana-1-1-l\/","title":{"rendered":"PRO KERATIN Profesionali greitoji plauk\u0173 kauk\u0117 Naujinimas + dr\u0117kinimas, 1,1 l"},"content":{"rendered":"<p>\u2022 Intensyviai dr\u0117kina<br \/>\n\u2022 Prisotina plaukus keratinu<br \/>\n\u2022 Palengvina \u0161ukavim\u0105<\/p>\n<p>Profesionali intensyvaus veikimo ekspreso kauk\u0117, sukurta patyrusi\u0173 specialist\u0173, skirta sausiems, trapiems ir pa\u017eeistiems plaukams pri\u017ei\u016br\u0117ti. Jo maitinamoji formul\u0117 palengvina \u0161ukavim\u0105 ir akimirksniu pakei\u010dia plaukus, tod\u0117l jie tampa tobulai \u0161veln\u016bs, \u0161ilkiniai ir paklusn\u016bs. Keratinas, u\u017epildantis pa\u017eeistas vietas, gr\u0105\u017einantis plauk\u0173 glotnum\u0105; Avokad\u0173 aliejus intensyviai maitina plaukus. Kvie\u010di\u0173 baltymai dr\u0117kina plaukus.<\/p>\n<p>Naudojimas: U\u017etepkite kauk\u0119 ant i\u0161plaut\u0173, dr\u0117gn\u0173 plauk\u0173, paskirstykite per vis\u0105 plauk\u0173 ilg\u012f ir palikite kelet\u0105 minu\u010di\u0173, tada nuplaukite \u0161iltu vandeniu.<\/p>\n<p>Atsargumo priemon\u0117s: Tik i\u0161oriniam naudojimui. Patekus \u012f akis, gerai nuplauti vandeniu ir, jei reikia, kreiptis \u012f gydytoj\u0105.<\/p>\n<p>\u012esp\u0117jimas: galimas individualus padid\u0117j\u0119s jautrumas komponentams.<br \/>\nSud\u0117tyje yra vitamino A. Prie\u0161 naudojant atsi\u017evelgti \u012f paros doz\u0119.<\/p>\n<p>Geriausias 24 m\u0117n. nuo pagaminimo datos.<\/p>\n<p>Laikyti nuo +5 iki +25\u00b0C temperat\u016broje, atokiau nuo tiesiogini\u0173 saul\u0117s spinduli\u0173. Laikyti bent 0,5 m atstumu nuo \u0161ildymo prietais\u0173.<\/p>\n","protected":false},"excerpt":{"rendered":"<p>\u2022 Intensyviai dr\u0117kina \u2022 Prisotina plaukus keratinu \u2022 Palengvina \u0161ukavim\u0105 Profesionali intensyvaus veikimo ekspreso kauk\u0117, sukurta patyrusi\u0173 specialist\u0173, skirta sausiems, trapiems ir pa\u017eeistiems plaukams pri\u017ei\u016br\u0117ti. Jo maitinamoji formul\u0117 palengvina \u0161ukavim\u0105 ir akimirksniu pakei\u010dia plaukus, tod\u0117l jie tampa tobulai \u0161veln\u016bs, \u0161ilkiniai ir paklusn\u016bs. Keratinas, u\u017epildantis pa\u017eeistas vietas, gr\u0105\u017einantis plauk\u0173 glotnum\u0105; Avokad\u0173 aliejus intensyviai maitina plaukus. Kvie\u010di\u0173 [&#8230;]\n","protected":false},"featured_media":97177,"template":"","meta":[],"product_cat":[1256],"product_tag":[],"class_list":{"0":"post-60366","1":"product","2":"type-product","3":"status-publish","4":"has-post-thumbnail","6":"product_brand-aljans-krasoti_ua-lt","7":"product_cat-plauku-kaukes","9":"first","10":"instock","11":"taxable","12":"shipping-taxable","13":"product-type-simple"},"_links":{"self":[{"href":"https:\/\/e.kosmolat.eu\/lt\/wp-json\/wp\/v2\/product\/60366","targetHints":{"allow":["GET"]}}],"collection":[{"href":"https:\/\/e.kosmolat.eu\/lt\/wp-json\/wp\/v2\/product"}],"about":[{"href":"https:\/\/e.kosmolat.eu\/lt\/wp-json\/wp\/v2\/types\/product"}],"wp:featuredmedia":[{"embeddable":true,"href":"https:\/\/e.kosmolat.eu\/lt\/wp-json\/wp\/v2\/media\/97177"}],"wp:attachment":[{"href":"https:\/\/e.kosmolat.eu\/lt\/wp-json\/wp\/v2\/media?parent=60366"}],"wp:term":[{"taxonomy":"product_cat","embeddable":true,"href":"https:\/\/e.kosmolat.eu\/lt\/wp-json\/wp\/v2\/product_cat?post=60366"},{"taxonomy":"product_tag","embeddable":true,"href":"https:\/\/e.kosmolat.eu\/lt\/wp-json\/wp\/v2\/product_tag?post=60366"}],"curies":[{"name":"wp","href":"https:\/\/api.w.org\/{rel}","templated":true}]}}