{"id":60358,"date":"2024-12-18T05:04:38","date_gmt":"2024-12-18T05:04:38","guid":{"rendered":"https:\/\/e.kosmolat.eu\/product\/pro-keratin-matu-kr-sprejs-15-in-1-keratina-atjaun-visiem-matu-tipiem-200-ml\/"},"modified":"2026-04-22T09:48:08","modified_gmt":"2026-04-22T09:48:08","slug":"pro-keratin-matu-kr-sprejs-15-in-1-keratina-atjaun-visiem-matu-tipiem-200-ml","status":"publish","type":"product","link":"https:\/\/e.kosmolat.eu\/lt\/produktas\/pro-keratin-matu-kr-sprejs-15-in-1-keratina-atjaun-visiem-matu-tipiem-200-ml\/","title":{"rendered":"PRO KERATIN kreminis pur\u0161kiklis plaukams 15in1Keratininis atk\u016brimas vis\u0173 tip\u0173 plaukams, 200 ml"},"content":{"rendered":"<p>\u2022 Keratininis maitinimas<br \/>\n\u2022 Akimirksniu prisotina plaukus dr\u0117gme<br \/>\n\u2022 Skatina atsigavim\u0105<br \/>\n\u2022 Suteikia plaukams tvirtumo<br \/>\n\u2022 Suteikia \u0161ilko poj\u016bt\u012f<br \/>\n\u2022 Padidina blizges\u012f<br \/>\n\u2022 I\u0161lygina per vis\u0105 ilg\u012f<br \/>\n\u2022 Apsaugo nuo neigiam\u0173 veiksni\u0173<br \/>\n\u2022 Apsaugo nuo galiuk\u0173 skilin\u0117jimo<br \/>\n\u2022 Mink\u0161tina \u0161iurk\u0161\u010dius plaukus<br \/>\n\u2022 I\u0161laiko plauk\u0173 elastingum\u0105<br \/>\n\u2022 Apsaugo nuo plauk\u0173 pa\u017eeidimo<br \/>\n\u2022 Palengvina stiliaus k\u016brim\u0105<br \/>\n\u2022 \u0160ilumin\u0117 apsauga<br \/>\n\u2022 Neapsunkina.<br \/>\nAtkuriamasis kreminis pur\u0161kiklis 15 in 1 PRO KERATIN yra veiksmingas maitinamasis serumas, kuris pad\u0117s susidoroti su bet kokia plauk\u0173 problema. Priemon\u0117 prisotina plaukus keratinu, padeda atkurti pa\u017eeist\u0105 plauko strukt\u016br\u0105, puikiai i\u0161lygina juos per vis\u0105 ilg\u012f neapsunkindama. Tai palengvina \u0161ukavim\u0105 ir formavim\u0105 bei neriebina plauk\u0173.<br \/>\nNaudojimas: purk\u0161ti priemon\u0119 ant dr\u0117gn\u0173, \u0161vari\u0173 plauk\u0173 ma\u017edaug 20 cm atstumu, vengiant \u0161akn\u0173. I\u0161\u0161ukuokite plaukus \u0161ukomis, kad priemon\u0117 tolygiau pasiskirstyt\u0173 per vis\u0105 ilg\u012f. Nenuplaukite. Po to formuokite plaukus  kaip \u012fprasta.<\/p>\n<p>Atsargumo priemon\u0117s: Tik i\u0161oriniam naudojimui. Patekus \u012f akis, gerai nuplauti vandeniu ir, jei reikia, kreiptis \u012f gydytoj\u0105.<\/p>\n<p>\u012esp\u0117jimas: galimas individualus padid\u0117j\u0119s jautrumas komponentams.<br \/>\nSud\u0117tyje yra vitamino A. Prie\u0161 naudojant atsi\u017evelgti \u012f paros doz\u0119.<\/p>\n<p>Geriausias 24 m\u0117n. nuo pagaminimo datos.<\/p>\n<p>Laikyti nuo +5 iki +25\u00b0C temperat\u016broje, atokiau nuo tiesiogini\u0173 saul\u0117s spinduli\u0173. Laikyti bent 0,5 m atstumu nuo \u0161ildymo prietais\u0173.<\/p>\n","protected":false},"excerpt":{"rendered":"<p>\u2022 Keratininis maitinimas \u2022 Akimirksniu prisotina plaukus dr\u0117gme \u2022 Skatina atsigavim\u0105 \u2022 Suteikia plaukams tvirtumo \u2022 Suteikia \u0161ilko poj\u016bt\u012f \u2022 Padidina blizges\u012f \u2022 I\u0161lygina per vis\u0105 ilg\u012f \u2022 Apsaugo nuo neigiam\u0173 veiksni\u0173 \u2022 Apsaugo nuo galiuk\u0173 skilin\u0117jimo \u2022 Mink\u0161tina \u0161iurk\u0161\u010dius plaukus \u2022 I\u0161laiko plauk\u0173 elastingum\u0105 \u2022 Apsaugo nuo plauk\u0173 pa\u017eeidimo \u2022 Palengvina stiliaus k\u016brim\u0105 \u2022 [&#8230;]\n","protected":false},"featured_media":99670,"template":"","meta":[],"product_cat":[2181],"product_tag":[],"class_list":{"0":"post-60358","1":"product","2":"type-product","3":"status-publish","4":"has-post-thumbnail","6":"product_brand-aljans-krasoti_ua-lt","7":"product_cat-bez-kategorijas-lt","9":"first","10":"instock","11":"taxable","12":"shipping-taxable","13":"product-type-simple"},"_links":{"self":[{"href":"https:\/\/e.kosmolat.eu\/lt\/wp-json\/wp\/v2\/product\/60358","targetHints":{"allow":["GET"]}}],"collection":[{"href":"https:\/\/e.kosmolat.eu\/lt\/wp-json\/wp\/v2\/product"}],"about":[{"href":"https:\/\/e.kosmolat.eu\/lt\/wp-json\/wp\/v2\/types\/product"}],"wp:featuredmedia":[{"embeddable":true,"href":"https:\/\/e.kosmolat.eu\/lt\/wp-json\/wp\/v2\/media\/99670"}],"wp:attachment":[{"href":"https:\/\/e.kosmolat.eu\/lt\/wp-json\/wp\/v2\/media?parent=60358"}],"wp:term":[{"taxonomy":"product_cat","embeddable":true,"href":"https:\/\/e.kosmolat.eu\/lt\/wp-json\/wp\/v2\/product_cat?post=60358"},{"taxonomy":"product_tag","embeddable":true,"href":"https:\/\/e.kosmolat.eu\/lt\/wp-json\/wp\/v2\/product_tag?post=60358"}],"curies":[{"name":"wp","href":"https:\/\/api.w.org\/{rel}","templated":true}]}}