{"id":60342,"date":"2024-12-18T05:03:58","date_gmt":"2024-12-18T05:03:58","guid":{"rendered":"https:\/\/e.kosmolat.eu\/product\/gp-muskusa-roze-un-kokv-roku-kops-kompl-roku-kr-100-ml-skidr-ziepes-460-ml\/"},"modified":"2026-04-16T11:30:45","modified_gmt":"2026-04-16T11:30:45","slug":"gp-muskusa-roze-un-kokv-roku-kops-kompl-roku-kr-100-ml-skidr-ziepes-460-ml","status":"publish","type":"product","link":"https:\/\/e.kosmolat.eu\/lt\/produktas\/gp-muskusa-roze-un-kokv-roku-kops-kompl-roku-kr-100-ml-skidr-ziepes-460-ml\/","title":{"rendered":"GREEN PHARMACY Rank\u0173 prie\u017ei\u016bros rinkinys Muskuso ro\u017e\u0117 ir medviln\u0117 (rank\u0173 kremas, 100 ml + skystas mu"},"content":{"rendered":"<p>Rinkinys:<br \/>\n1. Green Pharmacy padidinto veiksmingumo rank\u0173 kremas 3 in 1 \u2013 1 vnt., 100 ml.<br \/>\n\u2022 Labai sausai odai<br \/>\n\u2022 Dermatologi\u0161kai patikrinta<br \/>\n\u2022 Vegani\u0161kas produktas<br \/>\n\u2022 Odos prie\u017ei\u016bra su aliejais.<\/p>\n<p>Naudojimas: lengvais masa\u017eo judesiais tepkite ant rank\u0173 odos  ir nag\u0173.<\/p>\n<p>2. Green Pharmacy skystas muilas muskuso ro\u017e\u0117 ir medviln\u0117 \u2013 1 vnt., 460 ml<br \/>\n\u2022 \u0160velnus valymas<br \/>\n\u2022 Dermatologi\u0161kai patikrinta<br \/>\n\u2022 Vegani\u0161kas produktas<br \/>\n\u2022 97% nat\u016brali\u0173 ingredient\u0173<\/p>\n<p>Naudojimas: u\u017etepkite ant dr\u0117gnos odos, suputokite, nuplaukite vandeniu.<\/p>\n<p>Laikyti nuo +5 \u00b0C iki +25 \u00b0C temperat\u016broje.<\/p>\n","protected":false},"excerpt":{"rendered":"<p>Rinkinys: 1. Green Pharmacy padidinto veiksmingumo rank\u0173 kremas 3 in 1 \u2013 1 vnt., 100 ml. \u2022 Labai sausai odai \u2022 Dermatologi\u0161kai patikrinta \u2022 Vegani\u0161kas produktas \u2022 Odos prie\u017ei\u016bra su aliejais. Naudojimas: lengvais masa\u017eo judesiais tepkite ant rank\u0173 odos ir nag\u0173. 2. Green Pharmacy skystas muilas muskuso ro\u017e\u0117 ir medviln\u0117 \u2013 1 vnt., 460 ml [&#8230;]\n","protected":false},"featured_media":101230,"template":"","meta":[],"product_cat":[2181],"product_tag":[],"class_list":{"0":"post-60342","1":"product","2":"type-product","3":"status-publish","4":"has-post-thumbnail","6":"product_brand-elfa_ua-lt","7":"product_cat-bez-kategorijas-lt","9":"first","10":"outofstock","11":"taxable","12":"shipping-taxable","13":"product-type-simple"},"_links":{"self":[{"href":"https:\/\/e.kosmolat.eu\/lt\/wp-json\/wp\/v2\/product\/60342","targetHints":{"allow":["GET"]}}],"collection":[{"href":"https:\/\/e.kosmolat.eu\/lt\/wp-json\/wp\/v2\/product"}],"about":[{"href":"https:\/\/e.kosmolat.eu\/lt\/wp-json\/wp\/v2\/types\/product"}],"wp:featuredmedia":[{"embeddable":true,"href":"https:\/\/e.kosmolat.eu\/lt\/wp-json\/wp\/v2\/media\/101230"}],"wp:attachment":[{"href":"https:\/\/e.kosmolat.eu\/lt\/wp-json\/wp\/v2\/media?parent=60342"}],"wp:term":[{"taxonomy":"product_cat","embeddable":true,"href":"https:\/\/e.kosmolat.eu\/lt\/wp-json\/wp\/v2\/product_cat?post=60342"},{"taxonomy":"product_tag","embeddable":true,"href":"https:\/\/e.kosmolat.eu\/lt\/wp-json\/wp\/v2\/product_tag?post=60342"}],"curies":[{"name":"wp","href":"https:\/\/api.w.org\/{rel}","templated":true}]}}