{"id":60326,"date":"2024-12-18T05:03:18","date_gmt":"2024-12-18T05:03:18","guid":{"rendered":"https:\/\/e.kosmolat.eu\/product\/shellly-holografiska-sausa-kutikulu-ella-30-ml\/"},"modified":"2026-03-16T12:10:59","modified_gmt":"2026-03-16T12:10:59","slug":"shellly-holografiska-sausa-kutikulu-ella-30-ml","status":"publish","type":"product","link":"https:\/\/e.kosmolat.eu\/lt\/produktas\/shellly-holografiska-sausa-kutikulu-ella-30-ml\/","title":{"rendered":"SHELLY Holografinis sausas odeli\u0173 aliejus, 30 ml"},"content":{"rendered":"<p>Sausas odeli\u0173 aliejus yra lengvos tekst\u016bros ir akimirksniu susigeria nepalikdamas riebios pl\u0117vel\u0117s ant odos. Aktyv\u016bs komponentai intensyviai dr\u0117kina, maitina ir mink\u0161tina odel\u0119. Aliejuje yra blizgan\u010di\u0173 daleli\u0173, kurios sukuria foto\u0161opo efekt\u0105. Turi lengv\u0105 vy\u0161ni\u0173 aromat\u0105.<\/p>\n<p>Naudojimo instrukcijos: Prie\u0161 naudojim\u0105 buteliuk\u0105 sukratykite. U\u017ela\u0161inkite kelis la\u0161us aliejaus ant odeli\u0173 ir masa\u017euokite.<\/p>\n<p>Atsargumo priemon\u0117s: vengti patekimo \u012f akis ir gleivines. Naudokite kaip nurodyta.<\/p>\n<p>Kontraindikacijos: individualus komponent\u0173 netoleravimas. Ne hipoalerginis.<\/p>\n<p>Geriausias: 24 m\u0117nesiai nuo pagaminimo datos.<\/p>\n","protected":false},"excerpt":{"rendered":"<p>Sausas odeli\u0173 aliejus yra lengvos tekst\u016bros ir akimirksniu susigeria nepalikdamas riebios pl\u0117vel\u0117s ant odos. Aktyv\u016bs komponentai intensyviai dr\u0117kina, maitina ir mink\u0161tina odel\u0119. Aliejuje yra blizgan\u010di\u0173 daleli\u0173, kurios sukuria foto\u0161opo efekt\u0105. Turi lengv\u0105 vy\u0161ni\u0173 aromat\u0105. Naudojimo instrukcijos: Prie\u0161 naudojim\u0105 buteliuk\u0105 sukratykite. U\u017ela\u0161inkite kelis la\u0161us aliejaus ant odeli\u0173 ir masa\u017euokite. Atsargumo priemon\u0117s: vengti patekimo \u012f akis ir [&#8230;]\n","protected":false},"featured_media":102555,"template":"","meta":[],"product_cat":[1745],"product_tag":[],"class_list":{"0":"post-60326","1":"product","2":"type-product","3":"status-publish","4":"has-post-thumbnail","6":"product_brand-procare_ua-lt","7":"product_cat-nagu-prieziura-ranku-prieziura","9":"first","10":"instock","11":"taxable","12":"shipping-taxable","13":"product-type-simple"},"_links":{"self":[{"href":"https:\/\/e.kosmolat.eu\/lt\/wp-json\/wp\/v2\/product\/60326","targetHints":{"allow":["GET"]}}],"collection":[{"href":"https:\/\/e.kosmolat.eu\/lt\/wp-json\/wp\/v2\/product"}],"about":[{"href":"https:\/\/e.kosmolat.eu\/lt\/wp-json\/wp\/v2\/types\/product"}],"wp:featuredmedia":[{"embeddable":true,"href":"https:\/\/e.kosmolat.eu\/lt\/wp-json\/wp\/v2\/media\/102555"}],"wp:attachment":[{"href":"https:\/\/e.kosmolat.eu\/lt\/wp-json\/wp\/v2\/media?parent=60326"}],"wp:term":[{"taxonomy":"product_cat","embeddable":true,"href":"https:\/\/e.kosmolat.eu\/lt\/wp-json\/wp\/v2\/product_cat?post=60326"},{"taxonomy":"product_tag","embeddable":true,"href":"https:\/\/e.kosmolat.eu\/lt\/wp-json\/wp\/v2\/product_tag?post=60326"}],"curies":[{"name":"wp","href":"https:\/\/api.w.org\/{rel}","templated":true}]}}