{"id":60318,"date":"2024-12-18T05:02:58","date_gmt":"2024-12-18T05:02:58","guid":{"rendered":"https:\/\/e.kosmolat.eu\/product\/shelly-mikstinoss-lidz-ieaugusiem-nagiem-30-ml\/"},"modified":"2026-04-14T13:48:15","modified_gmt":"2026-04-14T13:48:15","slug":"shellly-ella-bojatu-nagu-plaksnu-kops-ar-farnezolu-un-tejas-koku-30-ml","status":"publish","type":"product","link":"https:\/\/e.kosmolat.eu\/lt\/produktas\/shellly-ella-bojatu-nagu-plaksnu-kops-ar-farnezolu-un-tejas-koku-30-ml\/","title":{"rendered":"SHELLY Aliejus pa\u017eeistoms nag\u0173 plok\u0161tel\u0117ms su farnesoliu ir arbatmed\u017eiai, 30 ml"},"content":{"rendered":"<p>Aliejus naudojamas pa\u017eeistoms nag\u0173 plok\u0161tel\u0117ms atkurti, pavyzd\u017eiui, d\u0117l onicholiz\u0117s. Nat\u016bral\u016bs kompozicijos komponentai stiprina nagus ir daro juos sveikus. Sud\u0117tingas produkto veikimas, kai naudojamas reguliariai, skatina nago plok\u0161tel\u0117s atstatym\u0105 ir sveik\u0105 augim\u0105, ypa\u010d esant jos trapumui, l\u016b\u017ein\u0117jimui  ir sluoksniavimuisi.<\/p>\n<p>Naudojimo instrukcija: u\u017etepkite ant \u0161vari\u0173 odeli\u0173 ir po nago plok\u0161tele po vien\u0105 la\u0161\u0105. Naudokite tol, kol nago plok\u0161tel\u0117 visi\u0161kai i\u0161augs.<br \/>\nAtsargumo priemon\u0117s: vengti patekimo \u012f akis ir gleivines. Naudokite kaip nurodyta.<\/p>\n<p>Kontraindikacijos: individualus komponent\u0173 netoleravimas. Ne hipoalergi\u0161kas.<\/p>\n<p>Geriausias: 18 m\u0117nesi\u0173 nuo pagaminimo datos.<\/p>\n","protected":false},"excerpt":{"rendered":"<p>Aliejus naudojamas pa\u017eeistoms nag\u0173 plok\u0161tel\u0117ms atkurti, pavyzd\u017eiui, d\u0117l onicholiz\u0117s. Nat\u016bral\u016bs kompozicijos komponentai stiprina nagus ir daro juos sveikus. Sud\u0117tingas produkto veikimas, kai naudojamas reguliariai, skatina nago plok\u0161tel\u0117s atstatym\u0105 ir sveik\u0105 augim\u0105, ypa\u010d esant jos trapumui, l\u016b\u017ein\u0117jimui ir sluoksniavimuisi. Naudojimo instrukcija: u\u017etepkite ant \u0161vari\u0173 odeli\u0173 ir po nago plok\u0161tele po vien\u0105 la\u0161\u0105. Naudokite tol, kol nago [&#8230;]\n","protected":false},"featured_media":98377,"template":"","meta":[],"product_cat":[2181],"product_tag":[],"class_list":{"0":"post-60318","1":"product","2":"type-product","3":"status-publish","4":"has-post-thumbnail","6":"product_brand-procare_ua-lt","7":"product_cat-bez-kategorijas-lt","9":"first","10":"outofstock","11":"taxable","12":"shipping-taxable","13":"product-type-simple"},"_links":{"self":[{"href":"https:\/\/e.kosmolat.eu\/lt\/wp-json\/wp\/v2\/product\/60318","targetHints":{"allow":["GET"]}}],"collection":[{"href":"https:\/\/e.kosmolat.eu\/lt\/wp-json\/wp\/v2\/product"}],"about":[{"href":"https:\/\/e.kosmolat.eu\/lt\/wp-json\/wp\/v2\/types\/product"}],"wp:featuredmedia":[{"embeddable":true,"href":"https:\/\/e.kosmolat.eu\/lt\/wp-json\/wp\/v2\/media\/98377"}],"wp:attachment":[{"href":"https:\/\/e.kosmolat.eu\/lt\/wp-json\/wp\/v2\/media?parent=60318"}],"wp:term":[{"taxonomy":"product_cat","embeddable":true,"href":"https:\/\/e.kosmolat.eu\/lt\/wp-json\/wp\/v2\/product_cat?post=60318"},{"taxonomy":"product_tag","embeddable":true,"href":"https:\/\/e.kosmolat.eu\/lt\/wp-json\/wp\/v2\/product_tag?post=60318"}],"curies":[{"name":"wp","href":"https:\/\/api.w.org\/{rel}","templated":true}]}}