{"id":60302,"date":"2024-12-18T05:02:19","date_gmt":"2024-12-18T05:02:19","guid":{"rendered":"https:\/\/e.kosmolat.eu\/product\/shelly-ella-nagiem-un-kutikul-ar-meza-zem-ellu-un-e-vitam-30-ml\/"},"modified":"2026-04-23T12:39:37","modified_gmt":"2026-04-23T12:39:37","slug":"shelly-ella-nagiem-un-kutikul-ar-meza-zem-ellu-un-e-vitam-30-ml","status":"publish","type":"product","link":"https:\/\/e.kosmolat.eu\/lt\/produktas\/shelly-ella-nagiem-un-kutikul-ar-meza-zem-ellu-un-e-vitam-30-ml\/","title":{"rendered":"SHELLY Aliejus nagams ir odel\u0117ms su \u017eemuogi\u0173 aliejumi ir vitaminu E, 30 ml"},"content":{"rendered":"<p>Aliejus nagams ir odel\u0117ms yra lengvos riebios tekst\u016bros ir malonaus uog\u0173 aromato.<\/p>\n<p>Naudojimas: u\u017etepkite ant nago plok\u0161tel\u0117s ir odeli\u0173, masa\u017euokite.<br \/>\nKontraindikacijos: individualus netoleravimas, u\u017edegimas, per didelis sausumas. Ne hipoalerginis.<\/p>\n<p>Atsargumo priemon\u0117s: vengti patekimo \u012f akis ir gleivines. Tik i\u0161oriniam naudojimui.<\/p>\n<p>Geriausias: 18 m\u0117nesi\u0173 nuo pagaminimo datos.<\/p>\n","protected":false},"excerpt":{"rendered":"<p>Aliejus nagams ir odel\u0117ms yra lengvos riebios tekst\u016bros ir malonaus uog\u0173 aromato. Naudojimas: u\u017etepkite ant nago plok\u0161tel\u0117s ir odeli\u0173, masa\u017euokite. Kontraindikacijos: individualus netoleravimas, u\u017edegimas, per didelis sausumas. Ne hipoalerginis. Atsargumo priemon\u0117s: vengti patekimo \u012f akis ir gleivines. Tik i\u0161oriniam naudojimui. Geriausias: 18 m\u0117nesi\u0173 nuo pagaminimo datos.<\/p>\n","protected":false},"featured_media":103140,"template":"","meta":[],"product_cat":[1745],"product_tag":[],"class_list":{"0":"post-60302","1":"product","2":"type-product","3":"status-publish","4":"has-post-thumbnail","6":"product_brand-procare_ua-lt","7":"product_cat-nagu-prieziura-ranku-prieziura","9":"first","10":"instock","11":"taxable","12":"shipping-taxable","13":"product-type-simple"},"_links":{"self":[{"href":"https:\/\/e.kosmolat.eu\/lt\/wp-json\/wp\/v2\/product\/60302","targetHints":{"allow":["GET"]}}],"collection":[{"href":"https:\/\/e.kosmolat.eu\/lt\/wp-json\/wp\/v2\/product"}],"about":[{"href":"https:\/\/e.kosmolat.eu\/lt\/wp-json\/wp\/v2\/types\/product"}],"wp:featuredmedia":[{"embeddable":true,"href":"https:\/\/e.kosmolat.eu\/lt\/wp-json\/wp\/v2\/media\/103140"}],"wp:attachment":[{"href":"https:\/\/e.kosmolat.eu\/lt\/wp-json\/wp\/v2\/media?parent=60302"}],"wp:term":[{"taxonomy":"product_cat","embeddable":true,"href":"https:\/\/e.kosmolat.eu\/lt\/wp-json\/wp\/v2\/product_cat?post=60302"},{"taxonomy":"product_tag","embeddable":true,"href":"https:\/\/e.kosmolat.eu\/lt\/wp-json\/wp\/v2\/product_tag?post=60302"}],"curies":[{"name":"wp","href":"https:\/\/api.w.org\/{rel}","templated":true}]}}