{"id":60292,"date":"2024-12-17T05:04:54","date_gmt":"2024-12-17T05:04:54","guid":{"rendered":"https:\/\/e.kosmolat.eu\/product\/%d0%bfs%d0%be%d1%84%d0%b5%d1%81%d1%81c%d0%be%d0%bdaeu%d0%bdu%d0%b9-ua%d0%bc%d0%bf%d1%83%d0%bdu-pro-keratin-%d0%b2%d0%be%d1%81%d1%81%d1%82a%d0%bd%d0%be%d0%b2e%d0%b5%d0%bdc%d0%b5%d1%83%d0%b2eae\/"},"modified":"2026-04-23T11:33:36","modified_gmt":"2026-04-23T11:33:36","slug":"pro-keratin-profesionals-sampuns-atjaunos-mitrinas-1-l","status":"publish","type":"product","link":"https:\/\/e.kosmolat.eu\/lt\/produktas\/pro-keratin-profesionals-sampuns-atjaunos-mitrinas-1-l\/","title":{"rendered":"PRO KERATIN Profesionalus \u0161amp\u016bnas  Atk\u016brimas + dr\u0117kinamasis, 1 l"},"content":{"rendered":"<p>\u2022 \u0160velnus valymas<br \/>\n\u2022 Atsigavimas<br \/>\n\u2022 Absoliutus dr\u0117kinimas<br \/>\n\u2022 Apsauga<\/p>\n<p>Profesionalus \u0161amp\u016bnas, sukurtas patyrusi\u0173 specialist\u0173, skirtas  sausiems, pa\u017eeistiems, trapiems ir da\u017eytiems plaukams valyti ir kokybi\u0161kai pri\u017ei\u016br\u0117ti. Keratinas padeda pa\u0161alinti plauk\u0173 pa\u017eeidimo po\u017eymius u\u017epildydamas ir i\u0161lygindamas problemines vietas Avokad\u0173 aliejus kokybi\u0161kai dr\u0117kina ir maitina plaukus per vis\u0105 ilg\u012f, neleid\u017eia jiems i\u0161saus\u0117ti ir tapti trapiais; Kaip antioksidantas saugo galvos od\u0105 nuo agresyvaus aplinkos poveikio (v\u0117jo, saul\u0117s, \u0161al\u010dio). Kvie\u010di\u0173 baltymai gerina saus\u0173 ir pa\u017eeist\u0173 plauk\u0173 b\u016bkl\u0119.<\/p>\n<p>Naudojimas: Tepkite ant dr\u0117gn\u0173 plauk\u0173, suputokite ir i\u0161skalaukite vandeniu. <\/p>\n<p>Atsargumo priemon\u0117s: Tik i\u0161oriniam naudojimui. Patekus \u012f akis, gerai nuplauti vandeniu ir, jei reikia, kreiptis \u012f gydytoj\u0105.<\/p>\n<p>\u012esp\u0117jimas: galimas individualus padid\u0117j\u0119s jautrumas komponentams.<br \/>\nSud\u0117tyje yra vitamino A. Prie\u0161 naudojant atsi\u017evelgti \u012f paros doz\u0119.<\/p>\n<p>Geriausias 24 m\u0117n. nuo pagaminimo datos.<br \/>\nLaikyti nuo +5 iki +25\u00b0C temperat\u016broje, atokiau nuo tiesiogini\u0173 saul\u0117s spinduli\u0173. Laikyti bent 0,5 m atstumu nuo \u0161ildymo prietais\u0173.<\/p>\n","protected":false},"excerpt":{"rendered":"<p>\u2022 \u0160velnus valymas \u2022 Atsigavimas \u2022 Absoliutus dr\u0117kinimas \u2022 Apsauga Profesionalus \u0161amp\u016bnas, sukurtas patyrusi\u0173 specialist\u0173, skirtas sausiems, pa\u017eeistiems, trapiems ir da\u017eytiems plaukams valyti ir kokybi\u0161kai pri\u017ei\u016br\u0117ti. Keratinas padeda pa\u0161alinti plauk\u0173 pa\u017eeidimo po\u017eymius u\u017epildydamas ir i\u0161lygindamas problemines vietas Avokad\u0173 aliejus kokybi\u0161kai dr\u0117kina ir maitina plaukus per vis\u0105 ilg\u012f, neleid\u017eia jiems i\u0161saus\u0117ti ir tapti trapiais; Kaip antioksidantas [&#8230;]\n","protected":false},"featured_media":97598,"template":"","meta":[],"product_cat":[1251],"product_tag":[],"class_list":{"0":"post-60292","1":"product","2":"type-product","3":"status-publish","4":"has-post-thumbnail","6":"product_brand-aljans-krasoti_ua-lt","7":"product_cat-sampunai","9":"first","10":"instock","11":"taxable","12":"shipping-taxable","13":"product-type-simple"},"_links":{"self":[{"href":"https:\/\/e.kosmolat.eu\/lt\/wp-json\/wp\/v2\/product\/60292","targetHints":{"allow":["GET"]}}],"collection":[{"href":"https:\/\/e.kosmolat.eu\/lt\/wp-json\/wp\/v2\/product"}],"about":[{"href":"https:\/\/e.kosmolat.eu\/lt\/wp-json\/wp\/v2\/types\/product"}],"wp:featuredmedia":[{"embeddable":true,"href":"https:\/\/e.kosmolat.eu\/lt\/wp-json\/wp\/v2\/media\/97598"}],"wp:attachment":[{"href":"https:\/\/e.kosmolat.eu\/lt\/wp-json\/wp\/v2\/media?parent=60292"}],"wp:term":[{"taxonomy":"product_cat","embeddable":true,"href":"https:\/\/e.kosmolat.eu\/lt\/wp-json\/wp\/v2\/product_cat?post=60292"},{"taxonomy":"product_tag","embeddable":true,"href":"https:\/\/e.kosmolat.eu\/lt\/wp-json\/wp\/v2\/product_tag?post=60292"}],"curies":[{"name":"wp","href":"https:\/\/api.w.org\/{rel}","templated":true}]}}