{"id":60284,"date":"2024-12-17T05:04:34","date_gmt":"2024-12-17T05:04:34","guid":{"rendered":"https:\/\/e.kosmolat.eu\/product\/%d0%bfs%d0%be%d1%84%d0%b5%d1%81%d1%81c%d0%be%d0%bdaeu%d0%bdu%d0%b9-ua%d0%bc%d0%bf%d1%83%d0%bdu-pro-arginine-s%d0%be%d1%81%d1%82%d1%83%d0%bas%d0%b5%d0%bfe%d0%b5%d0%bdc%d1%8f-1000-%d0%bce-%d1%82\/"},"modified":"2026-04-23T11:33:22","modified_gmt":"2026-04-23T11:33:22","slug":"pro-arginine-profesionals-sampuns-augs-stiprin-1-l","status":"publish","type":"product","link":"https:\/\/e.kosmolat.eu\/lt\/produktas\/pro-arginine-profesionals-sampuns-augs-stiprin-1-l\/","title":{"rendered":"PRO ARGININE Profesionalus \u0161amp\u016bnas Augimas+ galia, 1 l"},"content":{"rendered":"<p>\u2022 Stiprinimas<br \/>\n\u2022 Plauk\u0173 tankumas ir stiprumas<br \/>\n\u2022 Apsauga nuo pa\u017eeidim\u0173<\/p>\n<p>Profesionalus \u0161velnus \u0161amp\u016bnas, sukurtas patyrusi\u0173 specialist\u0173, kruop\u0161\u010diai i\u0161valo plaukus ir galvos od\u0105. Ypa\u010d tinka ploniems, nusilpusiems ir l\u016b\u017ein\u0117jantiems plaukams, linkusiems slinkti. Argininas ir ajerai padeda maitinti plauk\u0173 folikulus, u\u017ekertant keli\u0105 plauk\u0173 slinkimui. Kukur\u016bz\u0173 baltymai aktyvina sveik\u0173 plauk\u0173 augim\u0105, suteikia jiems tvirtumo ir teigiamai veikia j\u0173 stor\u012f. Lin\u0173 s\u0117men\u0173 aliejus apsaugo plaukus nuo pa\u017eeidim\u0173, daro juos \u0161velnius, \u0161ilkinius ir suteikia sveiko \u017evilgesio.<\/p>\n<p>Naudojimas: Tepkite ant dr\u0117gn\u0173 plauk\u0173, suputokite ir i\u0161skalaukite vandeniu. <\/p>\n<p>Atsargumo priemon\u0117s: Tik i\u0161oriniam naudojimui. Patekus \u012f akis, gerai nuplauti vandeniu ir, jei reikia, kreiptis \u012f gydytoj\u0105.<\/p>\n<p>\u012esp\u0117jimas: galimas individualus padid\u0117j\u0119s jautrumas komponentams.<br \/>\nSud\u0117tyje yra vitamino A. Prie\u0161 naudojant atsi\u017evelgti \u012f paros doz\u0119.<\/p>\n<p>Geriausias 24 m\u0117n. nuo pagaminimo datos.<\/p>\n<p>Laikyti nuo +5 iki +25\u00b0C temperat\u016broje, atokiau nuo tiesiogini\u0173 saul\u0117s spinduli\u0173. Laikyti bent 0,5 m atstumu nuo \u0161ildymo prietais\u0173.<\/p>\n","protected":false},"excerpt":{"rendered":"<p>\u2022 Stiprinimas \u2022 Plauk\u0173 tankumas ir stiprumas \u2022 Apsauga nuo pa\u017eeidim\u0173 Profesionalus \u0161velnus \u0161amp\u016bnas, sukurtas patyrusi\u0173 specialist\u0173, kruop\u0161\u010diai i\u0161valo plaukus ir galvos od\u0105. Ypa\u010d tinka ploniems, nusilpusiems ir l\u016b\u017ein\u0117jantiems plaukams, linkusiems slinkti. Argininas ir ajerai padeda maitinti plauk\u0173 folikulus, u\u017ekertant keli\u0105 plauk\u0173 slinkimui. Kukur\u016bz\u0173 baltymai aktyvina sveik\u0173 plauk\u0173 augim\u0105, suteikia jiems tvirtumo ir teigiamai veikia [&#8230;]\n","protected":false},"featured_media":97245,"template":"","meta":[],"product_cat":[1251],"product_tag":[],"class_list":{"0":"post-60284","1":"product","2":"type-product","3":"status-publish","4":"has-post-thumbnail","6":"product_brand-aljans-krasoti_ua-lt","7":"product_cat-sampunai","9":"first","10":"instock","11":"taxable","12":"shipping-taxable","13":"product-type-simple"},"_links":{"self":[{"href":"https:\/\/e.kosmolat.eu\/lt\/wp-json\/wp\/v2\/product\/60284","targetHints":{"allow":["GET"]}}],"collection":[{"href":"https:\/\/e.kosmolat.eu\/lt\/wp-json\/wp\/v2\/product"}],"about":[{"href":"https:\/\/e.kosmolat.eu\/lt\/wp-json\/wp\/v2\/types\/product"}],"wp:featuredmedia":[{"embeddable":true,"href":"https:\/\/e.kosmolat.eu\/lt\/wp-json\/wp\/v2\/media\/97245"}],"wp:attachment":[{"href":"https:\/\/e.kosmolat.eu\/lt\/wp-json\/wp\/v2\/media?parent=60284"}],"wp:term":[{"taxonomy":"product_cat","embeddable":true,"href":"https:\/\/e.kosmolat.eu\/lt\/wp-json\/wp\/v2\/product_cat?post=60284"},{"taxonomy":"product_tag","embeddable":true,"href":"https:\/\/e.kosmolat.eu\/lt\/wp-json\/wp\/v2\/product_tag?post=60284"}],"curies":[{"name":"wp","href":"https:\/\/api.w.org\/{rel}","templated":true}]}}