{"id":60276,"date":"2024-12-17T05:04:13","date_gmt":"2024-12-17T05:04:13","guid":{"rendered":"https:\/\/e.kosmolat.eu\/product\/pro-volume-profesionals-sampuns-apjoms-un-gludums-1-l\/"},"modified":"2026-04-23T11:33:06","modified_gmt":"2026-04-23T11:33:06","slug":"pro-volume-profesionals-sampuns-apjoms-gludums-1-l","status":"publish","type":"product","link":"https:\/\/e.kosmolat.eu\/lt\/produktas\/pro-volume-profesionals-sampuns-apjoms-gludums-1-l\/","title":{"rendered":"PRO VOLUME Profesionalus \u0161amp\u016bnas Apimtis + glotnumas, 1 l"},"content":{"rendered":"<p>\u2022 Prabangi apimtis<br \/>\n\u2022 Nat\u016bralus lygumas<br \/>\n\u2022 Sveikas plauk\u0173 spindesys<\/p>\n<p>Profesionalus \u0161amp\u016bnas, skirtas \u0161velniai i\u0161valyti plonus, blankius plaukus nuo ne\u0161varum\u0173 ir formavimo priemoni\u0173, atkuriant j\u0173 lengvum\u0105, nat\u016bral\u0173 spindes\u012f ir gyvybingum\u0105. Itin lengva formul\u0117 neapsunkina plauk\u0173, o suteikia jiems papildomos apimties ir tankumo. Migdol\u0173 aliejus atkuria dr\u0117gm\u0117s lyg\u012f, nat\u016bral\u0173 plauk\u0173 glotnum\u0105 ir blizges\u012f. Bambukai stiprina plaukus ir atkuria j\u0173 gyvybingum\u0105, pad\u0117da jiems pakilti nuo \u0161akn\u0173. Kvie\u010diai praturtina plaukus b\u016btinomis maistin\u0117mis med\u017eiagomis, kad i\u0161laikyt\u0173 sveik\u0105 i\u0161vaizd\u0105. \u0160amp\u016bnas tinkamas da\u017enam naudojimui.<\/p>\n<p>Naudojimas: Tepkite ant dr\u0117gn\u0173 plauk\u0173, suputokite ir i\u0161skalaukite vandeniu.<\/p>\n<p>Atsargumo priemon\u0117s: Tik i\u0161oriniam naudojimui. Patekus \u012f akis, gerai nuplauti vandeniu ir, jei reikia, kreiptis \u012f gydytoj\u0105.<\/p>\n<p>\u012esp\u0117jimas: galimas individualus padid\u0117j\u0119s jautrumas komponentams.<br \/>\nSud\u0117tyje yra vitamino A. Prie\u0161 naudojant atsi\u017evelgti \u012f paros doz\u0119.<\/p>\n<p>Geriausias 24 m\u0117n. nuo pagaminimo datos.<\/p>\n<p>Laikyti nuo +5 iki +25\u00b0C temperat\u016broje, atokiau nuo tiesiogini\u0173 saul\u0117s spinduli\u0173. Laikyti bent 0,5 m atstumu nuo \u0161ildymo prietais\u0173.<\/p>\n","protected":false},"excerpt":{"rendered":"<p>\u2022 Prabangi apimtis \u2022 Nat\u016bralus lygumas \u2022 Sveikas plauk\u0173 spindesys Profesionalus \u0161amp\u016bnas, skirtas \u0161velniai i\u0161valyti plonus, blankius plaukus nuo ne\u0161varum\u0173 ir formavimo priemoni\u0173, atkuriant j\u0173 lengvum\u0105, nat\u016bral\u0173 spindes\u012f ir gyvybingum\u0105. Itin lengva formul\u0117 neapsunkina plauk\u0173, o suteikia jiems papildomos apimties ir tankumo. Migdol\u0173 aliejus atkuria dr\u0117gm\u0117s lyg\u012f, nat\u016bral\u0173 plauk\u0173 glotnum\u0105 ir blizges\u012f. Bambukai stiprina plaukus [&#8230;]\n","protected":false},"featured_media":106956,"template":"","meta":[],"product_cat":[1251],"product_tag":[],"class_list":{"0":"post-60276","1":"product","2":"type-product","3":"status-publish","4":"has-post-thumbnail","6":"product_brand-aljans-krasoti_ua-lt","7":"product_cat-sampunai","9":"first","10":"instock","11":"taxable","12":"shipping-taxable","13":"product-type-simple"},"_links":{"self":[{"href":"https:\/\/e.kosmolat.eu\/lt\/wp-json\/wp\/v2\/product\/60276","targetHints":{"allow":["GET"]}}],"collection":[{"href":"https:\/\/e.kosmolat.eu\/lt\/wp-json\/wp\/v2\/product"}],"about":[{"href":"https:\/\/e.kosmolat.eu\/lt\/wp-json\/wp\/v2\/types\/product"}],"wp:featuredmedia":[{"embeddable":true,"href":"https:\/\/e.kosmolat.eu\/lt\/wp-json\/wp\/v2\/media\/106956"}],"wp:attachment":[{"href":"https:\/\/e.kosmolat.eu\/lt\/wp-json\/wp\/v2\/media?parent=60276"}],"wp:term":[{"taxonomy":"product_cat","embeddable":true,"href":"https:\/\/e.kosmolat.eu\/lt\/wp-json\/wp\/v2\/product_cat?post=60276"},{"taxonomy":"product_tag","embeddable":true,"href":"https:\/\/e.kosmolat.eu\/lt\/wp-json\/wp\/v2\/product_tag?post=60276"}],"curies":[{"name":"wp","href":"https:\/\/api.w.org\/{rel}","templated":true}]}}