{"id":60268,"date":"2024-12-17T05:03:53","date_gmt":"2024-12-17T05:03:53","guid":{"rendered":"https:\/\/e.kosmolat.eu\/product\/viva-oliva-roku-un-nagu-kr-intens-barosana-un-aizsardz-ar-olivellu-un-smiltserks-ellu-150-ml\/"},"modified":"2026-04-22T10:25:43","modified_gmt":"2026-04-22T10:25:43","slug":"viva-oliva-roku-un-nagu-kr-intens-barosana-un-aizsardz-ar-olivellu-un-smiltserks-ellu-150-ml","status":"publish","type":"product","link":"https:\/\/e.kosmolat.eu\/lt\/produktas\/viva-oliva-roku-un-nagu-kr-intens-barosana-un-aizsardz-ar-olivellu-un-smiltserks-ellu-150-ml\/","title":{"rendered":"VIVA OLIVA Kremas rankoms ir nagams Intensyviai maitinantis ir apsaugantis su alyvuogi\u0173 ir \u0161altalank"},"content":{"rendered":"<p>Rank\u0173 kremas u\u017etikrins, kad j\u016bs\u0173 prisilietimas b\u016bt\u0173 \u0161velnus, o oda \u2013 i\u0161puosel\u0117ta ir gra\u017ei.<\/p>\n<p>Naudojimas: Tepkite krem\u0105 masa\u017euojamaisiais judesiais ant nuvalytos rank\u0173 odos, atkreipdami d\u0117mes\u012f \u012f nag\u0173 plok\u0161teles.<\/p>\n<p>Atsargumo priemon\u0117s: Tik i\u0161oriniam naudojimui. Patekus \u012f akis, gerai nuplauti vandeniu ir, jei reikia, kreiptis \u012f gydytoj\u0105.<\/p>\n<p>\u012esp\u0117jimas: galimas individualus padid\u0117j\u0119s jautrumas komponentams.<br \/>\nSud\u0117tyje yra vitamino A. Prie\u0161 naudojant atsi\u017evelgti \u012f paros doz\u0119.<\/p>\n<p>Geriausias 24 m\u0117n. nuo pagaminimo datos.<br \/>\nLaikyti nuo +5 iki +25\u00b0C temperat\u016broje, atokiau nuo tiesiogini\u0173 saul\u0117s spinduli\u0173. Laikyti bent 0,5 m atstumu nuo \u0161ildymo prietais\u0173.<\/p>\n","protected":false},"excerpt":{"rendered":"<p>Rank\u0173 kremas u\u017etikrins, kad j\u016bs\u0173 prisilietimas b\u016bt\u0173 \u0161velnus, o oda \u2013 i\u0161puosel\u0117ta ir gra\u017ei. Naudojimas: Tepkite krem\u0105 masa\u017euojamaisiais judesiais ant nuvalytos rank\u0173 odos, atkreipdami d\u0117mes\u012f \u012f nag\u0173 plok\u0161teles. Atsargumo priemon\u0117s: Tik i\u0161oriniam naudojimui. Patekus \u012f akis, gerai nuplauti vandeniu ir, jei reikia, kreiptis \u012f gydytoj\u0105. \u012esp\u0117jimas: galimas individualus padid\u0117j\u0119s jautrumas komponentams. Sud\u0117tyje yra vitamino A. [&#8230;]\n","protected":false},"featured_media":100704,"template":"","meta":[],"product_cat":[2181],"product_tag":[],"class_list":{"0":"post-60268","1":"product","2":"type-product","3":"status-publish","4":"has-post-thumbnail","6":"product_brand-aljans-krasoti_ua-lt","7":"product_cat-bez-kategorijas-lt","9":"first","10":"instock","11":"taxable","12":"shipping-taxable","13":"product-type-simple"},"_links":{"self":[{"href":"https:\/\/e.kosmolat.eu\/lt\/wp-json\/wp\/v2\/product\/60268","targetHints":{"allow":["GET"]}}],"collection":[{"href":"https:\/\/e.kosmolat.eu\/lt\/wp-json\/wp\/v2\/product"}],"about":[{"href":"https:\/\/e.kosmolat.eu\/lt\/wp-json\/wp\/v2\/types\/product"}],"wp:featuredmedia":[{"embeddable":true,"href":"https:\/\/e.kosmolat.eu\/lt\/wp-json\/wp\/v2\/media\/100704"}],"wp:attachment":[{"href":"https:\/\/e.kosmolat.eu\/lt\/wp-json\/wp\/v2\/media?parent=60268"}],"wp:term":[{"taxonomy":"product_cat","embeddable":true,"href":"https:\/\/e.kosmolat.eu\/lt\/wp-json\/wp\/v2\/product_cat?post=60268"},{"taxonomy":"product_tag","embeddable":true,"href":"https:\/\/e.kosmolat.eu\/lt\/wp-json\/wp\/v2\/product_tag?post=60268"}],"curies":[{"name":"wp","href":"https:\/\/api.w.org\/{rel}","templated":true}]}}