{"id":60252,"date":"2024-12-17T05:03:10","date_gmt":"2024-12-17T05:03:10","guid":{"rendered":"https:\/\/e.kosmolat.eu\/product\/viva-oliva-atjaunojoss-sampuns-ar-olivellu-un-argana-ellu-400-ml\/"},"modified":"2026-03-17T13:22:40","modified_gmt":"2026-03-17T13:22:40","slug":"viva-oliva-atjaunojoss-sampuns-ar-olivellu-un-argana-ellu-400-ml","status":"publish","type":"product","link":"https:\/\/e.kosmolat.eu\/lt\/produktas\/viva-oliva-atjaunojoss-sampuns-ar-olivellu-un-argana-ellu-400-ml\/","title":{"rendered":"VIVA OLIVA Atkuriamasis \u0161amp\u016bnas su alyvuogi\u0173 ir argano aliejais, 400 ml"},"content":{"rendered":"<p>\u0160amp\u016bnas kruop\u0161\u010diai i\u0161valo plaukus ir galvos od\u0105 nuo ne\u0161varum\u0173. Alyvuogi\u0173 ir argano aliejai maitina ir atkuria pa\u017eeistus plaukus. Suteikite savo plaukams \u0161ilkin\u012f glotnum\u0105 ir visi\u0161k\u0105 prie\u017ei\u016br\u0105 su Viva Oliva \u0161amp\u016bnu.<\/p>\n<p>Naudojimas: Tepkite ant dr\u0117gn\u0173 plauk\u0173, suputokite ir i\u0161skalaukite vandeniu.<\/p>\n<p>Atsargumo priemon\u0117s: Tik i\u0161oriniam naudojimui. Patekus \u012f akis, gerai nuplauti vandeniu ir, jei reikia, kreiptis \u012f gydytoj\u0105.<\/p>\n<p>\u012esp\u0117jimas: galimas individualus padid\u0117j\u0119s jautrumas komponentams. <\/p>\n<p>Geriausias 30 m\u0117n. nuo pagaminimo datos.<\/p>\n<p>Laikyti nuo +5 iki +25\u00b0C temperat\u016broje, atokiau nuo tiesiogini\u0173 saul\u0117s spinduli\u0173. Laikyti bent 0,5 m atstumu nuo \u0161ildymo prietais\u0173.<\/p>\n","protected":false},"excerpt":{"rendered":"<p>\u0160amp\u016bnas kruop\u0161\u010diai i\u0161valo plaukus ir galvos od\u0105 nuo ne\u0161varum\u0173. Alyvuogi\u0173 ir argano aliejai maitina ir atkuria pa\u017eeistus plaukus. Suteikite savo plaukams \u0161ilkin\u012f glotnum\u0105 ir visi\u0161k\u0105 prie\u017ei\u016br\u0105 su Viva Oliva \u0161amp\u016bnu. Naudojimas: Tepkite ant dr\u0117gn\u0173 plauk\u0173, suputokite ir i\u0161skalaukite vandeniu. Atsargumo priemon\u0117s: Tik i\u0161oriniam naudojimui. Patekus \u012f akis, gerai nuplauti vandeniu ir, jei reikia, kreiptis \u012f [&#8230;]\n","protected":false},"featured_media":100552,"template":"","meta":[],"product_cat":[2181],"product_tag":[],"class_list":{"0":"post-60252","1":"product","2":"type-product","3":"status-publish","4":"has-post-thumbnail","6":"product_brand-aljans-krasoti_ua-lt","7":"product_cat-bez-kategorijas-lt","9":"first","10":"instock","11":"taxable","12":"shipping-taxable","13":"product-type-simple"},"_links":{"self":[{"href":"https:\/\/e.kosmolat.eu\/lt\/wp-json\/wp\/v2\/product\/60252","targetHints":{"allow":["GET"]}}],"collection":[{"href":"https:\/\/e.kosmolat.eu\/lt\/wp-json\/wp\/v2\/product"}],"about":[{"href":"https:\/\/e.kosmolat.eu\/lt\/wp-json\/wp\/v2\/types\/product"}],"wp:featuredmedia":[{"embeddable":true,"href":"https:\/\/e.kosmolat.eu\/lt\/wp-json\/wp\/v2\/media\/100552"}],"wp:attachment":[{"href":"https:\/\/e.kosmolat.eu\/lt\/wp-json\/wp\/v2\/media?parent=60252"}],"wp:term":[{"taxonomy":"product_cat","embeddable":true,"href":"https:\/\/e.kosmolat.eu\/lt\/wp-json\/wp\/v2\/product_cat?post=60252"},{"taxonomy":"product_tag","embeddable":true,"href":"https:\/\/e.kosmolat.eu\/lt\/wp-json\/wp\/v2\/product_tag?post=60252"}],"curies":[{"name":"wp","href":"https:\/\/api.w.org\/{rel}","templated":true}]}}