{"id":60244,"date":"2024-12-17T05:02:51","date_gmt":"2024-12-17T05:02:51","guid":{"rendered":"https:\/\/e.kosmolat.eu\/product\/viva-oliva-mezo-peptides-hyaluron-nakts-krems-maska-75-ml\/"},"modified":"2026-01-02T09:48:50","modified_gmt":"2026-01-02T09:48:50","slug":"viva-oliva-mezo-peptides-hyaluron-nakts-krems-maska-75-ml","status":"publish","type":"product","link":"https:\/\/e.kosmolat.eu\/lt\/produktas\/viva-oliva-mezo-peptides-hyaluron-nakts-krems-maska-75-ml\/","title":{"rendered":"VIVA OLIVA Mezo Peptides + Hyaluron naktinis kremas + kauk\u0117, 75 ml"},"content":{"rendered":"<p>Maitinamoji kremin\u0117 kauk\u0117 i\u0161 Viva Oliva serijos \u2013 tikras radinys J\u016bs\u0173 veido odai. Naktinis kremas-kauk\u0117 skirta intensyviai mitybai, odos apsaugai nuo i\u0161saus\u0117jimo ir rauk\u0161li\u0173 koregavimui. Hialurono r\u016bg\u0161tis yra galinga dr\u0117gm\u0119 i\u0161laikanti med\u017eiaga, kuri prisotina od\u0105 dr\u0117gme ir sulaiko j\u0105 ant pavir\u0161iaus. Giliai veikiantys sen\u0117jim\u0105 stabdantys peptidai kovoja su su am\u017eiumi susijusiais odos poky\u010diais ir padeda i\u0161lyginti rauk\u0161les. Alyvuogi\u0173 aliejus ir makadamij\u0173 aliejus aktyviai maitina od\u0105. Kremas pagerina veido spalv\u0105 ir gr\u0105\u017eina odai gaivi\u0105 i\u0161vaizd\u0105. Tinka visiems odos tipams.<\/p>\n<p>Naudojimas: Vakare lengvais masa\u017eo judesiais tepkite krem\u0105 ant \u0161varios veido ir kaklo odos ir leiskite \u012fsigerti. Venkite aki\u0173 srities. Kaip kauk\u0117: Nor\u0117dami naudoti kaip naktin\u0119 kremin\u0119 kauk\u0119, vakare veid\u0105 u\u017etepkite storu produkto sluoksniu, vengdami srities aplink akis ir l\u016bpas; Pertiekli\u0173 nuvalykite servet\u0117le. Naudodami produkt\u0105 laikykite kartonin\u0117je d\u0117\u017eut\u0117je.<\/p>\n<p>Atsargumo priemon\u0117s: Tik i\u0161oriniam naudojimui. Patekus \u012f akis, gerai nuplauti vandeniu ir, jei reikia, kreiptis \u012f gydytoj\u0105.<\/p>\n<p>\u012esp\u0117jimas: galimas individualus padid\u0117j\u0119s jautrumas komponentams. <\/p>\n<p>Geriausias 24 m\u0117n. nuo pagaminimo datos.<\/p>\n<p>Laikyti nuo +5 iki +25\u00b0C temperat\u016broje, atokiau nuo tiesiogini\u0173 saul\u0117s spinduli\u0173. Laikyti bent 0,5 m atstumu nuo \u0161ildymo prietais\u0173.<\/p>\n","protected":false},"excerpt":{"rendered":"<p>Maitinamoji kremin\u0117 kauk\u0117 i\u0161 Viva Oliva serijos \u2013 tikras radinys J\u016bs\u0173 veido odai. Naktinis kremas-kauk\u0117 skirta intensyviai mitybai, odos apsaugai nuo i\u0161saus\u0117jimo ir rauk\u0161li\u0173 koregavimui. Hialurono r\u016bg\u0161tis yra galinga dr\u0117gm\u0119 i\u0161laikanti med\u017eiaga, kuri prisotina od\u0105 dr\u0117gme ir sulaiko j\u0105 ant pavir\u0161iaus. Giliai veikiantys sen\u0117jim\u0105 stabdantys peptidai kovoja su su am\u017eiumi susijusiais odos poky\u010diais ir padeda [&#8230;]\n","protected":false},"featured_media":99393,"template":"","meta":[],"product_cat":[2181],"product_tag":[],"class_list":{"0":"post-60244","1":"product","2":"type-product","3":"status-publish","4":"has-post-thumbnail","6":"product_brand-aljans-krasoti_ua-lt","7":"product_cat-bez-kategorijas-lt","9":"first","10":"outofstock","11":"taxable","12":"shipping-taxable","13":"product-type-simple"},"_links":{"self":[{"href":"https:\/\/e.kosmolat.eu\/lt\/wp-json\/wp\/v2\/product\/60244","targetHints":{"allow":["GET"]}}],"collection":[{"href":"https:\/\/e.kosmolat.eu\/lt\/wp-json\/wp\/v2\/product"}],"about":[{"href":"https:\/\/e.kosmolat.eu\/lt\/wp-json\/wp\/v2\/types\/product"}],"wp:featuredmedia":[{"embeddable":true,"href":"https:\/\/e.kosmolat.eu\/lt\/wp-json\/wp\/v2\/media\/99393"}],"wp:attachment":[{"href":"https:\/\/e.kosmolat.eu\/lt\/wp-json\/wp\/v2\/media?parent=60244"}],"wp:term":[{"taxonomy":"product_cat","embeddable":true,"href":"https:\/\/e.kosmolat.eu\/lt\/wp-json\/wp\/v2\/product_cat?post=60244"},{"taxonomy":"product_tag","embeddable":true,"href":"https:\/\/e.kosmolat.eu\/lt\/wp-json\/wp\/v2\/product_tag?post=60244"}],"curies":[{"name":"wp","href":"https:\/\/api.w.org\/{rel}","templated":true}]}}