{"id":60234,"date":"2024-12-15T05:02:56","date_gmt":"2024-12-15T05:02:56","guid":{"rendered":"https:\/\/e.kosmolat.eu\/product\/%d0%bc%d1%83eu%d1%82c-%d0%bas%d0%b5%d0%bc-%d1%83%d0%b2eae%d0%bd%d1%8fz%d1%89c%d0%b9-spf-15-75-%d0%bce-%d1%82%d0%bc-%d0%b2%d0%ba%d1%83%d1%81%d0%bdu%d0%b5-%d1%81%d0%b5%d0%bas%d0%b5%d1%82u\/"},"modified":"2026-02-12T10:22:18","modified_gmt":"2026-02-12T10:22:18","slug":"viva-oliva-probiotic-hyaluron-mitrin-multi-krems-sejai-spf15-75-ml","status":"publish","type":"product","link":"https:\/\/e.kosmolat.eu\/lt\/produktas\/viva-oliva-probiotic-hyaluron-mitrin-multi-krems-sejai-spf15-75-ml\/","title":{"rendered":"VIVA OLIVA Probiotic + Hyaluron Dr\u0117kinamasis Multi veido kremas SPF 15, 75 ml"},"content":{"rendered":"<p>Daugiafunkcis Viva Oliva kremas yra idealus sprendimas kelyje \u012f nepriekai\u0161ting\u0105 od\u0105. Jis turi daugialyp\u012f poveik\u012f, turi ne\u012ftik\u0117tinai maloni\u0105 tekst\u016br\u0105, kuri greitai \u012fsigeria ir garantuoja ilgalaik\u012f dr\u0117kinim\u0105 net ir sausiausiai odai. Kremas tinka vis\u0173 tip\u0173 odai.<\/p>\n<p>Daugiafunkcis efektas 5 viename:<br \/>\n\u2022 Hialurono r\u016bg\u0161tis yra galingas dr\u0117kiklis, pripildantis od\u0105 gydomosios dr\u0117gm\u0117s;<br \/>\n\u2022 Prebiotikas Biolin P apsaugo nuo odos paraudimo ir stiprina jos apsaugines savybes;<br \/>\n\u2022 SPF-15 apsaugo nuo \u017ealingo UV spinduli\u0173 poveikio;<br \/>\n\u2022 Alyvuogi\u0173 aliejus maitina ir mink\u0161tina od\u0105;<br \/>\n\u2022 Bij\u016bnas suteikia odai aksominio \u0161velnumo ir \u0161velnumo.<br \/>\nNaudojimas: lengvais masa\u017eo judesiais tepkite krem\u0105 ant \u0161varios veido ir kaklo odos ir leiskite \u012fsigerti. Venkite aki\u0173 srities. Naudodami produkt\u0105 laikykite kartonin\u0117je d\u0117\u017eut\u0117je.<\/p>\n<p>Atsargumo priemon\u0117s: Tik i\u0161oriniam naudojimui. Patekus \u012f akis, gerai nuplauti vandeniu ir, jei reikia, kreiptis \u012f gydytoj\u0105.<\/p>\n<p>\u012esp\u0117jimas: galimas individualus padid\u0117j\u0119s jautrumas komponentams. <\/p>\n<p>Geriausias 24 m\u0117n. nuo pagaminimo datos.<br \/>\nLaikyti nuo +5 iki +25\u00b0C temperat\u016broje, atokiau nuo tiesiogini\u0173 saul\u0117s spinduli\u0173. Laikyti bent 0,5 m atstumu nuo \u0161ildymo prietais\u0173.<\/p>\n","protected":false},"excerpt":{"rendered":"<p>Daugiafunkcis Viva Oliva kremas yra idealus sprendimas kelyje \u012f nepriekai\u0161ting\u0105 od\u0105. Jis turi daugialyp\u012f poveik\u012f, turi ne\u012ftik\u0117tinai maloni\u0105 tekst\u016br\u0105, kuri greitai \u012fsigeria ir garantuoja ilgalaik\u012f dr\u0117kinim\u0105 net ir sausiausiai odai. Kremas tinka vis\u0173 tip\u0173 odai. Daugiafunkcis efektas 5 viename: \u2022 Hialurono r\u016bg\u0161tis yra galingas dr\u0117kiklis, pripildantis od\u0105 gydomosios dr\u0117gm\u0117s; \u2022 Prebiotikas Biolin P apsaugo nuo [&#8230;]\n","protected":false},"featured_media":99397,"template":"","meta":[],"product_cat":[2181],"product_tag":[],"class_list":{"0":"post-60234","1":"product","2":"type-product","3":"status-publish","4":"has-post-thumbnail","6":"product_brand-aljans-krasoti_ua-lt","7":"product_cat-bez-kategorijas-lt","9":"first","10":"outofstock","11":"taxable","12":"shipping-taxable","13":"product-type-simple"},"_links":{"self":[{"href":"https:\/\/e.kosmolat.eu\/lt\/wp-json\/wp\/v2\/product\/60234","targetHints":{"allow":["GET"]}}],"collection":[{"href":"https:\/\/e.kosmolat.eu\/lt\/wp-json\/wp\/v2\/product"}],"about":[{"href":"https:\/\/e.kosmolat.eu\/lt\/wp-json\/wp\/v2\/types\/product"}],"wp:featuredmedia":[{"embeddable":true,"href":"https:\/\/e.kosmolat.eu\/lt\/wp-json\/wp\/v2\/media\/99397"}],"wp:attachment":[{"href":"https:\/\/e.kosmolat.eu\/lt\/wp-json\/wp\/v2\/media?parent=60234"}],"wp:term":[{"taxonomy":"product_cat","embeddable":true,"href":"https:\/\/e.kosmolat.eu\/lt\/wp-json\/wp\/v2\/product_cat?post=60234"},{"taxonomy":"product_tag","embeddable":true,"href":"https:\/\/e.kosmolat.eu\/lt\/wp-json\/wp\/v2\/product_tag?post=60234"}],"curies":[{"name":"wp","href":"https:\/\/api.w.org\/{rel}","templated":true}]}}