{"id":60226,"date":"2024-12-15T05:02:24","date_gmt":"2024-12-15T05:02:24","guid":{"rendered":"https:\/\/e.kosmolat.eu\/product\/a%d0%bd%d0%b5%d0%b2%d0%bd%d0%be%d0%b9-%d0%bas%d0%b5%d0%bc-mezo-peptideshyaluron-%d1%83eu%d1%82sa-%d1%83%d0%b2eae%d0%bd%d0%b5%d0%bdc%d0%b5-spf-15-75-%d0%bce-%d1%82%d0%bc-%d0%b2%d0%ba%d1%83%d1%81\/"},"modified":"2026-01-02T09:49:06","modified_gmt":"2026-01-02T09:49:06","slug":"viva-oliva-mezo-peptides-hyaluron-ultra-mitrin-dienas-sejas-krems-spf-15-75-ml","status":"publish","type":"product","link":"https:\/\/e.kosmolat.eu\/lt\/produktas\/viva-oliva-mezo-peptides-hyaluron-ultra-mitrin-dienas-sejas-krems-spf-15-75-ml\/","title":{"rendered":"VIVA OLIVA Mezo Peptides + Hyaluron Ultra dr\u0117kinamasis dieninis veido kremas SPF 15, 75 ml"},"content":{"rendered":"<p>Dr\u0117kinamasis kremas Viva Oliva \u2013 tikras atradimas j\u016bs\u0173 odai. Dieninis kremas SPF-15 skirtas akimirksniu prisotinti od\u0105 dr\u0117gme ir kovoti su su am\u017eiumi susijusiais poky\u010diais. Tinka visiems odos tipams. Hialurono r\u016bg\u0161tis yra galingas dr\u0117kinamasis komponentas, pripildantis od\u0105 dr\u0117gm\u0117s. *Peptid\u0173 kompleksas kovoja su su am\u017eiumi susijusiais odos poky\u010diais. Formul\u0117 su SPF-15 apsaugo od\u0105 nuo \u017ealing\u0173 UV spinduli\u0173. . Kremas gr\u0105\u017eina odai sveik\u0105 spindes\u012f ir aksomin\u0119 tekst\u016br\u0105.<\/p>\n<p>Naudojimas: lengvais masa\u017eo judesiais tepkite krem\u0105 ant \u0161varios veido ir kaklo odos ir leiskite \u012fsigerti. Venkite aki\u0173 srities. Naudodami produkt\u0105 laikykite kartonin\u0117je d\u0117\u017eut\u0117je.<\/p>\n<p>Atsargumo priemon\u0117s: Tik i\u0161oriniam naudojimui. Patekus \u012f akis, gerai nuplauti vandeniu ir, jei reikia, kreiptis \u012f gydytoj\u0105.<\/p>\n<p>\u012esp\u0117jimas: galimas individualus padid\u0117j\u0119s jautrumas komponentams. <\/p>\n<p>Geriausias 24 m\u0117n. nuo pagaminimo datos.<\/p>\n<p>Laikyti nuo +5 iki +25\u00b0C temperat\u016broje, atokiau nuo tiesiogini\u0173 saul\u0117s spinduli\u0173. Laikyti bent 0,5 m atstumu nuo \u0161ildymo prietais\u0173.<\/p>\n","protected":false},"excerpt":{"rendered":"<p>Dr\u0117kinamasis kremas Viva Oliva \u2013 tikras atradimas j\u016bs\u0173 odai. Dieninis kremas SPF-15 skirtas akimirksniu prisotinti od\u0105 dr\u0117gme ir kovoti su su am\u017eiumi susijusiais poky\u010diais. Tinka visiems odos tipams. Hialurono r\u016bg\u0161tis yra galingas dr\u0117kinamasis komponentas, pripildantis od\u0105 dr\u0117gm\u0117s. *Peptid\u0173 kompleksas kovoja su su am\u017eiumi susijusiais odos poky\u010diais. Formul\u0117 su SPF-15 apsaugo od\u0105 nuo \u017ealing\u0173 UV spinduli\u0173. [&#8230;]\n","protected":false},"featured_media":98796,"template":"","meta":[],"product_cat":[2181],"product_tag":[],"class_list":{"0":"post-60226","1":"product","2":"type-product","3":"status-publish","4":"has-post-thumbnail","6":"product_brand-aljans-krasoti_ua-lt","7":"product_cat-bez-kategorijas-lt","9":"first","10":"outofstock","11":"taxable","12":"shipping-taxable","13":"product-type-simple"},"_links":{"self":[{"href":"https:\/\/e.kosmolat.eu\/lt\/wp-json\/wp\/v2\/product\/60226","targetHints":{"allow":["GET"]}}],"collection":[{"href":"https:\/\/e.kosmolat.eu\/lt\/wp-json\/wp\/v2\/product"}],"about":[{"href":"https:\/\/e.kosmolat.eu\/lt\/wp-json\/wp\/v2\/types\/product"}],"wp:featuredmedia":[{"embeddable":true,"href":"https:\/\/e.kosmolat.eu\/lt\/wp-json\/wp\/v2\/media\/98796"}],"wp:attachment":[{"href":"https:\/\/e.kosmolat.eu\/lt\/wp-json\/wp\/v2\/media?parent=60226"}],"wp:term":[{"taxonomy":"product_cat","embeddable":true,"href":"https:\/\/e.kosmolat.eu\/lt\/wp-json\/wp\/v2\/product_cat?post=60226"},{"taxonomy":"product_tag","embeddable":true,"href":"https:\/\/e.kosmolat.eu\/lt\/wp-json\/wp\/v2\/product_tag?post=60226"}],"curies":[{"name":"wp","href":"https:\/\/api.w.org\/{rel}","templated":true}]}}