{"id":60216,"date":"2024-12-13T05:31:11","date_gmt":"2024-12-13T05:31:11","guid":{"rendered":"https:\/\/e.kosmolat.eu\/product\/%d1%83%d0%b2eae%d0%bd%d1%8fz%d1%89c%d0%b9-ncae%d1%83s%d0%be%d0%bd%d0%be%d0%b2u%d0%b9-n%d0%b5eu-ae%d1%8f-%d1%83%d0%bcu%d0%b2a%d0%bdc%d1%8f-150-%d0%bce-%d1%82%d0%bc-%d0%b2%d0%ba%d1%83%d1%81%d0%bdu\/"},"modified":"2026-04-21T08:32:06","modified_gmt":"2026-04-21T08:32:06","slug":"viva-oliva-mitrin-hialuronsk-zeleja-sejas-mazgas-saus-adai-150-ml","status":"publish","type":"product","link":"https:\/\/e.kosmolat.eu\/lt\/produktas\/viva-oliva-mitrin-hialuronsk-zeleja-sejas-mazgas-saus-adai-150-ml\/","title":{"rendered":"VIVA OLIVA dr\u0117kinamasis hialuroninis prausiklis sausai odai, 150 ml"},"content":{"rendered":"<p>Gelis prausimuisi lengvai pa\u0161alina ne\u0161varumus ir makia\u017e\u0105, o hialurono r\u016bg\u0161ties d\u0117ka pripildo epiderm\u012f gyvybi\u0161kai svarbios dr\u0117gm\u0117s ir gaivumo. Ekologi\u0161ki alavijai palaiko nat\u016bral\u0173 dr\u0117gm\u0117s balans\u0105 ir ramina od\u0105, o alyvuogi\u0173 aliejus padeda sumink\u0161tinti od\u0105. D\u0117l to po valymo oda tampa \u0161vari, lygi ir maloni liesti.<\/p>\n<p>Naudojimas: suputokite nedidel\u012f kiek\u012f gelio delnuose, u\u017etepkite ant veido, nuskalaukite.<\/p>\n<p>Atsargumo priemon\u0117s: Tik i\u0161oriniam naudojimui. Patekus \u012f akis, gerai nuplauti vandeniu ir, jei reikia, kreiptis \u012f gydytoj\u0105.<\/p>\n<p>\u012esp\u0117jimas: galimas individualus padid\u0117j\u0119s jautrumas komponentams. <\/p>\n<p>Geriausias 30 m\u0117n. nuo pagaminimo datos.<\/p>\n<p>Laikyti nuo +5 iki +25\u00b0C temperat\u016broje, atokiau nuo tiesiogini\u0173 saul\u0117s spinduli\u0173. Laikyti bent 0,5 m atstumu nuo \u0161ildymo prietais\u0173.<\/p>\n","protected":false},"excerpt":{"rendered":"<p>Gelis prausimuisi lengvai pa\u0161alina ne\u0161varumus ir makia\u017e\u0105, o hialurono r\u016bg\u0161ties d\u0117ka pripildo epiderm\u012f gyvybi\u0161kai svarbios dr\u0117gm\u0117s ir gaivumo. Ekologi\u0161ki alavijai palaiko nat\u016bral\u0173 dr\u0117gm\u0117s balans\u0105 ir ramina od\u0105, o alyvuogi\u0173 aliejus padeda sumink\u0161tinti od\u0105. D\u0117l to po valymo oda tampa \u0161vari, lygi ir maloni liesti. Naudojimas: suputokite nedidel\u012f kiek\u012f gelio delnuose, u\u017etepkite ant veido, nuskalaukite. Atsargumo [&#8230;]\n","protected":false},"featured_media":102845,"template":"","meta":[],"product_cat":[1835],"product_tag":[],"class_list":{"0":"post-60216","1":"product","2":"type-product","3":"status-publish","4":"has-post-thumbnail","6":"product_brand-aljans-krasoti_ua-lt","7":"product_cat-prausimosi-putos","9":"first","10":"instock","11":"taxable","12":"shipping-taxable","13":"product-type-simple"},"_links":{"self":[{"href":"https:\/\/e.kosmolat.eu\/lt\/wp-json\/wp\/v2\/product\/60216","targetHints":{"allow":["GET"]}}],"collection":[{"href":"https:\/\/e.kosmolat.eu\/lt\/wp-json\/wp\/v2\/product"}],"about":[{"href":"https:\/\/e.kosmolat.eu\/lt\/wp-json\/wp\/v2\/types\/product"}],"wp:featuredmedia":[{"embeddable":true,"href":"https:\/\/e.kosmolat.eu\/lt\/wp-json\/wp\/v2\/media\/102845"}],"wp:attachment":[{"href":"https:\/\/e.kosmolat.eu\/lt\/wp-json\/wp\/v2\/media?parent=60216"}],"wp:term":[{"taxonomy":"product_cat","embeddable":true,"href":"https:\/\/e.kosmolat.eu\/lt\/wp-json\/wp\/v2\/product_cat?post=60216"},{"taxonomy":"product_tag","embeddable":true,"href":"https:\/\/e.kosmolat.eu\/lt\/wp-json\/wp\/v2\/product_tag?post=60216"}],"curies":[{"name":"wp","href":"https:\/\/api.w.org\/{rel}","templated":true}]}}