{"id":60208,"date":"2024-12-13T05:30:49","date_gmt":"2024-12-13T05:30:49","guid":{"rendered":"https:\/\/e.kosmolat.eu\/product\/%d0%be%d1%87c%d1%89az%d1%89c%d0%b9-%d0%bcco%d0%b5ee%d1%8fs%d0%bdu%d0%b9-n%d0%b5eu-ae%d1%8f-%d1%83%d0%bcu%d0%b2a%d0%bdc%d1%8f-150%d0%bce-%d1%82%d0%bc-%d0%b2%d0%ba%d1%83%d1%81%d0%bdu%d0%b5-%d1%81%d0%b5\/"},"modified":"2026-04-07T07:08:54","modified_gmt":"2026-04-07T07:08:54","slug":"viva-oliva-attirosa-micel-sejas-mazg-zeleja-visiem-adas-tip-150-ml","status":"publish","type":"product","link":"https:\/\/e.kosmolat.eu\/lt\/produktas\/viva-oliva-attirosa-micel-sejas-mazg-zeleja-visiem-adas-tip-150-ml\/","title":{"rendered":"VIVA OLIVA Micelinis prausiklis vis\u0173 tip\u0173 odai, 150 ml"},"content":{"rendered":"<p>Su spindesio ir ton\u0173 derinimo efektu. <\/p>\n<p>Micelinis gelis idealiai tinka tiek rytiniam prausimuisi, tiek vakariniam giliam odos valymui nuo makia\u017eo ir ne\u0161varum\u0173. Vitaminas C padeda atgaivinti, suvienodinti tonus\u0105 ir sugr\u0105\u017einti papilk\u0117jusiai odai nat\u016bral\u0173 spindes\u012f. Alyvuogi\u0173 aliejus padeda sumink\u0161tinti od\u0105, o prebiotikai apsaugo nuo paraudimo ir stiprina apsaugines jos funkcijas. M\u0117gaukit\u0117s visi\u0161kos \u0161varos ir gaivos poj\u016b\u010diu su miceliniu valomuoju geliu i\u0161 Viva Oliva serijos.<\/p>\n<p>Naudojimas: nedidel\u012f kiek\u012f gelio suputokite delnuose, u\u017etepkite ant vandeniu sudr\u0117kintos veido odos, tada nuplaukite vandeniu.<\/p>\n<p>Atsargumo priemon\u0117s: Tik i\u0161oriniam naudojimui. Patekus \u012f akis, gerai nuplauti vandeniu ir, jei reikia, kreiptis \u012f gydytoj\u0105.<\/p>\n<p>\u012esp\u0117jimas: galimas individualus padid\u0117j\u0119s jautrumas komponentams. <\/p>\n<p>Geriausias 30 m\u0117n. nuo pagaminimo datos.<br \/>\nLaikyti nuo +5 iki +25\u00b0C temperat\u016broje, atokiau nuo tiesiogini\u0173 saul\u0117s spinduli\u0173. Laikyti bent 0,5 m atstumu nuo \u0161ildymo prietais\u0173.<\/p>\n","protected":false},"excerpt":{"rendered":"<p>Su spindesio ir ton\u0173 derinimo efektu. Micelinis gelis idealiai tinka tiek rytiniam prausimuisi, tiek vakariniam giliam odos valymui nuo makia\u017eo ir ne\u0161varum\u0173. Vitaminas C padeda atgaivinti, suvienodinti tonus\u0105 ir sugr\u0105\u017einti papilk\u0117jusiai odai nat\u016bral\u0173 spindes\u012f. Alyvuogi\u0173 aliejus padeda sumink\u0161tinti od\u0105, o prebiotikai apsaugo nuo paraudimo ir stiprina apsaugines jos funkcijas. M\u0117gaukit\u0117s visi\u0161kos \u0161varos ir gaivos poj\u016b\u010diu [&#8230;]\n","protected":false},"featured_media":99682,"template":"","meta":[],"product_cat":[1577],"product_tag":[],"class_list":{"0":"post-60208","1":"product","2":"type-product","3":"status-publish","4":"has-post-thumbnail","6":"product_brand-aljans-krasoti_ua-lt","7":"product_cat-gelis","9":"first","10":"instock","11":"taxable","12":"shipping-taxable","13":"product-type-simple"},"_links":{"self":[{"href":"https:\/\/e.kosmolat.eu\/lt\/wp-json\/wp\/v2\/product\/60208","targetHints":{"allow":["GET"]}}],"collection":[{"href":"https:\/\/e.kosmolat.eu\/lt\/wp-json\/wp\/v2\/product"}],"about":[{"href":"https:\/\/e.kosmolat.eu\/lt\/wp-json\/wp\/v2\/types\/product"}],"wp:featuredmedia":[{"embeddable":true,"href":"https:\/\/e.kosmolat.eu\/lt\/wp-json\/wp\/v2\/media\/99682"}],"wp:attachment":[{"href":"https:\/\/e.kosmolat.eu\/lt\/wp-json\/wp\/v2\/media?parent=60208"}],"wp:term":[{"taxonomy":"product_cat","embeddable":true,"href":"https:\/\/e.kosmolat.eu\/lt\/wp-json\/wp\/v2\/product_cat?post=60208"},{"taxonomy":"product_tag","embeddable":true,"href":"https:\/\/e.kosmolat.eu\/lt\/wp-json\/wp\/v2\/product_tag?post=60208"}],"curies":[{"name":"wp","href":"https:\/\/api.w.org\/{rel}","templated":true}]}}