{"id":60200,"date":"2024-12-13T05:30:26","date_gmt":"2024-12-13T05:30:26","guid":{"rendered":"https:\/\/e.kosmolat.eu\/product\/%d0%be%d1%87c%d1%89az%d1%89a%d1%8f-ncae%d1%83s%d0%be%d0%bd%d0%be%d0%b2a%d1%8f-%d0%bf%d0%b5%d0%bd%d0%baa-ae%d1%8f-%d1%83%d0%bcu%d0%b2a%d0%bdc%d1%8f-150-%d0%bce-%d1%82%d0%bc-%d0%b2%d0%ba%d1%83%d1%81\/"},"modified":"2026-04-20T11:57:20","modified_gmt":"2026-04-20T11:57:20","slug":"i_viva-oliva-attirosas-hialuronsk-sejas-mazg-putas-sausai-adai-150-ml","status":"publish","type":"product","link":"https:\/\/e.kosmolat.eu\/lt\/produktas\/i_viva-oliva-attirosas-hialuronsk-sejas-mazg-putas-sausai-adai-150-ml\/","title":{"rendered":"I_VIVA OLIVA Hialuronic prausimosi putos sausai odai, 150 ml"},"content":{"rendered":"<p>\u0160velnus put\u0173 prausiklis \u0161velniai nuvalo od\u0105 nuo ne\u0161varum\u0173, pa\u0161alina riebal\u0173 pertekli\u0173 ir makia\u017eo liku\u010dius. Formul\u0117 praturtinta hialurono r\u016bg\u0161timi, alyvuogi\u0173 aliejumi, prebiotikais ir ekologi\u0161ku alaviju.<\/p>\n<p>Naudojimas: lengvais masa\u017euojamaisiais judesiais u\u017etepkite putas ant vandeniu sudr\u0117kintos veido ir kaklo odos, po to nuplaukite vandeniu.<\/p>\n<p>Atsargumo priemon\u0117s: Tik i\u0161oriniam naudojimui. Patekus \u012f akis, gerai nuplauti vandeniu ir, jei reikia, kreiptis \u012f gydytoj\u0105.<\/p>\n<p>\u012esp\u0117jimas: galimas individualus padid\u0117j\u0119s jautrumas komponentams. <\/p>\n<p>Geriausias 30 m\u0117n. nuo pagaminimo datos.<br \/>\nLaikyti nuo +5 iki +25\u00b0C temperat\u016broje, atokiau nuo tiesiogini\u0173 saul\u0117s spinduli\u0173. Laikyti bent 0,5 m atstumu nuo \u0161ildymo prietais\u0173.<\/p>\n","protected":false},"excerpt":{"rendered":"<p>\u0160velnus put\u0173 prausiklis \u0161velniai nuvalo od\u0105 nuo ne\u0161varum\u0173, pa\u0161alina riebal\u0173 pertekli\u0173 ir makia\u017eo liku\u010dius. Formul\u0117 praturtinta hialurono r\u016bg\u0161timi, alyvuogi\u0173 aliejumi, prebiotikais ir ekologi\u0161ku alaviju. Naudojimas: lengvais masa\u017euojamaisiais judesiais u\u017etepkite putas ant vandeniu sudr\u0117kintos veido ir kaklo odos, po to nuplaukite vandeniu. Atsargumo priemon\u0117s: Tik i\u0161oriniam naudojimui. Patekus \u012f akis, gerai nuplauti vandeniu ir, jei reikia, [&#8230;]\n","protected":false},"featured_media":102841,"template":"","meta":[],"product_cat":[1835],"product_tag":[],"class_list":{"0":"post-60200","1":"product","2":"type-product","3":"status-publish","4":"has-post-thumbnail","6":"product_brand-sale-lt","7":"product_cat-prausimosi-putos","9":"first","10":"instock","11":"taxable","12":"shipping-taxable","13":"product-type-simple"},"_links":{"self":[{"href":"https:\/\/e.kosmolat.eu\/lt\/wp-json\/wp\/v2\/product\/60200","targetHints":{"allow":["GET"]}}],"collection":[{"href":"https:\/\/e.kosmolat.eu\/lt\/wp-json\/wp\/v2\/product"}],"about":[{"href":"https:\/\/e.kosmolat.eu\/lt\/wp-json\/wp\/v2\/types\/product"}],"wp:featuredmedia":[{"embeddable":true,"href":"https:\/\/e.kosmolat.eu\/lt\/wp-json\/wp\/v2\/media\/102841"}],"wp:attachment":[{"href":"https:\/\/e.kosmolat.eu\/lt\/wp-json\/wp\/v2\/media?parent=60200"}],"wp:term":[{"taxonomy":"product_cat","embeddable":true,"href":"https:\/\/e.kosmolat.eu\/lt\/wp-json\/wp\/v2\/product_cat?post=60200"},{"taxonomy":"product_tag","embeddable":true,"href":"https:\/\/e.kosmolat.eu\/lt\/wp-json\/wp\/v2\/product_tag?post=60200"}],"curies":[{"name":"wp","href":"https:\/\/api.w.org\/{rel}","templated":true}]}}