{"id":60192,"date":"2024-12-13T05:18:17","date_gmt":"2024-12-13T05:18:17","guid":{"rendered":"https:\/\/e.kosmolat.eu\/product\/iaeu%d0%b7a%d0%bc-ae%d1%8f-%d0%bd%d0%ben-%d0%bfs%d0%be%d1%84cea%d0%ba%d1%82c%d0%baa-%d1%82s%d0%b5%d1%89c%d0%bd-%d1%81%d1%82%d1%83%d0%bf%d0%bd%d0%b5%d0%b9-%d1%81-%d0%beec%d0%b2%d0%ba%d0%be%d0%b2u\/"},"modified":"2026-04-22T10:26:00","modified_gmt":"2026-04-22T10:26:00","slug":"viva-oliva-kaju-balz-pedu-plaisu-profilaks-ar-olivellu-un-smiltserks-ellu-275-ml","status":"publish","type":"product","link":"https:\/\/e.kosmolat.eu\/lt\/produktas\/viva-oliva-kaju-balz-pedu-plaisu-profilaks-ar-olivellu-un-smiltserks-ellu-275-ml\/","title":{"rendered":"VIVA OLIVA P\u0117d\u0173 balzamas skeld\u0117jimo profilaktikai su alyvuogi\u0173 ir \u0161altalanki\u0173 aliejais, 275 ml"},"content":{"rendered":"<p>Balzamas skirtas \u012ftr\u016bkimams linkusiai p\u0117d\u0173 odai. Alyvuogi\u0173 ir \u0161altalanki\u0173 aliejai padeda pamaitinti saus\u0105, \u0161iurk\u0161\u010di\u0105 od\u0105, neleid\u017eia susidaryti \u012ftr\u016bkimams.<\/p>\n<p>Naudojimas: masa\u017einiais judesiais tepkite ant \u0161varios p\u0117d\u0173 odos.<\/p>\n<p>Atsargumo priemon\u0117s: Tik i\u0161oriniam naudojimui. Patekus \u012f akis, gerai nuplauti vandeniu ir, jei reikia, kreiptis \u012f gydytoj\u0105.<\/p>\n<p>\u012esp\u0117jimas: galimas individualus padid\u0117j\u0119s jautrumas komponentams. <\/p>\n<p>Geriausias 24 m\u0117n. nuo pagaminimo datos.<\/p>\n<p>Laikyti nuo +5 iki +25\u00b0C temperat\u016broje, atokiau nuo tiesiogini\u0173 saul\u0117s spinduli\u0173. Laikyti bent 0,5 m atstumu nuo \u0161ildymo prietais\u0173.<\/p>\n","protected":false},"excerpt":{"rendered":"<p>Balzamas skirtas \u012ftr\u016bkimams linkusiai p\u0117d\u0173 odai. Alyvuogi\u0173 ir \u0161altalanki\u0173 aliejai padeda pamaitinti saus\u0105, \u0161iurk\u0161\u010di\u0105 od\u0105, neleid\u017eia susidaryti \u012ftr\u016bkimams. Naudojimas: masa\u017einiais judesiais tepkite ant \u0161varios p\u0117d\u0173 odos. Atsargumo priemon\u0117s: Tik i\u0161oriniam naudojimui. Patekus \u012f akis, gerai nuplauti vandeniu ir, jei reikia, kreiptis \u012f gydytoj\u0105. \u012esp\u0117jimas: galimas individualus padid\u0117j\u0119s jautrumas komponentams. Geriausias 24 m\u0117n. nuo pagaminimo datos. [&#8230;]\n","protected":false},"featured_media":98936,"template":"","meta":[],"product_cat":[2181],"product_tag":[],"class_list":{"0":"post-60192","1":"product","2":"type-product","3":"status-publish","4":"has-post-thumbnail","6":"product_brand-aljans-krasoti_ua-lt","7":"product_cat-bez-kategorijas-lt","9":"first","10":"instock","11":"taxable","12":"shipping-taxable","13":"product-type-simple"},"_links":{"self":[{"href":"https:\/\/e.kosmolat.eu\/lt\/wp-json\/wp\/v2\/product\/60192","targetHints":{"allow":["GET"]}}],"collection":[{"href":"https:\/\/e.kosmolat.eu\/lt\/wp-json\/wp\/v2\/product"}],"about":[{"href":"https:\/\/e.kosmolat.eu\/lt\/wp-json\/wp\/v2\/types\/product"}],"wp:featuredmedia":[{"embeddable":true,"href":"https:\/\/e.kosmolat.eu\/lt\/wp-json\/wp\/v2\/media\/98936"}],"wp:attachment":[{"href":"https:\/\/e.kosmolat.eu\/lt\/wp-json\/wp\/v2\/media?parent=60192"}],"wp:term":[{"taxonomy":"product_cat","embeddable":true,"href":"https:\/\/e.kosmolat.eu\/lt\/wp-json\/wp\/v2\/product_cat?post=60192"},{"taxonomy":"product_tag","embeddable":true,"href":"https:\/\/e.kosmolat.eu\/lt\/wp-json\/wp\/v2\/product_tag?post=60192"}],"curies":[{"name":"wp","href":"https:\/\/api.w.org\/{rel}","templated":true}]}}