{"id":60133,"date":"2024-12-10T05:08:05","date_gmt":"2024-12-10T05:08:05","guid":{"rendered":"https:\/\/e.kosmolat.eu\/product\/ola-hig-ultraplanas-siev-paketes-stipriem-izdal-ar-samtainu-tiklinu-8\/"},"modified":"2025-01-13T08:46:07","modified_gmt":"2025-01-13T08:46:07","slug":"ola-hig-ultraplanas-siev-paketes-stipriem-izdal-ar-samtainu-tiklinu-8","status":"publish","type":"product","link":"https:\/\/e.kosmolat.eu\/lt\/produktas\/ola-hig-ultraplanas-siev-paketes-stipriem-izdal-ar-samtainu-tiklinu-8\/","title":{"rendered":"&#8220;Ola! Ultra&#8221; Higieniniai paketai &#8220;Super&#8221; 8vnt."},"content":{"rendered":"<p>&#8211; Naudojama patobulinta med\u017eiaga: aksominis vir\u0161utinis sluoksnis &#8211; slepia sietel\u012f, padaro \u0161velniu kaip medvilne.<br \/>\n&#8211; Unikalus sietelis sugeria skyst\u012f, suteikia ilgai i\u0161liekant\u012f \u0161varos ir komforto jausm\u0105.<br \/>\n&#8211; Apsauginis kont\u016bras \u2013 tolygiai paskirsto skyst\u012f.<br \/>\n&#8211; Unikali sugerianti med\u017eiaga paver\u010dia skyst\u012f geliu ir apsaugo nuo pratek\u0117jimo.<br \/>\n&#8211; Gofruoti sparneliai &#8211; geriau prisitaiko prie kelnai\u010di\u0173 ir apsaugo juos.<br \/>\n&#8211; Pailgintas \u012fklotas &#8211; padidinta u\u017epakalin\u0117 dalis.<\/p>\n","protected":false},"excerpt":{"rendered":"<p>&#8211; Naudojama patobulinta med\u017eiaga: aksominis vir\u0161utinis sluoksnis &#8211; slepia sietel\u012f, padaro \u0161velniu kaip medvilne. &#8211; Unikalus sietelis sugeria skyst\u012f, suteikia ilgai i\u0161liekant\u012f \u0161varos ir komforto jausm\u0105. &#8211; Apsauginis kont\u016bras \u2013 tolygiai paskirsto skyst\u012f. &#8211; Unikali sugerianti med\u017eiaga paver\u010dia skyst\u012f geliu ir apsaugo nuo pratek\u0117jimo. &#8211; Gofruoti sparneliai &#8211; geriau prisitaiko prie kelnai\u010di\u0173 ir apsaugo juos. [&#8230;]\n","protected":false},"featured_media":60135,"template":"","meta":[],"product_cat":[1815],"product_tag":[],"class_list":{"0":"post-60133","1":"product","2":"type-product","3":"status-publish","4":"has-post-thumbnail","6":"product_brand-malina-akcija-lt","7":"product_cat-higieniniai-iklotai-ir-tamponai","9":"first","10":"outofstock","11":"taxable","12":"shipping-taxable","13":"product-type-simple"},"_links":{"self":[{"href":"https:\/\/e.kosmolat.eu\/lt\/wp-json\/wp\/v2\/product\/60133","targetHints":{"allow":["GET"]}}],"collection":[{"href":"https:\/\/e.kosmolat.eu\/lt\/wp-json\/wp\/v2\/product"}],"about":[{"href":"https:\/\/e.kosmolat.eu\/lt\/wp-json\/wp\/v2\/types\/product"}],"wp:featuredmedia":[{"embeddable":true,"href":"https:\/\/e.kosmolat.eu\/lt\/wp-json\/wp\/v2\/media\/60135"}],"wp:attachment":[{"href":"https:\/\/e.kosmolat.eu\/lt\/wp-json\/wp\/v2\/media?parent=60133"}],"wp:term":[{"taxonomy":"product_cat","embeddable":true,"href":"https:\/\/e.kosmolat.eu\/lt\/wp-json\/wp\/v2\/product_cat?post=60133"},{"taxonomy":"product_tag","embeddable":true,"href":"https:\/\/e.kosmolat.eu\/lt\/wp-json\/wp\/v2\/product_tag?post=60133"}],"curies":[{"name":"wp","href":"https:\/\/api.w.org\/{rel}","templated":true}]}}