{"id":60109,"date":"2024-12-10T05:07:02","date_gmt":"2024-12-10T05:07:02","guid":{"rendered":"https:\/\/e.kosmolat.eu\/product\/naturalist-maska-pleve-melna-ogle-14-ml\/"},"modified":"2025-09-19T18:03:32","modified_gmt":"2025-09-19T18:03:32","slug":"naturalist-maska-pleve-melna-ogle-14-ml","status":"publish","type":"product","link":"https:\/\/e.kosmolat.eu\/lt\/produktas\/naturalist-maska-pleve-melna-ogle-14-ml\/","title":{"rendered":"NATURALIST Veido kauk\u0117 pl\u0117vel\u0117 Juoda anglis, 14 ml"},"content":{"rendered":"<p>Giliai valanti. Vis\u0173 tip\u0173 odai. &nbsp;Kauk\u0117 valo od\u0105 nuo ne\u0161varum\u0173, suteikia odai gaivumo jausm\u0105. Kauk\u0117, valydama poras nuo riebal\u0173 pertekliaus ir dulki\u0173, skatina por\u0173 susiaur\u0117jim\u0105, prisotina od\u0105 deguonimi, pa\u0161alina nuovargio p\u0117dsakus, efektyviai kovoja su akn\u0117s ir spuog\u0173 pasekm\u0117mis, gra\u017eina odai nat\u016bral\u0173 \u017evilges\u012f ir gaivum\u0105. Aktyvuota anglis atidaro poras, kaip magnetas i\u0161traukia i\u0161 por\u0173 toksinus ir ne\u0161varumus, sugeria odos riebalus ir visus ne\u0161varumus. Lotoso ekstraktas jaunina, turi antioksidantin\u012f poveik\u012f, suteikia elastingum\u0105, ma\u017eina riebal\u0173 atsiradim\u0105, aktyvuoja odos kv\u0117pavim\u0105, ma\u017eina odos u\u017edegimus ir &bdquo;juodus ta\u0161kus&ldquo;, lygina odos spalv\u0105, oda tampa gra\u017ei ir \u0161vari. E\u017eiuol\u0117s ekstraktas ramina, atstato, mink\u0161tina ir dr\u0117kina od\u0105. Naudojimo b\u016bdas:i\u0161kart po pakelio atidarymo u\u017etepkite kauk\u0117 ant \u0161varios veido odos tolygiai plonu sluoksniu, i\u0161skyrus od\u0105 aplink akis ir l\u016bpas. Ne\u012ftrinkite. Palikite 15-20 min, \u012fsitikinkite, kad kauk\u0117 pad\u017ei\u016bvo, ir atsargiai nuimkite i\u0161 apa\u010dios \u012f vir\u0161\u0173. I\u0161plaukite veid\u0105 su vandeniu. Atsargumo priemon\u0117s:i\u0161oriniam naudojimui. Patekus \u012f akis praplaukite vandeniu. Laikyti vaikams nepasiekiamoje vietoje. Laikyti v\u0117sioje, tamsioje vietoje. &nbsp; &nbsp; &nbsp;&nbsp;<\/p>\n","protected":false},"excerpt":{"rendered":"<p>Giliai valanti. Vis\u0173 tip\u0173 odai. &nbsp;Kauk\u0117 valo od\u0105 nuo ne\u0161varum\u0173, suteikia odai gaivumo jausm\u0105. Kauk\u0117, valydama poras nuo riebal\u0173 pertekliaus ir dulki\u0173, skatina por\u0173 susiaur\u0117jim\u0105, prisotina od\u0105 deguonimi, pa\u0161alina nuovargio p\u0117dsakus, efektyviai kovoja su akn\u0117s ir spuog\u0173 pasekm\u0117mis, gra\u017eina odai nat\u016bral\u0173 \u017evilges\u012f ir gaivum\u0105. Aktyvuota anglis atidaro poras, kaip magnetas i\u0161traukia i\u0161 por\u0173 toksinus ir [&#8230;]\n","protected":false},"featured_media":81402,"template":"","meta":[],"product_cat":[1369],"product_tag":[],"class_list":{"0":"post-60109","1":"product","2":"type-product","3":"status-publish","4":"has-post-thumbnail","6":"product_brand-malina-akcija-lt","7":"product_cat-veido-kaukes","9":"first","10":"outofstock","11":"taxable","12":"shipping-taxable","13":"product-type-simple"},"_links":{"self":[{"href":"https:\/\/e.kosmolat.eu\/lt\/wp-json\/wp\/v2\/product\/60109","targetHints":{"allow":["GET"]}}],"collection":[{"href":"https:\/\/e.kosmolat.eu\/lt\/wp-json\/wp\/v2\/product"}],"about":[{"href":"https:\/\/e.kosmolat.eu\/lt\/wp-json\/wp\/v2\/types\/product"}],"wp:featuredmedia":[{"embeddable":true,"href":"https:\/\/e.kosmolat.eu\/lt\/wp-json\/wp\/v2\/media\/81402"}],"wp:attachment":[{"href":"https:\/\/e.kosmolat.eu\/lt\/wp-json\/wp\/v2\/media?parent=60109"}],"wp:term":[{"taxonomy":"product_cat","embeddable":true,"href":"https:\/\/e.kosmolat.eu\/lt\/wp-json\/wp\/v2\/product_cat?post=60109"},{"taxonomy":"product_tag","embeddable":true,"href":"https:\/\/e.kosmolat.eu\/lt\/wp-json\/wp\/v2\/product_tag?post=60109"}],"curies":[{"name":"wp","href":"https:\/\/api.w.org\/{rel}","templated":true}]}}