{"id":60101,"date":"2024-12-10T05:06:42","date_gmt":"2024-12-10T05:06:42","guid":{"rendered":"https:\/\/e.kosmolat.eu\/product\/lb-smaganu-skalos-lidz-ar-ozola-mizas-baltegles-ekstr-400-ml\/"},"modified":"2025-09-19T16:08:59","modified_gmt":"2025-09-19T16:08:59","slug":"lb-smaganu-skalos-lidz-ar-ozola-mizas-baltegles-ekstr-400-ml","status":"publish","type":"product","link":"https:\/\/e.kosmolat.eu\/lt\/produktas\/lb-smaganu-skalos-lidz-ar-ozola-mizas-baltegles-ekstr-400-ml\/","title":{"rendered":"LESNOJ BALZAM Dant\u0173 skalavimo skystis su \u0105\u017euolo \u017eiev\u0117s ir pu\u0161\u0173 ekstraktu, 400 ml"},"content":{"rendered":"<p>&bull; Spygliuo\u010di\u0173 kompleksas, sustiprintas sak\u0173 ir kadagi\u0173 ekstraktais, ma\u017eina bakterij\u0173 kr\u016bv\u012f mink\u0161tiesiems burnos ertm\u0117s audiniams.<br \/>\n&bull; \u0104\u017euol\u0173 ir pu\u0161\u0173 ekstraktai turi stipr\u0173 hemostazin\u012f poveik\u012f.<br \/>\n&bull; Patentuota \u017eoleli\u0173 nuoviro formul\u0117 palaiko nat\u016brali\u0105 burnos ertm\u0117s mikroflor\u0105.<\/p>\n<p><strong>Naudojimas:<\/strong> u\u017epildykite dangtel\u012f skalavimo priemone. Kruop\u0161\u010diai skalaukite burn\u0105 30 sekund\u017ei\u0173. Skalauti po dant\u0173 pastos naudokite po valgio ir kiekvieno dant\u0173 valymo bent du kartus per dien\u0105.<\/p>\n<p>Sud\u0117tyje yra natrio fluorido. Nenuryti. Fluorid\u0173 mas\u0117s dalis 0,02%. Nenaudoti jaunesniems nei 6 met\u0173 vaikams, nebent specialiai nurod\u0117 odontologas. D\u0117l nat\u016brali\u0173 ingredient\u0173 kiekio gali atsirasti nedideli\u0173 nuos\u0117d\u0173. Tai neturi \u012ftakos gaminio kokybei ir saugai. Nenaudoti maistui. Produkto naudojimas &nbsp;neatleid\u017eia nuo apsilankymo pas odontolog\u0105. Ne vaistas.<br \/>\n&nbsp;<\/p>\n","protected":false},"excerpt":{"rendered":"<p>&bull; Spygliuo\u010di\u0173 kompleksas, sustiprintas sak\u0173 ir kadagi\u0173 ekstraktais, ma\u017eina bakterij\u0173 kr\u016bv\u012f mink\u0161tiesiems burnos ertm\u0117s audiniams. &bull; \u0104\u017euol\u0173 ir pu\u0161\u0173 ekstraktai turi stipr\u0173 hemostazin\u012f poveik\u012f. &bull; Patentuota \u017eoleli\u0173 nuoviro formul\u0117 palaiko nat\u016brali\u0105 burnos ertm\u0117s mikroflor\u0105. Naudojimas: u\u017epildykite dangtel\u012f skalavimo priemone. Kruop\u0161\u010diai skalaukite burn\u0105 30 sekund\u017ei\u0173. Skalauti po dant\u0173 pastos naudokite po valgio ir kiekvieno dant\u0173 valymo [&#8230;]\n","protected":false},"featured_media":79378,"template":"","meta":[],"product_cat":[1313],"product_tag":[],"class_list":{"0":"post-60101","1":"product","2":"type-product","3":"status-publish","4":"has-post-thumbnail","6":"product_brand-unilever-rus-lt","7":"product_cat-burnos-skalavimo-priemones","9":"first","10":"outofstock","11":"taxable","12":"shipping-taxable","13":"product-type-simple"},"_links":{"self":[{"href":"https:\/\/e.kosmolat.eu\/lt\/wp-json\/wp\/v2\/product\/60101","targetHints":{"allow":["GET"]}}],"collection":[{"href":"https:\/\/e.kosmolat.eu\/lt\/wp-json\/wp\/v2\/product"}],"about":[{"href":"https:\/\/e.kosmolat.eu\/lt\/wp-json\/wp\/v2\/types\/product"}],"wp:featuredmedia":[{"embeddable":true,"href":"https:\/\/e.kosmolat.eu\/lt\/wp-json\/wp\/v2\/media\/79378"}],"wp:attachment":[{"href":"https:\/\/e.kosmolat.eu\/lt\/wp-json\/wp\/v2\/media?parent=60101"}],"wp:term":[{"taxonomy":"product_cat","embeddable":true,"href":"https:\/\/e.kosmolat.eu\/lt\/wp-json\/wp\/v2\/product_cat?post=60101"},{"taxonomy":"product_tag","embeddable":true,"href":"https:\/\/e.kosmolat.eu\/lt\/wp-json\/wp\/v2\/product_tag?post=60101"}],"curies":[{"name":"wp","href":"https:\/\/api.w.org\/{rel}","templated":true}]}}