{"id":60093,"date":"2024-12-10T05:06:22","date_gmt":"2024-12-10T05:06:22","guid":{"rendered":"https:\/\/e.kosmolat.eu\/product\/cl-nakts-krems-sejai-no-60-gadu-vec-vigrieze-irbene-45-ml\/"},"modified":"2025-09-19T17:06:21","modified_gmt":"2025-09-19T17:06:21","slug":"cl-nakts-krems-sejai-no-60-gadu-vec-vigrieze-irbene-45-ml","status":"publish","type":"product","link":"https:\/\/e.kosmolat.eu\/lt\/produktas\/cl-nakts-krems-sejai-no-60-gadu-vec-vigrieze-irbene-45-ml\/","title":{"rendered":"\u010cISTAJA LINIJA Naktinis veido kremas nuo 60 met\u0173 vingioryk\u0161t\u0117 ir putinas, 45 ml"},"content":{"rendered":"<p>Naktinis kremas giliai maitina ir gerina odos elastingum\u0105, lygina rauk\u0161les. Aktyvus augalin\u0117s kilm\u0117s kompleksas Bio-kolagenas atkuria odos elastingum\u0105, skatina savo kolageno gamyb\u0105, dr\u0117kina ir padeda i\u0161laikyti dr\u0117gm\u0119 odoje.<br \/>\n97% nat\u016bralios kilm\u0117s komponent\u0173. Laukini\u0173 piev\u0173, Vingioryk\u0161t\u0117s ir putinai &nbsp;giliai mitybai skirti aliejai (tamed\u017ei\u0173, alyvuogi\u0173 ir lin\u0173 aliejai). Daug vitamino C, omega-3 ir antioksidant\u0173.<\/p>\n<p><strong>Naudojimas: <\/strong>Vakare lengvais sukamaisiais judesiais tepkite krem\u0105 ant \u0161varios veido ir kaklo odos. Kremui susig\u0117rus, tepkite dar kart\u0105, jei reikia, kad poveikis b\u016bt\u0173 gilesnis.<\/p>\n","protected":false},"excerpt":{"rendered":"<p>Naktinis kremas giliai maitina ir gerina odos elastingum\u0105, lygina rauk\u0161les. Aktyvus augalin\u0117s kilm\u0117s kompleksas Bio-kolagenas atkuria odos elastingum\u0105, skatina savo kolageno gamyb\u0105, dr\u0117kina ir padeda i\u0161laikyti dr\u0117gm\u0119 odoje. 97% nat\u016bralios kilm\u0117s komponent\u0173. Laukini\u0173 piev\u0173, Vingioryk\u0161t\u0117s ir putinai &nbsp;giliai mitybai skirti aliejai (tamed\u017ei\u0173, alyvuogi\u0173 ir lin\u0173 aliejai). Daug vitamino C, omega-3 ir antioksidant\u0173. Naudojimas: Vakare lengvais [&#8230;]\n","protected":false},"featured_media":80462,"template":"","meta":[],"product_cat":[1322],"product_tag":[],"class_list":{"0":"post-60093","1":"product","2":"type-product","3":"status-publish","4":"has-post-thumbnail","6":"product_brand-unilever-rus-lt","7":"product_cat-veido-kremai","9":"first","10":"outofstock","11":"taxable","12":"shipping-taxable","13":"product-type-simple"},"_links":{"self":[{"href":"https:\/\/e.kosmolat.eu\/lt\/wp-json\/wp\/v2\/product\/60093","targetHints":{"allow":["GET"]}}],"collection":[{"href":"https:\/\/e.kosmolat.eu\/lt\/wp-json\/wp\/v2\/product"}],"about":[{"href":"https:\/\/e.kosmolat.eu\/lt\/wp-json\/wp\/v2\/types\/product"}],"wp:featuredmedia":[{"embeddable":true,"href":"https:\/\/e.kosmolat.eu\/lt\/wp-json\/wp\/v2\/media\/80462"}],"wp:attachment":[{"href":"https:\/\/e.kosmolat.eu\/lt\/wp-json\/wp\/v2\/media?parent=60093"}],"wp:term":[{"taxonomy":"product_cat","embeddable":true,"href":"https:\/\/e.kosmolat.eu\/lt\/wp-json\/wp\/v2\/product_cat?post=60093"},{"taxonomy":"product_tag","embeddable":true,"href":"https:\/\/e.kosmolat.eu\/lt\/wp-json\/wp\/v2\/product_tag?post=60093"}],"curies":[{"name":"wp","href":"https:\/\/api.w.org\/{rel}","templated":true}]}}