{"id":60085,"date":"2024-12-10T05:06:03","date_gmt":"2024-12-10T05:06:03","guid":{"rendered":"https:\/\/e.kosmolat.eu\/product\/%d0%bf%d0%beaas%d0%be%d1%87%d0%bdu%d0%b9-%d0%bdai%d0%bes-my-gold-stars-%d1%82%d0%bc-%d0%b2%d0%ba%d1%83%d1%81%d0%bdu%d0%b5-%d1%81%d0%b5%d0%bas%d0%b5%d1%82u\/"},"modified":"2024-12-20T09:06:56","modified_gmt":"2024-12-20T09:06:56","slug":"eov-my-gold-stars-davanu-kompl-parf-duas-zel-300-ml-parf-kerm-losjons-300-ml","status":"publish","type":"product","link":"https:\/\/e.kosmolat.eu\/lt\/produktas\/eov-my-gold-stars-davanu-kompl-parf-duas-zel-300-ml-parf-kerm-losjons-300-ml\/","title":{"rendered":"ENERGY OF VITAMINS My Gold Stars dovan\u0173 rinkinys (kvepianti du\u0161o \u017eel\u0117, 300 ml + parfumuotas k\u016bno los"},"content":{"rendered":"","protected":false},"excerpt":{"rendered":"","protected":false},"featured_media":60087,"template":"","meta":[],"product_cat":[1855],"product_tag":[],"class_list":{"0":"post-60085","1":"product","2":"type-product","3":"status-publish","4":"has-post-thumbnail","6":"product_brand-aljans-krasoti_ua-lt","7":"product_cat-dovanu-rinkiniai-moterim","9":"first","10":"outofstock","11":"taxable","12":"shipping-taxable","13":"product-type-simple"},"_links":{"self":[{"href":"https:\/\/e.kosmolat.eu\/lt\/wp-json\/wp\/v2\/product\/60085","targetHints":{"allow":["GET"]}}],"collection":[{"href":"https:\/\/e.kosmolat.eu\/lt\/wp-json\/wp\/v2\/product"}],"about":[{"href":"https:\/\/e.kosmolat.eu\/lt\/wp-json\/wp\/v2\/types\/product"}],"wp:featuredmedia":[{"embeddable":true,"href":"https:\/\/e.kosmolat.eu\/lt\/wp-json\/wp\/v2\/media\/60087"}],"wp:attachment":[{"href":"https:\/\/e.kosmolat.eu\/lt\/wp-json\/wp\/v2\/media?parent=60085"}],"wp:term":[{"taxonomy":"product_cat","embeddable":true,"href":"https:\/\/e.kosmolat.eu\/lt\/wp-json\/wp\/v2\/product_cat?post=60085"},{"taxonomy":"product_tag","embeddable":true,"href":"https:\/\/e.kosmolat.eu\/lt\/wp-json\/wp\/v2\/product_tag?post=60085"}],"curies":[{"name":"wp","href":"https:\/\/api.w.org\/{rel}","templated":true}]}}