{"id":60037,"date":"2024-12-10T05:04:03","date_gmt":"2024-12-10T05:04:03","guid":{"rendered":"https:\/\/e.kosmolat.eu\/product\/doris-caviar-auduma-sejas-maska-25-ml\/"},"modified":"2025-08-25T05:33:44","modified_gmt":"2025-08-25T05:33:44","slug":"i_doris-caviar-auduma-sejas-maska-25-ml","status":"publish","type":"product","link":"https:\/\/e.kosmolat.eu\/lt\/produktas\/i_doris-caviar-auduma-sejas-maska-25-ml\/","title":{"rendered":"I_DORIS Caviar lak\u0161tin\u0117 veido kauk\u0117, 25 ml"},"content":{"rendered":"<p>Sud\u0117tyje yra ikr\u0173 ekstrakto (25 mg) ir Glycine Max (i\u0161 soj\u0173 pupeli\u0173) fitoplacentos ekstrakto. Formul\u0117 dr\u0117kina, maitina ir gaivina od\u0105, palikdama j\u0105 \u0161vari\u0105 ir sveikai atrodan\u010di\u0105.<\/p>\n<p>Naudojimas: naudokite ant \u0161varios ir sausos veido odos. Atidarykite pakuot\u0119 ir atsargiai u\u017ed\u0117kite kauk\u0119 ant veido. Palikite kauk\u0119 15-20 minu\u010di\u0173, tada atsargiai nuimkite. Likusi\u0105 kauk\u0119 lengvais judesiais \u012fmasa\u017euokite \u012f od\u0105. Kauk\u0117 skirta vienkartiniam naudojimui.<\/p>\n<p>Atsargumo priemon\u0117s: Jei atsiranda b\u0117rimas, patinimas, nie\u017eulys ar dirginimas, nustokite naudoti kauk\u0119 ir kreipkit\u0117s \u012f dermatolog\u0105. Patekus \u012f akis, kruop\u0161\u010diai nuplaukite vandeniu.<\/p>\n<p>Laikyti vaikams nepasiekiamoje vietoje, apsaugotoje nuo tiesiogini\u0173 saul\u0117s spinduli\u0173 ir \u0161ilumos \u0161altini\u0173, nuo +5 \u00b0C iki +25 \u00b0C temperat\u016broje.<\/p>\n","protected":false},"excerpt":{"rendered":"<p>Sud\u0117tyje yra ikr\u0173 ekstrakto (25 mg) ir Glycine Max (i\u0161 soj\u0173 pupeli\u0173) fitoplacentos ekstrakto. Formul\u0117 dr\u0117kina, maitina ir gaivina od\u0105, palikdama j\u0105 \u0161vari\u0105 ir sveikai atrodan\u010di\u0105. Naudojimas: naudokite ant \u0161varios ir sausos veido odos. Atidarykite pakuot\u0119 ir atsargiai u\u017ed\u0117kite kauk\u0119 ant veido. Palikite kauk\u0119 15-20 minu\u010di\u0173, tada atsargiai nuimkite. Likusi\u0105 kauk\u0119 lengvais judesiais \u012fmasa\u017euokite \u012f [&#8230;]\n","protected":false},"featured_media":60039,"template":"","meta":[],"product_cat":[1369],"product_tag":[],"class_list":{"0":"post-60037","1":"product","2":"type-product","3":"status-publish","4":"has-post-thumbnail","6":"product_brand-replay_kr-lt","7":"product_cat-veido-kaukes","9":"first","10":"outofstock","11":"taxable","12":"shipping-taxable","13":"product-type-simple"},"_links":{"self":[{"href":"https:\/\/e.kosmolat.eu\/lt\/wp-json\/wp\/v2\/product\/60037","targetHints":{"allow":["GET"]}}],"collection":[{"href":"https:\/\/e.kosmolat.eu\/lt\/wp-json\/wp\/v2\/product"}],"about":[{"href":"https:\/\/e.kosmolat.eu\/lt\/wp-json\/wp\/v2\/types\/product"}],"wp:featuredmedia":[{"embeddable":true,"href":"https:\/\/e.kosmolat.eu\/lt\/wp-json\/wp\/v2\/media\/60039"}],"wp:attachment":[{"href":"https:\/\/e.kosmolat.eu\/lt\/wp-json\/wp\/v2\/media?parent=60037"}],"wp:term":[{"taxonomy":"product_cat","embeddable":true,"href":"https:\/\/e.kosmolat.eu\/lt\/wp-json\/wp\/v2\/product_cat?post=60037"},{"taxonomy":"product_tag","embeddable":true,"href":"https:\/\/e.kosmolat.eu\/lt\/wp-json\/wp\/v2\/product_tag?post=60037"}],"curies":[{"name":"wp","href":"https:\/\/api.w.org\/{rel}","templated":true}]}}