{"id":60029,"date":"2024-12-10T05:03:45","date_gmt":"2024-12-10T05:03:45","guid":{"rendered":"https:\/\/e.kosmolat.eu\/product\/baroness-auduma-sejas-maska-ar-koenzimu-q10-21-ml\/"},"modified":"2026-04-22T13:20:35","modified_gmt":"2026-04-22T13:20:35","slug":"baroness-auduma-sejas-maska-ar-koenzimu-q10-21-ml","status":"publish","type":"product","link":"https:\/\/e.kosmolat.eu\/lt\/produktas\/baroness-auduma-sejas-maska-ar-koenzimu-q10-21-ml\/","title":{"rendered":"BARONESS Lak\u0161tin\u0117 kauk\u0117 su kofermentu Q10, 21 g"},"content":{"rendered":"<p>Auk\u0161tos koncentracijos maitinamoje veido kauk\u0117je yra kofermento Q10 ekstrakto, kuris dr\u0117kina, skatina odos l\u0105steli\u0173 atsinaujinim\u0105, stiprina ir tonizuoja. Kauk\u0117 i\u0161laiko od\u0105 jaun\u0105 ir gaivi\u0105, u\u017ekertant keli\u0105 prie\u0161laikiniam sen\u0117jimui.<\/p>\n<p>Naudojimas: naudokite ant \u0161varios ir sausos veido odos. Atidarykite pakuot\u0119 ir atsargiai u\u017ed\u0117kite kauk\u0119 ant veido. Palikite kauk\u0119 15-20 minu\u010di\u0173, tada atsargiai nuimkite. Likusi\u0105 kauk\u0119 lengvais judesiais \u012fmasa\u017euokite \u012f od\u0105. Kauk\u0117 skirta vienkartiniam naudojimui.<\/p>\n<p>Atsargumo priemon\u0117s: Jei atsiranda b\u0117rimas, patinimas, nie\u017eulys ar dirginimas, nustokite naudoti kauk\u0119 ir kreipkit\u0117s \u012f dermatolog\u0105. Nereikia nuplauti. Patekus \u012f akis, kruop\u0161\u010diai nuplaukite vandeniu.<\/p>\n<p>Laikyti vaikams nepasiekiamoje vietoje, apsaugotoje nuo tiesiogini\u0173 saul\u0117s spinduli\u0173 ir \u0161ilumos \u0161altini\u0173, nuo +5 \u00b0C iki +25 \u00b0C temperat\u016broje.<\/p>\n","protected":false},"excerpt":{"rendered":"<p>Auk\u0161tos koncentracijos maitinamoje veido kauk\u0117je yra kofermento Q10 ekstrakto, kuris dr\u0117kina, skatina odos l\u0105steli\u0173 atsinaujinim\u0105, stiprina ir tonizuoja. Kauk\u0117 i\u0161laiko od\u0105 jaun\u0105 ir gaivi\u0105, u\u017ekertant keli\u0105 prie\u0161laikiniam sen\u0117jimui. Naudojimas: naudokite ant \u0161varios ir sausos veido odos. Atidarykite pakuot\u0119 ir atsargiai u\u017ed\u0117kite kauk\u0119 ant veido. Palikite kauk\u0119 15-20 minu\u010di\u0173, tada atsargiai nuimkite. Likusi\u0105 kauk\u0119 lengvais judesiais [&#8230;]\n","protected":false},"featured_media":97884,"template":"","meta":[],"product_cat":[2181],"product_tag":[],"class_list":{"0":"post-60029","1":"product","2":"type-product","3":"status-publish","4":"has-post-thumbnail","6":"product_brand-replay_kr-lt","7":"product_cat-bez-kategorijas-lt","9":"first","10":"instock","11":"taxable","12":"shipping-taxable","13":"product-type-simple"},"_links":{"self":[{"href":"https:\/\/e.kosmolat.eu\/lt\/wp-json\/wp\/v2\/product\/60029","targetHints":{"allow":["GET"]}}],"collection":[{"href":"https:\/\/e.kosmolat.eu\/lt\/wp-json\/wp\/v2\/product"}],"about":[{"href":"https:\/\/e.kosmolat.eu\/lt\/wp-json\/wp\/v2\/types\/product"}],"wp:featuredmedia":[{"embeddable":true,"href":"https:\/\/e.kosmolat.eu\/lt\/wp-json\/wp\/v2\/media\/97884"}],"wp:attachment":[{"href":"https:\/\/e.kosmolat.eu\/lt\/wp-json\/wp\/v2\/media?parent=60029"}],"wp:term":[{"taxonomy":"product_cat","embeddable":true,"href":"https:\/\/e.kosmolat.eu\/lt\/wp-json\/wp\/v2\/product_cat?post=60029"},{"taxonomy":"product_tag","embeddable":true,"href":"https:\/\/e.kosmolat.eu\/lt\/wp-json\/wp\/v2\/product_tag?post=60029"}],"curies":[{"name":"wp","href":"https:\/\/api.w.org\/{rel}","templated":true}]}}