{"id":60013,"date":"2024-12-10T05:02:24","date_gmt":"2024-12-10T05:02:24","guid":{"rendered":"https:\/\/e.kosmolat.eu\/product\/soell-rs-attirosa-zeleja-recovery-start-150-ml\/"},"modified":"2025-09-19T22:44:41","modified_gmt":"2025-09-19T22:44:41","slug":"soell-rs-attirosa-zeleja-recovery-start-150-ml","status":"publish","type":"product","link":"https:\/\/e.kosmolat.eu\/lt\/produktas\/soell-rs-attirosa-zeleja-recovery-start-150-ml\/","title":{"rendered":"SOELL RS Valantis gelis RECOVERY START, 150 ml"},"content":{"rendered":"<p>Priemon\u0117 skirta kasdieniam \u0161velniam odos valymui, mink\u0161tinimui ir paruo\u0161imui naudoti veikli\u0105sias med\u017eiagas ir kosmetik\u0105.<br \/>\nU\u017epildo odos l\u0105steles dr\u0117gme, kolagenu ir elastinu, vitaminais ir mineralais, apsaugoti od\u0105 nuo neigiamo poveikio ir skaitmeninio sen\u0117jimo patalpose.<\/p>\n<p><strong>Naudojimas: <\/strong>suputokite nedidel\u012f kiek\u012f gelio. Tepkite ant dr\u0117gno veido lengvais sukamaisiais judesiais, vengdami aki\u0173 kont\u016bro. Nuplaukite vandeniu. Kasdieniniam naudojimui ryte ir vakare.<\/p>\n<p><strong>Atsargumo priemon\u0117s:<\/strong> i\u0161oriniam naudojimui. Nenaudoti, jei oda pa\u017eeista ar sudirgusi. Saugoti nuo vaik\u0173. Nenaudoti pagal paskirt\u012f pasibaigus tinkamumo laikui ir esant individualiam komponent\u0173 netoleravimui.<br \/>\nLaikyti vaikams nepasiekiamoje vietoje nuo +5 &deg;\u0421 iki + 25 &deg;\u0421 temperat\u016broje, apsaugotoje nuo tiesiogini\u0173 saul\u0117s spinduli\u0173.<br \/>\n&nbsp;<\/p>\n","protected":false},"excerpt":{"rendered":"<p>Priemon\u0117 skirta kasdieniam \u0161velniam odos valymui, mink\u0161tinimui ir paruo\u0161imui naudoti veikli\u0105sias med\u017eiagas ir kosmetik\u0105. U\u017epildo odos l\u0105steles dr\u0117gme, kolagenu ir elastinu, vitaminais ir mineralais, apsaugoti od\u0105 nuo neigiamo poveikio ir skaitmeninio sen\u0117jimo patalpose. Naudojimas: suputokite nedidel\u012f kiek\u012f gelio. Tepkite ant dr\u0117gno veido lengvais sukamaisiais judesiais, vengdami aki\u0173 kont\u016bro. Nuplaukite vandeniu. Kasdieniniam naudojimui ryte ir vakare. [&#8230;]\n","protected":false},"featured_media":86418,"template":"","meta":[],"product_cat":[1577],"product_tag":[],"class_list":{"0":"post-60013","1":"product","2":"type-product","3":"status-publish","4":"has-post-thumbnail","6":"product_brand-malina-akcija-lt","7":"product_cat-gelis","9":"first","10":"outofstock","11":"taxable","12":"shipping-taxable","13":"product-type-simple"},"_links":{"self":[{"href":"https:\/\/e.kosmolat.eu\/lt\/wp-json\/wp\/v2\/product\/60013","targetHints":{"allow":["GET"]}}],"collection":[{"href":"https:\/\/e.kosmolat.eu\/lt\/wp-json\/wp\/v2\/product"}],"about":[{"href":"https:\/\/e.kosmolat.eu\/lt\/wp-json\/wp\/v2\/types\/product"}],"wp:featuredmedia":[{"embeddable":true,"href":"https:\/\/e.kosmolat.eu\/lt\/wp-json\/wp\/v2\/media\/86418"}],"wp:attachment":[{"href":"https:\/\/e.kosmolat.eu\/lt\/wp-json\/wp\/v2\/media?parent=60013"}],"wp:term":[{"taxonomy":"product_cat","embeddable":true,"href":"https:\/\/e.kosmolat.eu\/lt\/wp-json\/wp\/v2\/product_cat?post=60013"},{"taxonomy":"product_tag","embeddable":true,"href":"https:\/\/e.kosmolat.eu\/lt\/wp-json\/wp\/v2\/product_tag?post=60013"}],"curies":[{"name":"wp","href":"https:\/\/api.w.org\/{rel}","templated":true}]}}