{"id":59999,"date":"2024-12-06T05:03:02","date_gmt":"2024-12-06T05:03:02","guid":{"rendered":"https:\/\/e.kosmolat.eu\/product\/srk-zeleja-kajam-venoton-70-ml\/"},"modified":"2025-09-19T15:19:33","modified_gmt":"2025-09-19T15:19:33","slug":"srk-zeleja-kajam-venoton-70-ml","status":"publish","type":"product","link":"https:\/\/e.kosmolat.eu\/lt\/produktas\/srk-zeleja-kajam-venoton-70-ml\/","title":{"rendered":"STO RECEPTOV KRASOTI Koj\u0173 g\u0117lis Venoton, 70 ml"},"content":{"rendered":"<p>100% nat\u016bralus pagrindas. Specialiai parinkti komponentai turi aktyv\u0173 poveik\u012f, kad b\u016bt\u0173 pasiektas efektyviausias rezultatas. &Scaron;alto virimo technologija leid\u017eia i\u0161saugoti visas aktyvi\u0173j\u0173 gelio komponent\u0173 savybes.<\/p>\n<ul>\n<li>Paprastasis ka\u0161tonas stiprina kraujagysli\u0173 sieneles, gerina med\u017eiag\u0173 apykaitos procesus odos l\u0105stel\u0117se, tonizuoja ir ma\u017eina patinim\u0105. Jis ma\u017eina nuovargio, sunkumo ir \u012ftampos jausm\u0105.<\/li>\n<li>Pipirm\u0117\u010di\u0173 aliejus turi ger\u0105 ir tonizuojant\u012f bei regeneruojant\u012f poveik\u012f, padeda v\u0117sinti ir suteikia lengvumo poj\u016bt\u012f kojoms po u\u017etepimo.<\/li>\n<li>Ginkgo biloba ekstraktas ramina ir tonizuoja od\u0105, gerina l\u0105steli\u0173 mityb\u0105 ir ma\u017eina paburkim\u0105.<\/li>\n<\/ul>\n<p><strong>Naudojimas: <\/strong>tepkite gel\u012f ant p\u0117d\u0173 ir blauzdos (nuo apa\u010dios \u012f vir\u0161\u0173) masa\u017euojamaisiais judesiais, kol visi\u0161kai \u012fsigers.<\/p>\n","protected":false},"excerpt":{"rendered":"<p>100% nat\u016bralus pagrindas. Specialiai parinkti komponentai turi aktyv\u0173 poveik\u012f, kad b\u016bt\u0173 pasiektas efektyviausias rezultatas. &Scaron;alto virimo technologija leid\u017eia i\u0161saugoti visas aktyvi\u0173j\u0173 gelio komponent\u0173 savybes. Paprastasis ka\u0161tonas stiprina kraujagysli\u0173 sieneles, gerina med\u017eiag\u0173 apykaitos procesus odos l\u0105stel\u0117se, tonizuoja ir ma\u017eina patinim\u0105. Jis ma\u017eina nuovargio, sunkumo ir \u012ftampos jausm\u0105. Pipirm\u0117\u010di\u0173 aliejus turi ger\u0105 ir tonizuojant\u012f bei regeneruojant\u012f poveik\u012f, [&#8230;]\n","protected":false},"featured_media":78634,"template":"","meta":[],"product_cat":[1763],"product_tag":[],"class_list":{"0":"post-59999","1":"product","2":"type-product","3":"status-publish","4":"has-post-thumbnail","6":"product_brand-unilever-rus-lt","7":"product_cat-koju-prieziuros-kosmetika","9":"first","10":"outofstock","11":"taxable","12":"shipping-taxable","13":"product-type-simple"},"_links":{"self":[{"href":"https:\/\/e.kosmolat.eu\/lt\/wp-json\/wp\/v2\/product\/59999","targetHints":{"allow":["GET"]}}],"collection":[{"href":"https:\/\/e.kosmolat.eu\/lt\/wp-json\/wp\/v2\/product"}],"about":[{"href":"https:\/\/e.kosmolat.eu\/lt\/wp-json\/wp\/v2\/types\/product"}],"wp:featuredmedia":[{"embeddable":true,"href":"https:\/\/e.kosmolat.eu\/lt\/wp-json\/wp\/v2\/media\/78634"}],"wp:attachment":[{"href":"https:\/\/e.kosmolat.eu\/lt\/wp-json\/wp\/v2\/media?parent=59999"}],"wp:term":[{"taxonomy":"product_cat","embeddable":true,"href":"https:\/\/e.kosmolat.eu\/lt\/wp-json\/wp\/v2\/product_cat?post=59999"},{"taxonomy":"product_tag","embeddable":true,"href":"https:\/\/e.kosmolat.eu\/lt\/wp-json\/wp\/v2\/product_tag?post=59999"}],"curies":[{"name":"wp","href":"https:\/\/api.w.org\/{rel}","templated":true}]}}