{"id":59991,"date":"2024-12-06T05:02:33","date_gmt":"2024-12-06T05:02:33","guid":{"rendered":"https:\/\/e.kosmolat.eu\/product\/cl-zeleja-svaigums-pret-kaju-nogurumu-75-ml\/"},"modified":"2025-06-12T08:46:36","modified_gmt":"2025-06-12T08:46:36","slug":"cl-zeleja-svaigums-pret-kaju-nogurumu-75-ml","status":"publish","type":"product","link":"https:\/\/e.kosmolat.eu\/lt\/produktas\/cl-zeleja-svaigums-pret-kaju-nogurumu-75-ml\/","title":{"rendered":"\u010cISTAJA LINIJA Gelis-gaivumas kojoms Nuima nuovarg\u012f, 75 ml"},"content":{"rendered":"<p>M\u0117tos + plaut\u0117. Lengvumas 24 val. V\u0117sina ir tonizuoja. Intensyviai dr\u0117kina. Gaivinan\u010dios FITOarbatos pagrindas.<\/p>\n<ul>\n<li>M\u0117tos &#8211; intensyviai v\u0117sina.<\/li>\n<li>Plaud\u0117 &#8211; stiprina kapiliarus, nuima nuovarg\u012f.<\/li>\n<li>Gyslotis &#8211; ma\u017eina patinimus, prisotina vitaminais koj\u0173 od\u0105.<\/li>\n<li>Ramun\u0117l\u0117s &#8211; dr\u0117kina ir mink\u0161tina.<\/li>\n<li>Arklio ka\u0161tonas &#8211; skatina kraujo apytak\u0105 ir tonizuoja.<\/li>\n<\/ul>\n<p><strong>Naudojimo b\u016bdas:<\/strong> masa\u017euojamais judesiai u\u017etepkite gelio ant \u0161varios ir sausos koj\u0173 odos, kol \u012fsigers.  Po atidarymo naudoti 6 m\u0117n.<\/p>\n","protected":false},"excerpt":{"rendered":"<p>M\u0117tos + plaut\u0117. Lengvumas 24 val. V\u0117sina ir tonizuoja. Intensyviai dr\u0117kina. Gaivinan\u010dios FITOarbatos pagrindas. M\u0117tos &#8211; intensyviai v\u0117sina. Plaud\u0117 &#8211; stiprina kapiliarus, nuima nuovarg\u012f. Gyslotis &#8211; ma\u017eina patinimus, prisotina vitaminais koj\u0173 od\u0105. Ramun\u0117l\u0117s &#8211; dr\u0117kina ir mink\u0161tina. Arklio ka\u0161tonas &#8211; skatina kraujo apytak\u0105 ir tonizuoja. Naudojimo b\u016bdas: masa\u017euojamais judesiai u\u017etepkite gelio ant \u0161varios ir sausos [&#8230;]\n","protected":false},"featured_media":59993,"template":"","meta":[],"product_cat":[1763],"product_tag":[],"class_list":{"0":"post-59991","1":"product","2":"type-product","3":"status-publish","4":"has-post-thumbnail","6":"product_brand-unilever-rus-lt","7":"product_cat-koju-prieziuros-kosmetika","9":"first","10":"outofstock","11":"taxable","12":"shipping-taxable","13":"product-type-simple"},"_links":{"self":[{"href":"https:\/\/e.kosmolat.eu\/lt\/wp-json\/wp\/v2\/product\/59991","targetHints":{"allow":["GET"]}}],"collection":[{"href":"https:\/\/e.kosmolat.eu\/lt\/wp-json\/wp\/v2\/product"}],"about":[{"href":"https:\/\/e.kosmolat.eu\/lt\/wp-json\/wp\/v2\/types\/product"}],"wp:featuredmedia":[{"embeddable":true,"href":"https:\/\/e.kosmolat.eu\/lt\/wp-json\/wp\/v2\/media\/59993"}],"wp:attachment":[{"href":"https:\/\/e.kosmolat.eu\/lt\/wp-json\/wp\/v2\/media?parent=59991"}],"wp:term":[{"taxonomy":"product_cat","embeddable":true,"href":"https:\/\/e.kosmolat.eu\/lt\/wp-json\/wp\/v2\/product_cat?post=59991"},{"taxonomy":"product_tag","embeddable":true,"href":"https:\/\/e.kosmolat.eu\/lt\/wp-json\/wp\/v2\/product_tag?post=59991"}],"curies":[{"name":"wp","href":"https:\/\/api.w.org\/{rel}","templated":true}]}}