{"id":59971,"date":"2024-12-05T12:21:07","date_gmt":"2024-12-05T12:21:07","guid":{"rendered":"https:\/\/e.kosmolat.eu\/product\/lux-sg-liq-moonhylau-bot-480ml\/"},"modified":"2026-04-22T09:49:10","modified_gmt":"2026-04-22T09:49:10","slug":"lux-botanicals-lielziedu-selenicer-un-hialuronskabe-480-ml","status":"publish","type":"product","link":"https:\/\/e.kosmolat.eu\/lt\/produktas\/lux-botanicals-lielziedu-selenicer-un-hialuronskabe-480-ml\/","title":{"rendered":"LUX Botanicals Du\u0161o gelis Nakteniai ir hialurono r\u016bg\u0161tis, 480 ml"},"content":{"rendered":"<p>Du\u0161o gelis r\u016bpinasi oda ir suteikia atsipalaidavimo poj\u016bt\u012f d\u0117l savo raminan\u010dio aromato.<\/p>\n<p>Sud\u0117tyje yra 100% nat\u016brali\u0173 ekstrakt\u0173. Dermatologi\u0161kai patikrintas.<\/p>\n","protected":false},"excerpt":{"rendered":"<p>Du\u0161o gelis r\u016bpinasi oda ir suteikia atsipalaidavimo poj\u016bt\u012f d\u0117l savo raminan\u010dio aromato. Sud\u0117tyje yra 100% nat\u016brali\u0173 ekstrakt\u0173. Dermatologi\u0161kai patikrintas.<\/p>\n","protected":false},"featured_media":98335,"template":"","meta":[],"product_cat":[2181],"product_tag":[],"class_list":{"0":"post-59971","1":"product","2":"type-product","3":"status-publish","4":"has-post-thumbnail","6":"product_brand-unilever-ua-lt","7":"product_cat-bez-kategorijas-lt","9":"first","10":"instock","11":"taxable","12":"shipping-taxable","13":"product-type-simple"},"_links":{"self":[{"href":"https:\/\/e.kosmolat.eu\/lt\/wp-json\/wp\/v2\/product\/59971","targetHints":{"allow":["GET"]}}],"collection":[{"href":"https:\/\/e.kosmolat.eu\/lt\/wp-json\/wp\/v2\/product"}],"about":[{"href":"https:\/\/e.kosmolat.eu\/lt\/wp-json\/wp\/v2\/types\/product"}],"wp:featuredmedia":[{"embeddable":true,"href":"https:\/\/e.kosmolat.eu\/lt\/wp-json\/wp\/v2\/media\/98335"}],"wp:attachment":[{"href":"https:\/\/e.kosmolat.eu\/lt\/wp-json\/wp\/v2\/media?parent=59971"}],"wp:term":[{"taxonomy":"product_cat","embeddable":true,"href":"https:\/\/e.kosmolat.eu\/lt\/wp-json\/wp\/v2\/product_cat?post=59971"},{"taxonomy":"product_tag","embeddable":true,"href":"https:\/\/e.kosmolat.eu\/lt\/wp-json\/wp\/v2\/product_tag?post=59971"}],"curies":[{"name":"wp","href":"https:\/\/api.w.org\/{rel}","templated":true}]}}