{"id":59967,"date":"2024-12-05T11:50:50","date_gmt":"2024-12-05T11:50:50","guid":{"rendered":"https:\/\/e.kosmolat.eu\/product\/lux-sg-liq-ylangylang-bot-480ml\/"},"modified":"2026-04-22T11:25:13","modified_gmt":"2026-04-22T11:25:13","slug":"lux-botanicals-dusas-zel-ilangil-un-cika-480-ml","status":"publish","type":"product","link":"https:\/\/e.kosmolat.eu\/lt\/produktas\/lux-botanicals-dusas-zel-ilangil-un-cika-480-ml\/","title":{"rendered":"LUX Botanicals Du\u0161o gelis Ylang-Ylang ir cika, 480 ml"},"content":{"rendered":"<p>Du\u0161o gelis suteikia energijos ir ry\u0161kaus g\u0117li\u0173 kvapo, tod\u0117l j\u016bs\u0173 oda \u0161vyti.<\/p>\n<p>Sud\u0117tyje yra 100% nat\u016brali\u0173 ekstrakt\u0173. Dermatologi\u0161kai patikrintas.<\/p>\n","protected":false},"excerpt":{"rendered":"<p>Du\u0161o gelis suteikia energijos ir ry\u0161kaus g\u0117li\u0173 kvapo, tod\u0117l j\u016bs\u0173 oda \u0161vyti. Sud\u0117tyje yra 100% nat\u016brali\u0173 ekstrakt\u0173. Dermatologi\u0161kai patikrintas.<\/p>\n","protected":false},"featured_media":98331,"template":"","meta":[],"product_cat":[2181],"product_tag":[],"class_list":{"0":"post-59967","1":"product","2":"type-product","3":"status-publish","4":"has-post-thumbnail","6":"product_brand-unilever-ua-lt","7":"product_cat-bez-kategorijas-lt","9":"first","10":"instock","11":"taxable","12":"shipping-taxable","13":"product-type-simple"},"_links":{"self":[{"href":"https:\/\/e.kosmolat.eu\/lt\/wp-json\/wp\/v2\/product\/59967","targetHints":{"allow":["GET"]}}],"collection":[{"href":"https:\/\/e.kosmolat.eu\/lt\/wp-json\/wp\/v2\/product"}],"about":[{"href":"https:\/\/e.kosmolat.eu\/lt\/wp-json\/wp\/v2\/types\/product"}],"wp:featuredmedia":[{"embeddable":true,"href":"https:\/\/e.kosmolat.eu\/lt\/wp-json\/wp\/v2\/media\/98331"}],"wp:attachment":[{"href":"https:\/\/e.kosmolat.eu\/lt\/wp-json\/wp\/v2\/media?parent=59967"}],"wp:term":[{"taxonomy":"product_cat","embeddable":true,"href":"https:\/\/e.kosmolat.eu\/lt\/wp-json\/wp\/v2\/product_cat?post=59967"},{"taxonomy":"product_tag","embeddable":true,"href":"https:\/\/e.kosmolat.eu\/lt\/wp-json\/wp\/v2\/product_tag?post=59967"}],"curies":[{"name":"wp","href":"https:\/\/api.w.org\/{rel}","templated":true}]}}